{"id":2323,"date":"2021-11-18T08:41:46","date_gmt":"2021-11-18T08:41:46","guid":{"rendered":"https:\/\/kalogiros.gr\/?page_id=2323"},"modified":"2021-11-18T08:41:46","modified_gmt":"2021-11-18T08:41:46","slug":"profil","status":"publish","type":"page","link":"https:\/\/kalogiros.gr\/sq\/profil\/","title":{"rendered":"Profil"},"content":{"rendered":"\r\n\n\t<section class=\"section\" id=\"section_273862732\">\n\t\t<div class=\"section-bg fill\" >\n\t\t\t\t\t\t\t\t\t\n\t\t\t\n\n\t\t<\/div>\n\n\t\t\n\n\t\t<div class=\"section-content relative\">\n\t\t\t\r\n\r\n<div class=\"row row-small row-full-width align-middle\"  id=\"row-645335621\">\r\n\r\n\n\t<div id=\"col-1258836420\" class=\"col medium-6 small-12 large-6\"  >\n\t\t\t\t<div class=\"col-inner\"  >\n\t\t\t\n\t\t\t\r\n\r\n<div class=\"slider-wrapper relative\" id=\"slider-1147654968\" >\n    <div class=\"slider slider-nav-simple slider-nav-large slider-nav-light slider-style-normal slider-show-nav\"\n        data-flickity-options='{\n            \"cellAlign\": \"center\",\n            \"imagesLoaded\": true,\n            \"lazyLoad\": 1,\n            \"freeScroll\": false,\n            \"wrapAround\": true,\n            \"autoPlay\": 3000,\n            \"pauseAutoPlayOnHover\" : false,\n            \"prevNextButtons\": true,\n            \"contain\" : true,\n            \"adaptiveHeight\" : true,\n            \"dragThreshold\" : 10,\n            \"percentPosition\": true,\n            \"pageDots\": false,\n            \"rightToLeft\": false,\n            \"draggable\": true,\n            \"selectedAttraction\": 0.1,\n            \"parallax\" : 0,\n            \"friction\": 0.6        }'\n        >\n        \r\n\r\n\t<div class=\"img has-hover x md-x lg-x y md-y lg-y\" id=\"image_735308435\">\n\t\t\t\t\t\t\t\t<div class=\"img-inner dark\" >\n\t\t\t<img loading=\"lazy\" decoding=\"async\" width=\"700\" height=\"525\" src=\"https:\/\/kalogiros.gr\/wp-content\/uploads\/2021\/06\/1.jpg\" class=\"attachment-large size-large\" alt=\"\" srcset=\"https:\/\/kalogiros.gr\/wp-content\/uploads\/2021\/06\/1.jpg 700w, https:\/\/kalogiros.gr\/wp-content\/uploads\/2021\/06\/1-533x400.jpg 533w\" sizes=\"auto, (max-width: 700px) 100vw, 700px\" \/>\t\t\t\t\t\t\n\t\t\t\t\t<\/div>\n\t\t\t\t\t\t\t\t\n<style>\n#image_735308435 {\n  width: 100%;\n}\n<\/style>\n\t<\/div>\n\t\r\n\r\n\t<div class=\"img has-hover x md-x lg-x y md-y lg-y\" id=\"image_677152684\">\n\t\t\t\t\t\t\t\t<div class=\"img-inner dark\" >\n\t\t\t<img loading=\"lazy\" decoding=\"async\" width=\"700\" height=\"525\" src=\"https:\/\/kalogiros.gr\/wp-content\/uploads\/2021\/06\/2.jpg\" class=\"attachment-large size-large\" alt=\"\" srcset=\"https:\/\/kalogiros.gr\/wp-content\/uploads\/2021\/06\/2.jpg 700w, https:\/\/kalogiros.gr\/wp-content\/uploads\/2021\/06\/2-533x400.jpg 533w\" sizes=\"auto, (max-width: 700px) 100vw, 700px\" \/>\t\t\t\t\t\t\n\t\t\t\t\t<\/div>\n\t\t\t\t\t\t\t\t\n<style>\n#image_677152684 {\n  width: 100%;\n}\n<\/style>\n\t<\/div>\n\t\r\n\r\n\r\n     <\/div>\n\n     <div class=\"loading-spin dark large centered\"><\/div>\n\n\t<\/div>\n\n\r\n\r\n\t\t<\/div>\n\t\t\t\t\t<\/div>\n\n\t\r\n\n\t<div id=\"col-1072569103\" class=\"col medium-6 small-12 large-6\"  >\n\t\t\t\t<div class=\"col-inner\"  >\n\t\t\t\n\t\t\t\r\n\r\n<h1 class=\"uppercase\"><span style=\"font-size: 120%;\">Profil<\/span><\/h1>\r\n<p style = \"text-align: justify;\"> <span style = \"color: # 999999; font-size: 95%;\">Shoq\u00ebria jon\u00eb e ka qendr\u00ebn n\u00eb Prevez\u00eb, aty ku kryq\u00ebzohen gjiri i Ambrakis\u00eb dhe deti Jon, zona me aktivitet t\u00eb theksuar peshkimi. Aktivizimi yn\u00eb me rrjetat e peshkimit profesional filloi n\u00eb vitet 1950, dhe sot duke arritur tashm\u00eb n\u00eb brezin e tret\u00eb, vazhdojm\u00eb t\u00eb specializohemi, duke ofruar mjete t\u00eb standarteve t\u00eb larta p\u00ebr nevojat k\u00ebrkuese bashk\u00ebkohore t\u00eb peshkatar\u00ebve profesional\u00eb. \r\nNj\u00eb nga prioritetet tona kryesore \u00ebsht\u00eb ruajtja e bashk\u00ebpunimit shum\u00ebvje\u00e7ar me klient\u00ebt tan\u00eb. K\u00ebt\u00eb e realizojm\u00eb duke ofruar produkte t\u00eb cil\u00ebsis\u00eb s\u00eb lart\u00eb n\u00eb \u00e7mime t\u00eb arsyeshme, n\u00eb kombinim me nj\u00eb sh\u00ebrbim miq\u00ebsor, t\u00eb p\u00ebrgjegjsh\u00ebm dhe t\u00eb shpejt\u00eb. N\u00eb ambjentet tona magazinuese mbajm\u00eb sasi t\u00eb k\u00ebnaqshme mallrash, n\u00eb m\u00ebnyr\u00eb q\u00eb tu p\u00ebrgjigjemi kurdoher\u00eb nevojave tuaja dhe n\u00eb kombinim me nj\u00eb rrjet t\u00eb shpejt\u00eb shp\u00ebrndarjeje mund tju dor\u00ebzojm\u00eb n\u00eb koh\u00eb mjaft t\u00eb shkurt\u00ebr produktet. \r\n<\/span> <\/p >\r\n\r\n\t\t<\/div>\n\t\t\t\t\n<style>\n#col-1072569103 > .col-inner {\n  padding: 0px 10px 0px 20px;\n}\n<\/style>\n\t<\/div>\n\n\t\r\n\r\n<\/div>\r\n\r\n\t\t<\/div>\n\n\t\t\n<style>\n#section_273862732 {\n  padding-top: 30px;\n  padding-bottom: 30px;\n}\n<\/style>\n\t<\/section>\n\t\r\n\r\n","protected":false},"excerpt":{"rendered":"","protected":false},"author":2,"featured_media":0,"parent":0,"menu_order":0,"comment_status":"closed","ping_status":"closed","template":"","meta":{"_sitemap_exclude":false,"_sitemap_priority":"","_sitemap_frequency":"","footnotes":""},"class_list":["post-2323","page","type-page","status-publish","hentry"],"_links":{"self":[{"href":"https:\/\/kalogiros.gr\/sq\/wp-json\/wp\/v2\/pages\/2323","targetHints":{"allow":["GET"]}}],"collection":[{"href":"https:\/\/kalogiros.gr\/sq\/wp-json\/wp\/v2\/pages"}],"about":[{"href":"https:\/\/kalogiros.gr\/sq\/wp-json\/wp\/v2\/types\/page"}],"author":[{"embeddable":true,"href":"https:\/\/kalogiros.gr\/sq\/wp-json\/wp\/v2\/users\/2"}],"replies":[{"embeddable":true,"href":"https:\/\/kalogiros.gr\/sq\/wp-json\/wp\/v2\/comments?post=2323"}],"version-history":[{"count":0,"href":"https:\/\/kalogiros.gr\/sq\/wp-json\/wp\/v2\/pages\/2323\/revisions"}],"wp:attachment":[{"href":"https:\/\/kalogiros.gr\/sq\/wp-json\/wp\/v2\/media?parent=2323"}],"curies":[{"name":"wp","href":"https:\/\/api.w.org\/{rel}","templated":true}]}}