{"id":2325,"date":"2021-11-18T08:46:43","date_gmt":"2021-11-18T08:46:43","guid":{"rendered":"https:\/\/kalogiros.gr\/?page_id=2325"},"modified":"2021-11-18T12:28:06","modified_gmt":"2021-11-18T12:28:06","slug":"kontaktoni","status":"publish","type":"page","link":"https:\/\/kalogiros.gr\/sq\/kontaktoni\/","title":{"rendered":"Kontaktoni"},"content":{"rendered":"<div class=\"row row-collapse row-full-width\"  id=\"row-1111596\">\n\n\t<div id=\"col-1759538330\" class=\"col small-12 large-12\"  >\n\t\t\t\t<div class=\"col-inner\"  >\n\t\t\t\n\t\t\t\n\n\t<section class=\"section\" id=\"section_24375574\">\n\t\t<div class=\"section-bg fill\" >\n\t\t\t<img loading=\"lazy\" decoding=\"async\" width=\"700\" height=\"525\" src=\"https:\/\/kalogiros.gr\/wp-content\/uploads\/2021\/06\/1.jpg\" class=\"bg\" alt=\"\" srcset=\"https:\/\/kalogiros.gr\/wp-content\/uploads\/2021\/06\/1.jpg 700w, https:\/\/kalogiros.gr\/wp-content\/uploads\/2021\/06\/1-533x400.jpg 533w\" sizes=\"auto, (max-width: 700px) 100vw, 700px\" \/>\t\t\t\t\t\t<div class=\"section-bg-overlay absolute fill\"><\/div>\n\t\t\t\n\n\t\t<\/div>\n\n\t\t\n\n\t\t<div class=\"section-content relative\">\n\t\t\t\n<div class=\"row row-collapse align-center\" style=\"max-width:\" id=\"row-1489752100\">\n\n\t<div id=\"col-1007493260\" class=\"col small-12 large-12\"  >\n\t\t\t\t<div class=\"col-inner text-center dark\"  >\n\t\t\t\n\t\t\t\n<h1><span style=\"font-size: 150%;\">Kontaktoni<\/span><\/h1>\n\t\t<\/div>\n\t\t\t\t\n<style>\n#col-1007493260 > .col-inner {\n  padding: 100px 20px 200px 0px;\n}\n@media (min-width:550px) {\n  #col-1007493260 > .col-inner {\n    padding: 100px 0px 200px 0px;\n  }\n}\n<\/style>\n\t<\/div>\n\n\t\n<\/div>\n\t\t<\/div>\n\n\t\t\n<style>\n#section_24375574 {\n  padding-top: 0px;\n  padding-bottom: 0px;\n  min-height: 0px;\n}\n#section_24375574 .section-bg-overlay {\n  background-color: rgba(0, 0, 0, 0.12);\n}\n#section_24375574 .section-bg img {\n  object-position: 59% 61%;\n}\n@media (min-width:550px) {\n  #section_24375574 {\n    padding-top: 0px;\n    padding-bottom: 0px;\n  }\n  #section_24375574 .section-bg-overlay {\n    background-color: rgba(0, 0, 0, 0.21);\n  }\n}\n@media (min-width:850px) {\n  #section_24375574 {\n    padding-top: 22px;\n    padding-bottom: 22px;\n  }\n  #section_24375574 .section-bg-overlay {\n    background-color: rgba(0, 0, 0, 0.12);\n  }\n}\n<\/style>\n\t<\/section>\n\t\n\t\t<\/div>\n\t\t\t\t\n<style>\n#col-1759538330 > .col-inner {\n  padding: 0px 30px 0px 30px;\n}\n<\/style>\n\t<\/div>\n\n\t\n<\/div>\n<div class=\"row row-large\" style=\"max-width:1400px\" id=\"row-1768370099\">\n\n\t<div id=\"col-1995460804\" class=\"col small-12 large-12\"  >\n\t\t\t\t<div class=\"col-inner\" style=\"background-color:rgb(255, 255, 255);\" >\n\t\t\t\n\t\t\t\n<div class=\"row row-collapse row-full-width\"  id=\"row-1690621203\">\n\n\t<div id=\"col-1529598237\" class=\"col medium-12 small-12 large-6\"  >\n\t\t\t\t<div class=\"col-inner\"  >\n\t\t\t\n\t\t\t\n<h2><span style=\"font-size: 100%;\">Detajet e kontaktit<\/span><\/h2>\n<p>Na telefononi p\u00ebr t&#8217;iu p\u00ebrgjigjur \u00e7do pyetjeje tuaj\u00ebn.<\/p>\n\t<div id=\"gap-944480639\" class=\"gap-element clearfix\" style=\"display:block; height:auto;\">\n\t\t\n<style>\n#gap-944480639 {\n  padding-top: 20px;\n}\n@media (min-width:550px) {\n  #gap-944480639 {\n    padding-top: 20px;\n  }\n}\n@media (min-width:850px) {\n  #gap-944480639 {\n    padding-top: 30px;\n  }\n}\n<\/style>\n\t<\/div>\n\t\n<div class=\"row\"  id=\"row-625513699\">\n\n\t<div id=\"col-844077722\" class=\"col medium-6 small-12 large-6\"  >\n\t\t\t\t<div class=\"col-inner\"  >\n\t\t\t\n\t\t\t\n\t<div class=\"img has-hover x md-x lg-x y md-y lg-y\" id=\"image_1580389898\">\n\t\t\t\t\t\t\t\t<div class=\"img-inner dark\" >\n\t\t\t<img loading=\"lazy\" decoding=\"async\" width=\"240\" height=\"240\" src=\"https:\/\/kalogiros.gr\/wp-content\/uploads\/2021\/07\/map-pin-2-fill-2.jpg\" class=\"attachment-large size-large\" alt=\"\" srcset=\"https:\/\/kalogiros.gr\/wp-content\/uploads\/2021\/07\/map-pin-2-fill-2.jpg 240w, https:\/\/kalogiros.gr\/wp-content\/uploads\/2021\/07\/map-pin-2-fill-2-100x100.jpg 100w\" sizes=\"auto, (max-width: 240px) 100vw, 240px\" \/>\t\t\t\t\t\t\n\t\t\t\t\t<\/div>\n\t\t\t\t\t\t\t\t\n<style>\n#image_1580389898 {\n  width: 15%;\n}\n@media (min-width:550px) {\n  #image_1580389898 {\n    width: 15%;\n  }\n}\n<\/style>\n\t<\/div>\n\t\n<h3 class=\"uppercase\">Adres\u00eb<\/h3>\n<p> INDUSTRI Zon\u00eb Industriale <br \/> TK48100 <br \/> Prevez\u00eb <\/p>\n\t\t<\/div>\n\t\t\t\t\t<\/div>\n\n\t\n\n\t<div id=\"col-394787183\" class=\"col medium-5 small-12 large-6\"  >\n\t\t\t\t<div class=\"col-inner\"  >\n\t\t\t\n\t\t\t\n\t<div class=\"img has-hover x md-x lg-x y md-y lg-y\" id=\"image_572732923\">\n\t\t\t\t\t\t\t\t<div class=\"img-inner dark\" >\n\t\t\t<img loading=\"lazy\" decoding=\"async\" width=\"240\" height=\"240\" src=\"https:\/\/kalogiros.gr\/wp-content\/uploads\/2021\/07\/time-fill.jpg\" class=\"attachment-large size-large\" alt=\"\" srcset=\"https:\/\/kalogiros.gr\/wp-content\/uploads\/2021\/07\/time-fill.jpg 240w, https:\/\/kalogiros.gr\/wp-content\/uploads\/2021\/07\/time-fill-100x100.jpg 100w\" sizes=\"auto, (max-width: 240px) 100vw, 240px\" \/>\t\t\t\t\t\t\n\t\t\t\t\t<\/div>\n\t\t\t\t\t\t\t\t\n<style>\n#image_572732923 {\n  width: 15%;\n}\n@media (min-width:550px) {\n  #image_572732923 {\n    width: 15%;\n  }\n}\n<\/style>\n\t<\/div>\n\t\n<h3 class = \"uppercase\"> or\u00ebt e pun\u00ebs <\/h3>\n<p> E h\u00ebn\u00eb - e premte: 9 e m\u00ebngjesit - 9 e m\u00ebngjesit <br \/> e shtun\u00eb: 9 e m\u00ebngjesit - 5 e m\u00ebngjesit <\/p>\n\t\t<\/div>\n\t\t\t\t\t<\/div>\n\n\t\n<\/div>\n<div class=\"row\"  id=\"row-11851932\">\n\n\t<div id=\"col-2131082653\" class=\"col medium-6 small-12 large-6\"  >\n\t\t\t\t<div class=\"col-inner\"  >\n\t\t\t\n\t\t\t\n\t<div class=\"img has-hover x md-x lg-x y md-y lg-y\" id=\"image_983183960\">\n\t\t\t\t\t\t\t\t<div class=\"img-inner dark\" >\n\t\t\t<img loading=\"lazy\" decoding=\"async\" width=\"240\" height=\"240\" src=\"https:\/\/kalogiros.gr\/wp-content\/uploads\/2021\/07\/mail-open-fill.jpg\" class=\"attachment-large size-large\" alt=\"\" srcset=\"https:\/\/kalogiros.gr\/wp-content\/uploads\/2021\/07\/mail-open-fill.jpg 240w, https:\/\/kalogiros.gr\/wp-content\/uploads\/2021\/07\/mail-open-fill-100x100.jpg 100w\" sizes=\"auto, (max-width: 240px) 100vw, 240px\" \/>\t\t\t\t\t\t\n\t\t\t\t\t<\/div>\n\t\t\t\t\t\t\t\t\n<style>\n#image_983183960 {\n  width: 15%;\n}\n@media (min-width:550px) {\n  #image_983183960 {\n    width: 15%;\n  }\n}\n<\/style>\n\t<\/div>\n\t\n<h3 class=\"uppercase\">E-mail<\/h3>\n<p>welcome@kalogiros.gr<\/p>\n\t\t<\/div>\n\t\t\t\t\t<\/div>\n\n\t\n\n\t<div id=\"col-1270664397\" class=\"col medium-6 small-12 large-6\"  >\n\t\t\t\t<div class=\"col-inner\"  >\n\t\t\t\n\t\t\t\n\t<div class=\"img has-hover x md-x lg-x y md-y lg-y\" id=\"image_1227378389\">\n\t\t\t\t\t\t\t\t<div class=\"img-inner dark\" >\n\t\t\t<img loading=\"lazy\" decoding=\"async\" width=\"240\" height=\"240\" src=\"https:\/\/kalogiros.gr\/wp-content\/uploads\/2021\/07\/phone-fill.jpg\" class=\"attachment-large size-large\" alt=\"\" srcset=\"https:\/\/kalogiros.gr\/wp-content\/uploads\/2021\/07\/phone-fill.jpg 240w, https:\/\/kalogiros.gr\/wp-content\/uploads\/2021\/07\/phone-fill-100x100.jpg 100w\" sizes=\"auto, (max-width: 240px) 100vw, 240px\" \/>\t\t\t\t\t\t\n\t\t\t\t\t<\/div>\n\t\t\t\t\t\t\t\t\n<style>\n#image_1227378389 {\n  width: 15%;\n}\n@media (min-width:550px) {\n  #image_1227378389 {\n    width: 15%;\n  }\n}\n<\/style>\n\t<\/div>\n\t\n<h3 class = \"uppercase\"> Telefoni<\/h3>\n<p> T: 26820 25976 <br \/>\nF: 26820 26028 <\/p>\n\t\t<\/div>\n\t\t\t\t\t<\/div>\n\n\t\n<\/div>\n\t\t<\/div>\n\t\t\t\t\n<style>\n#col-1529598237 > .col-inner {\n  padding: 0px 0px 0px 20px;\n}\n<\/style>\n\t<\/div>\n\n\t\n\n\t<div id=\"col-1879374318\" class=\"col medium-12 small-12 large-6\"  >\n\t\t\t\t<div class=\"col-inner\"  >\n\t\t\t\n\t\t\t\n<h2><span style=\"font-size: 100%;\">Forma e Kontaktit<\/span><\/h2>\n\t<div id=\"gap-863855958\" class=\"gap-element clearfix\" style=\"display:block; height:auto;\">\n\t\t\n<style>\n#gap-863855958 {\n  padding-top: 20px;\n}\n@media (min-width:550px) {\n  #gap-863855958 {\n    padding-top: 20px;\n  }\n}\n@media (min-width:850px) {\n  #gap-863855958 {\n    padding-top: 30px;\n  }\n}\n<\/style>\n\t<\/div>\n\t\n\n<div class=\"wpcf7 no-js\" id=\"wpcf7-f2326-o1\" lang=\"en-US\" dir=\"ltr\" data-wpcf7-id=\"2326\">\n<div class=\"screen-reader-response\"><p role=\"status\" aria-live=\"polite\" aria-atomic=\"true\"><\/p> <ul><\/ul><\/div>\n<form action=\"\/sq\/wp-json\/wp\/v2\/pages\/2325#wpcf7-f2326-o1\" method=\"post\" class=\"wpcf7-form init\" aria-label=\"Contact form\" novalidate=\"novalidate\" data-status=\"init\">\n<fieldset class=\"hidden-fields-container\"><input type=\"hidden\" name=\"_wpcf7\" value=\"2326\" \/><input type=\"hidden\" name=\"_wpcf7_version\" value=\"6.1.5\" \/><input type=\"hidden\" name=\"_wpcf7_locale\" value=\"en_US\" \/><input type=\"hidden\" name=\"_wpcf7_unit_tag\" value=\"wpcf7-f2326-o1\" \/><input type=\"hidden\" name=\"_wpcf7_container_post\" value=\"0\" \/><input type=\"hidden\" name=\"_wpcf7_posted_data_hash\" value=\"\" \/><input type=\"hidden\" name=\"_wpcf7_recaptcha_response\" value=\"\" \/>\n<\/fieldset>\n<div class=\"form-flat\">\n\t<p><span class=\"wpcf7-form-control-wrap\" data-name=\"your-name\"><input size=\"40\" maxlength=\"400\" class=\"wpcf7-form-control wpcf7-text wpcf7-validates-as-required\" aria-required=\"true\" aria-invalid=\"false\" placeholder=\"Emri (i detyruesh\u00ebm)\" value=\"\" type=\"text\" name=\"your-name\" \/><\/span>\n\t<\/p>\n\t<p><span class=\"wpcf7-form-control-wrap\" data-name=\"your-email\"><input size=\"40\" maxlength=\"400\" class=\"wpcf7-form-control wpcf7-email wpcf7-validates-as-required wpcf7-text wpcf7-validates-as-email\" aria-required=\"true\" aria-invalid=\"false\" placeholder=\"Email (i detyruesh\u00ebm)\" value=\"\" type=\"email\" name=\"your-email\" \/><\/span>\n\t<\/p>\n\t<p><span class=\"wpcf7-form-control-wrap\" data-name=\"your-message\"><textarea cols=\"40\" rows=\"10\" maxlength=\"2000\" class=\"wpcf7-form-control wpcf7-textarea\" aria-invalid=\"false\" placeholder=\"Mesazh (i detyruesh\u00ebm)\" name=\"your-message\"><\/textarea><\/span>\n\t<\/p>\n\t<p><input class=\"wpcf7-form-control wpcf7-submit has-spinner button\" type=\"submit\" value=\"Misioni\" \/>\n\t<\/p>\n<\/div><div class=\"wpcf7-response-output\" aria-hidden=\"true\"><\/div>\n<\/form>\n<\/div>\n\n\t\t<\/div>\n\t\t\t\t\t<\/div>\n\n\t\n\n<style>\n#row-1690621203 > .col > .col-inner {\n  padding: 0px 15px 0px 15px;\n}\n<\/style>\n<\/div>\n\t\t<\/div>\n\t\t\t\t\n<style>\n#col-1995460804 > .col-inner {\n  padding: 50px 20px 0px 20px;\n  margin: -0 0px 0px 0px;\n}\n@media (min-width:550px) {\n  #col-1995460804 > .col-inner {\n    padding: 50px 20px 30px 20px;\n    margin: 0 0px 0px 0px;\n  }\n}\n@media (min-width:850px) {\n  #col-1995460804 > .col-inner {\n    padding: 66px 5% 16px 5%;\n    margin: -135px 0px 0px 0px;\n  }\n}\n<\/style>\n\t<\/div>\n\n\t\n<\/div>\n<div class=\"row row-collapse row-full-width align-equal align-center\"  id=\"row-317561455\">\n\n\t<div id=\"col-122040361\" class=\"col medium-9 small-12 large-9\"  >\n\t\t\t\t<div class=\"col-inner text-center\" style=\"background-color:rgb(27, 92, 173);\" >\n\t\t\t\n\t\t\t\n\n\t<script type=\"text\/javascript\">\n  jQuery( document ).ready(function() {\n    function initialize() {\n        var styles = {\n            'flatsome':  [{\n            \"featureType\": \"administrative\",\n            \"stylers\": [\n              { \"visibility\": \"on\" }\n            ]\n          },\n          {\n            \"featureType\": \"road\",\n            \"stylers\": [\n              { \"visibility\": \"on\" },\n              { \"hue\": \"\" }\n            ]\n          },\n          {\n            \"stylers\": [\n\t\t\t  { \"visibility\": \"on\" },\n\t\t\t  { \"hue\": \"\" },\n\t\t\t  { \"saturation\": -98 }\n            ]\n          }\n        ]};\n\n        var myLatlng = new google.maps.LatLng(38.989295149126, 20.715926009734);\n        var myOptions = {\n            zoom: 18,\n            center: myLatlng,\n            mapTypeId: google.maps.MapTypeId.ROADMAP,\n            disableDefaultUI: true,\n            mapTypeId: 'flatsome',\n            draggable: true,\n            zoomControl: true,\n            zoomControlOptions: {\n              position: google.maps.ControlPosition.TOP_LEFT\n            },\n      \t\t\tmapTypeControl: true,\n            mapTypeControlOptions: {\n              position: google.maps.ControlPosition.TOP_LEFT\n            },\n      \t\t\tstreetViewControl: true,\n            streetViewControlOptions: {\n              position: google.maps.ControlPosition.TOP_LEFT\n            },\n            scrollwheel: false,\n            disableDoubleClickZoom: true\n        }\n        var map = new google.maps.Map(document.getElementById(\"map-3807937662-inner\"), myOptions);\n        var styledMapType = new google.maps.StyledMapType(styles['flatsome'], {name: 'flatsome'});\n        map.mapTypes.set('flatsome', styledMapType);\n\n        var marker = new google.maps.Marker({\n            position: myLatlng,\n            map: map,\n            title:\"\"\n        });\n    }\n\n    \/\/ Required to proceed\n    if (!(typeof google === 'object' && typeof google.maps === 'object')) {\n      return\n    }\n\n    initialize()\n    google.maps.event.addDomListener(window, 'resize', initialize);\n    });\n    <\/script>\n\n    <div class=\"google-map relative mb\" id=\"map-3807937662\">\n        <div class=\"map-height\" id=\"map-3807937662-inner\"><\/div>\n        <div id=\"map_overlay_top\"><\/div>\n        <div id=\"map_overlay_bottom\"><\/div>\n                  <div class=\"map_inner map-inner last-reset absolute x100 md-x95 lg-x95 y100 md-y95 lg-y95\">\n              \n<h3> KALOGIROS FISHING NETS <\/h3>\n<p> INDUSTRIA e Zon\u00ebs Industriale. Preveza <\/p>\n<a href=\"https:\/\/www.google.gr\/maps\/place\/%CE%9A%CE%91%CE%9B%CE%9F%CE%93%CE%97%CE%A1%CE%9F%CE%A3+%CE%94%CE%99%CE%A7%CE%A4%CE%A5%CE%91+%CE%91%CE%9B%CE%99%CE%95%CE%99%CE%91%CE%A3,+KALOGIROS+FISHING+NETS\/@38.9892558,20.7160018,21z\/data=!4m5!3m4!1s0x135c38abc897891d:0x78ea89a48f6d8609!8m2!3d38.989291!4d20.715924\" target=\"_blank\" class=\"button primary is-outline expand\" rel=\"noopener\"  >\n\t\t<span>Udh\u00ebzimet K\u00ebtu<\/span>\n\t<i class=\"icon-map-pin-fill\" aria-hidden=\"true\" ><\/i><\/a>\n\n         <\/div>\n       \n       \n<style>\n#map-3807937662 .map-inner {\n  background-color: #fff;\n  max-width: 100%;\n}\n#map-3807937662 .map-height {\n  height: 300px;\n}\n@media (min-width:550px) {\n  #map-3807937662 .map-inner {\n    max-width: 40%;\n  }\n  #map-3807937662 .map-height {\n    height: 450px;\n  }\n}\n@media (min-width:850px) {\n  #map-3807937662 .map-inner {\n    max-width: 38%;\n  }\n}\n<\/style>\n    <\/div>\n\n\t\n\t\t<\/div>\n\t\t\t\t\t<\/div>\n\n\t\n<\/div>\n","protected":false},"excerpt":{"rendered":"","protected":false},"author":2,"featured_media":0,"parent":0,"menu_order":0,"comment_status":"closed","ping_status":"closed","template":"page-blank.php","meta":{"_sitemap_exclude":false,"_sitemap_priority":"","_sitemap_frequency":"","footnotes":""},"class_list":["post-2325","page","type-page","status-publish","hentry"],"_links":{"self":[{"href":"https:\/\/kalogiros.gr\/sq\/wp-json\/wp\/v2\/pages\/2325","targetHints":{"allow":["GET"]}}],"collection":[{"href":"https:\/\/kalogiros.gr\/sq\/wp-json\/wp\/v2\/pages"}],"about":[{"href":"https:\/\/kalogiros.gr\/sq\/wp-json\/wp\/v2\/types\/page"}],"author":[{"embeddable":true,"href":"https:\/\/kalogiros.gr\/sq\/wp-json\/wp\/v2\/users\/2"}],"replies":[{"embeddable":true,"href":"https:\/\/kalogiros.gr\/sq\/wp-json\/wp\/v2\/comments?post=2325"}],"version-history":[{"count":0,"href":"https:\/\/kalogiros.gr\/sq\/wp-json\/wp\/v2\/pages\/2325\/revisions"}],"wp:attachment":[{"href":"https:\/\/kalogiros.gr\/sq\/wp-json\/wp\/v2\/media?parent=2325"}],"curies":[{"name":"wp","href":"https:\/\/api.w.org\/{rel}","templated":true}]}}