{"id":2334,"date":"2021-11-18T08:58:31","date_gmt":"2021-11-18T08:58:31","guid":{"rendered":"https:\/\/kalogiros.gr\/?page_id=2334"},"modified":"2025-03-28T10:48:35","modified_gmt":"2025-03-28T10:48:35","slug":"metodat-e-pageses-dhe-dergeses","status":"publish","type":"page","link":"https:\/\/kalogiros.gr\/sq\/metodat-e-pageses-dhe-dergeses\/","title":{"rendered":"Metodat e pages\u00ebs - Transportit - Kthimit"},"content":{"rendered":"\n\t<section class=\"section\" id=\"section_55144269\">\n\t\t<div class=\"section-bg fill\" >\n\t\t\t\t\t\t\t\t\t\n\t\t\t\n\n\t\t<\/div>\n\n\t\t\n\n\t\t<div class=\"section-content relative\">\n\t\t\t\n<div class=\"row align-center\"  id=\"row-489950571\">\n\n\t<div id=\"col-1208001521\" class=\"col medium-10 small-12 large-8\"  >\n\t\t\t\t<div class=\"col-inner text-center\"  >\n\t\t\t\n\t\t\t\n<h1>Metodat e pages\u00ebs dhe d\u00ebrges\u00ebs<\/h1>\n<p>M\u00ebsoni p\u00ebr m\u00ebnyrat e pages\u00ebs dhe d\u00ebrgimit t\u00eb produkteve tona, si dhe politik\u00ebn e kthimit t\u00eb kompanis\u00eb son\u00eb.<\/p>\n\t\t<\/div>\n\t\t\t\t\n<style>\n#col-1208001521 > .col-inner {\n  margin: 0px 0px -40px 0px;\n}\n<\/style>\n\t<\/div>\n\n\t\n<\/div>\n<div class=\"row align-center\"  id=\"row-250305812\">\n\n\t<div id=\"col-776482117\" class=\"col medium-12 small-12 large-10\"  >\n\t\t\t\t<div class=\"col-inner text-left\"  >\n\t\t\t\n\t\t\t\n<div class=\"is-divider divider clearfix\" style=\"margin-top:3em;margin-bottom:3em;max-width:100%;background-color:rgb(9, 14, 29);\"><\/div>\n<div class=\"row row-collapse align-center\"  id=\"row-1521473404\">\n\n\t<div id=\"col-1933588050\" class=\"col medium-12 small-6 large-4\"  >\n\t\t\t\t<div class=\"col-inner text-center\"  >\n\t\t\t\n\t\t\t\n\n\t\t<div class=\"icon-box featured-box icon-box-left text-left\"  style=\"margin:0px 0px 30px 0px;\">\n\t\t\t\t\t<div class=\"icon-box-img\" style=\"width: 60px\">\n\t\t\t\t<div class=\"icon\">\n\t\t\t\t\t<div class=\"icon-inner\" >\n\t\t\t\t\t\t<img loading=\"lazy\" decoding=\"async\" width=\"256\" height=\"256\" src=\"https:\/\/kalogiros.gr\/wp-content\/uploads\/2021\/07\/shipping-icon-flatelements.png\" class=\"attachment-medium size-medium\" alt=\"\" srcset=\"https:\/\/kalogiros.gr\/wp-content\/uploads\/2021\/07\/shipping-icon-flatelements.png 256w, https:\/\/kalogiros.gr\/wp-content\/uploads\/2021\/07\/shipping-icon-flatelements-100x100.png 100w\" sizes=\"auto, (max-width: 256px) 100vw, 256px\" \/>\t\t\t\t\t<\/div>\n\t\t\t\t<\/div>\n\t\t\t<\/div>\n\t\t\t\t<div class=\"icon-box-text last-reset\">\n\t\t\t\t\t\t\t\t\t\n<h3>D\u00ebrges\u00eb<\/h3>\n\t\t<\/div>\n\t<\/div>\n\t\n\t\n\t\t<\/div>\n\t\t\t\t\t<\/div>\n\n\t\n\n\t<div id=\"col-1468902683\" class=\"col medium-12 small-12 large-8\"  >\n\t\t\t\t<div class=\"col-inner text-left\"  >\n\t\t\t\n\t\t\t\n<p style=\"text-align: justify;\">Porosit\u00eb tona d\u00ebrgohen me korrier.<\/p>\n<h4 style=\"text-align: left;\">Shpenzimet e transportit<\/h4>\n<p style=\"text-align: justify;\">Kostoja e transportit \u00ebsht\u00eb <strong>4 \u20ac<\/strong><\/p>\n\t\t<\/div>\n\t\t\t\t\t<\/div>\n\n\t\n<\/div>\n<div class=\"is-divider divider clearfix\" style=\"margin-top:3em;margin-bottom:3em;max-width:100%;background-color:rgb(9, 14, 29);\"><\/div>\n<div class=\"row row-collapse align-center\"  id=\"row-254475873\">\n\n\t<div id=\"col-71487330\" class=\"col medium-12 small-6 large-4\"  >\n\t\t\t\t<div class=\"col-inner\"  >\n\t\t\t\n\t\t\t\n\n\t\t<div class=\"icon-box featured-box icon-box-left text-left\"  style=\"margin:0px 0px 30px 0px;\">\n\t\t\t\t\t<div class=\"icon-box-img\" style=\"width: 60px\">\n\t\t\t\t<div class=\"icon\">\n\t\t\t\t\t<div class=\"icon-inner\" >\n\t\t\t\t\t\t<img loading=\"lazy\" decoding=\"async\" width=\"256\" height=\"256\" src=\"https:\/\/kalogiros.gr\/wp-content\/uploads\/2021\/07\/payment-icon-flatelements.png\" class=\"attachment-medium size-medium\" alt=\"\" srcset=\"https:\/\/kalogiros.gr\/wp-content\/uploads\/2021\/07\/payment-icon-flatelements.png 256w, https:\/\/kalogiros.gr\/wp-content\/uploads\/2021\/07\/payment-icon-flatelements-100x100.png 100w\" sizes=\"auto, (max-width: 256px) 100vw, 256px\" \/>\t\t\t\t\t<\/div>\n\t\t\t\t<\/div>\n\t\t\t<\/div>\n\t\t\t\t<div class=\"icon-box-text last-reset\">\n\t\t\t\t\t\t\t\t\t\n<h3>Pagesa<\/h3>\n\t\t<\/div>\n\t<\/div>\n\t\n\t\n\t\t<\/div>\n\t\t\t\t\t<\/div>\n\n\t\n\n\t<div id=\"col-609855789\" class=\"col medium-12 small-12 large-8\"  >\n\t\t\t\t<div class=\"col-inner text-left\"  >\n\t\t\t\n\t\t\t\n<h4>1. KARTEL\u00cb KREDITI &amp; DEBIT<\/h4>\n<p>T\u00eb gjitha kartat e kreditit pranohen.<\/p>\n<h4>2. DEPOZITA BANKARE<\/h4>\n<p>P\u00ebrfundoni blerjet tuaja duke depozituar parat\u00eb n\u00eb nj\u00eb nga llogarit\u00eb e m\u00ebposhtme:<\/p>\n<table border=\"0\" frame=\"VOID\" rules=\"NONE\" cellspacing=\"0\">\n<colgroup>\n<col width=\"183\">\n<col width=\"380\"><\/colgroup>\n<tbody>\n<tr>\n<td align=\"LEFT\" width=\"183\" height=\"17\"><strong> <\/strong><\/td>\n<td align=\"LEFT\" width=\"380\"><\/td>\n<\/tr>\n<tr>\n<td align=\"LEFT\" height=\"17\"><strong>I urt\u00eb<\/strong><\/td>\n<td align=\"LEFT\"><strong>IBAN: BE87 9670 3860 9194, BIC: TRWIBEB1XXX<\/strong><\/td>\n<\/tr>\n<tr>\n<td align=\"LEFT\" height=\"17\"><strong>PIREU<\/strong><\/td>\n<td align=\"LEFT\"><strong>IBAN: GR2601724080005408008997923<\/strong><\/td>\n<\/tr>\n<tr>\n<td align=\"LEFT\" height=\"17\"><strong>KOMB\u00cbTARE<\/strong><\/td>\n<td align=\"LEFT\"><strong>IBAN: GR3801104480000044844125169<\/strong><\/td>\n<\/tr>\n<tr>\n<td align=\"LEFT\" height=\"17\"><strong>ALPHA BANK<\/strong><\/td>\n<td align=\"LEFT\"><strong>IBAN: GR2201404200420002002004618<\/strong><\/td>\n<\/tr>\n<tr>\n<td align=\"LEFT\" height=\"17\"><strong>EUROBANK<\/strong><\/td>\n<td align=\"LEFT\"><strong>IBAN: GR2302603460000480200510174<\/strong><\/td>\n<\/tr>\n<\/tbody>\n<\/table>\n<h4>3. KUNDRAPAGES\u00cb<\/h4>\n<p>B\u00ebjini blerjet tuaja me para n\u00eb dor\u00ebzim duke i dh\u00ebn\u00eb shum\u00ebn p\u00ebrkat\u00ebse t\u00eb porosis\u00eb tuaj kompanis\u00eb korriere pas marrjes.<\/p>\n<p>Kostoja me para n\u00eb dor\u00ebzim <strong>2 \u20ac<\/strong><\/p>\n\t\t<\/div>\n\t\t\t\t\t<\/div>\n\n\t\n<\/div>\n<div class=\"is-divider divider clearfix\" style=\"margin-top:3em;margin-bottom:3em;max-width:100%;background-color:rgb(9, 14, 29);\"><\/div>\n<div class=\"row align-center\"  id=\"row-105216637\">\n\n\t<div id=\"col-1405861957\" class=\"col small-12 large-12\"  >\n\t\t\t\t<div class=\"col-inner text-center\" style=\"background-color:rgb(244, 244, 244);\" >\n\t\t\t\n\t\t\t\n<h3>A keni ndonj\u00eb pyetje apo shqet\u00ebsim?<\/h3>\n<p>Na kontaktoni<\/p>\n<a href=\"https:\/\/kalogiros.gr\/sq\/kontaktoni\/\" class=\"button primary\"  >\n\t\t<span>Komunikimi<\/span>\n\t<\/a>\n\n\t\t<\/div>\n\t\t\t\t\t<\/div>\n\n\t\n\n<style>\n#row-105216637 > .col > .col-inner {\n  padding: 40px 20px 40px 20px;\n  background-color: rgb(244, 244, 244);\n}\n@media (min-width:550px) {\n  #row-105216637 > .col > .col-inner {\n    padding: 40px 40px 40px 40px;\n  }\n}\n<\/style>\n<\/div>\n\t\t<\/div>\n\t\t\t\t\t<\/div>\n\n\t\n<\/div>\n\t\t<\/div>\n\n\t\t\n<style>\n#section_55144269 {\n  padding-top: 60px;\n  padding-bottom: 60px;\n}\n<\/style>\n\t<\/section>\n\t\n","protected":false},"excerpt":{"rendered":"","protected":false},"author":2,"featured_media":0,"parent":0,"menu_order":0,"comment_status":"closed","ping_status":"closed","template":"","meta":{"_sitemap_exclude":false,"_sitemap_priority":"","_sitemap_frequency":"","footnotes":""},"class_list":["post-2334","page","type-page","status-publish","hentry"],"_links":{"self":[{"href":"https:\/\/kalogiros.gr\/sq\/wp-json\/wp\/v2\/pages\/2334","targetHints":{"allow":["GET"]}}],"collection":[{"href":"https:\/\/kalogiros.gr\/sq\/wp-json\/wp\/v2\/pages"}],"about":[{"href":"https:\/\/kalogiros.gr\/sq\/wp-json\/wp\/v2\/types\/page"}],"author":[{"embeddable":true,"href":"https:\/\/kalogiros.gr\/sq\/wp-json\/wp\/v2\/users\/2"}],"replies":[{"embeddable":true,"href":"https:\/\/kalogiros.gr\/sq\/wp-json\/wp\/v2\/comments?post=2334"}],"version-history":[{"count":12,"href":"https:\/\/kalogiros.gr\/sq\/wp-json\/wp\/v2\/pages\/2334\/revisions"}],"predecessor-version":[{"id":9772,"href":"https:\/\/kalogiros.gr\/sq\/wp-json\/wp\/v2\/pages\/2334\/revisions\/9772"}],"wp:attachment":[{"href":"https:\/\/kalogiros.gr\/sq\/wp-json\/wp\/v2\/media?parent=2334"}],"curies":[{"name":"wp","href":"https:\/\/api.w.org\/{rel}","templated":true}]}}