{"id":2467,"date":"2021-11-18T12:13:08","date_gmt":"2021-11-18T12:13:08","guid":{"rendered":"https:\/\/kalogiros.gr\/?page_id=2467"},"modified":"2025-03-28T10:48:35","modified_gmt":"2025-03-28T10:48:35","slug":"home","status":"publish","type":"page","link":"https:\/\/kalogiros.gr\/sq\/","title":{"rendered":"Sht\u00ebpi"},"content":{"rendered":"<p>&nbsp;<\/p>\n\n\t<section class=\"section\" id=\"section_1922051690\">\n\t\t<div class=\"section-bg fill\" >\n\t\t\t\t\t\t\t\t\t\n\t\t\t\n\n\t\t<\/div>\n\n\t\t\n\n\t\t<div class=\"section-content relative\">\n\t\t\t\n<div class=\"row row-box-shadow-2 row-box-shadow-4-hover\"  id=\"row-651165873\">\n\n\t<div id=\"col-2087789473\" class=\"col medium-6 small-12 large-6\"  >\n\t\t\t\t<div class=\"col-inner\"  >\n\t\t\t\n\t\t\t\n\n  <div class=\"banner has-hover\" id=\"banner-1048186035\">\n          <div class=\"banner-inner fill\">\n        <div class=\"banner-bg fill\" >\n            <img loading=\"lazy\" decoding=\"async\" width=\"600\" height=\"700\" src=\"https:\/\/kalogiros.gr\/wp-content\/uploads\/2021\/05\/parakteia-allieia.jpg\" class=\"bg\" alt=\"\" srcset=\"https:\/\/kalogiros.gr\/wp-content\/uploads\/2021\/05\/parakteia-allieia.jpg 600w, https:\/\/kalogiros.gr\/wp-content\/uploads\/2021\/05\/parakteia-allieia-343x400.jpg 343w\" sizes=\"auto, (max-width: 600px) 100vw, 600px\" \/>                                    \n                    <\/div>\n\t\t\n        <div class=\"banner-layers container\">\n            <a class=\"fill\" href=\"https:\/\/kalogiros.gr\/sq\/rrjetat-e-gushes\/\" ><div class=\"fill banner-link\"><\/div><\/a>            \n   <div id=\"text-box-2116369581\" class=\"text-box banner-layer x50 md-x50 lg-x50 y90 md-y90 lg-y90 res-text\">\n                                <div class=\"text-box-content text \">\n              \n              <div class=\"text-inner text-center\">\n                  \n<h2>Rrjeta p\u00ebr peshkim n\u00eb bregdet<\/h2>\n              <\/div>\n           <\/div>\n                            \n<style>\n#text-box-2116369581 {\n  width: 98%;\n}\n#text-box-2116369581 .text-box-content {\n  font-size: 100%;\n}\n<\/style>\n    <\/div>\n \n        <\/div>\n      <\/div>\n\n            \n<style>\n#banner-1048186035 {\n  padding-top: 99.99%;\n}\n#banner-1048186035 .banner-bg img {\n  object-position: 54% 56%;\n}\n<\/style>\n  <\/div>\n\n\n\t\t<\/div>\n\t\t\t\t\t<\/div>\n\n\t\n\n\t<div id=\"col-1771826786\" class=\"col medium-6 small-12 large-6\"  >\n\t\t\t\t<div class=\"col-inner\"  >\n\t\t\t\n\t\t\t\n\n  <div class=\"banner has-hover\" id=\"banner-1335488518\">\n          <div class=\"banner-inner fill\">\n        <div class=\"banner-bg fill\" >\n            <img loading=\"lazy\" decoding=\"async\" width=\"800\" height=\"800\" src=\"https:\/\/kalogiros.gr\/wp-content\/uploads\/2021\/04\/grigri-kompo-1.jpg\" class=\"bg\" alt=\"\" srcset=\"https:\/\/kalogiros.gr\/wp-content\/uploads\/2021\/04\/grigri-kompo-1.jpg 800w, https:\/\/kalogiros.gr\/wp-content\/uploads\/2021\/04\/grigri-kompo-1-400x400.jpg 400w, https:\/\/kalogiros.gr\/wp-content\/uploads\/2021\/04\/grigri-kompo-1-280x280.jpg 280w, https:\/\/kalogiros.gr\/wp-content\/uploads\/2021\/04\/grigri-kompo-1-768x768.jpg 768w, https:\/\/kalogiros.gr\/wp-content\/uploads\/2021\/04\/grigri-kompo-1-100x100.jpg 100w\" sizes=\"auto, (max-width: 800px) 100vw, 800px\" \/>                                    \n                    <\/div>\n\t\t\n        <div class=\"banner-layers container\">\n            <a class=\"fill\" href=\"https:\/\/kalogiros.gr\/sq\/%cf%84rate\/\" ><div class=\"fill banner-link\"><\/div><\/a>            \n   <div id=\"text-box-538732011\" class=\"text-box banner-layer x50 md-x50 lg-x50 y90 md-y90 lg-y90 res-text\">\n                                <div class=\"text-box-content text \">\n              \n              <div class=\"text-inner text-center\">\n                  \n<h2>Rrjetat e \u00e7ant\u00ebs s\u00eb far\u00ebs<\/h2>\n              <\/div>\n           <\/div>\n                            \n<style>\n#text-box-538732011 {\n  width: 75%;\n}\n#text-box-538732011 .text-box-content {\n  font-size: 100%;\n}\n<\/style>\n    <\/div>\n \n        <\/div>\n      <\/div>\n\n            \n<style>\n#banner-1335488518 {\n  padding-top: 99.99%;\n}\n#banner-1335488518 .banner-bg img {\n  object-position: 54% 56%;\n}\n<\/style>\n  <\/div>\n\n\n\t\t<\/div>\n\t\t\t\t\t<\/div>\n\n\t\n<\/div>\n\t<div id=\"gap-814660105\" class=\"gap-element clearfix\" style=\"display:block; height:auto;\">\n\t\t\n<style>\n#gap-814660105 {\n  padding-top: 30px;\n}\n<\/style>\n\t<\/div>\n\t\n<div class=\"row\"  id=\"row-1401627130\">\n\n\t<div id=\"col-1367791692\" class=\"col medium-6 small-12 large-6\"  >\n\t\t\t\t<div class=\"col-inner\"  >\n\t\t\t\n\t\t\t\n\n  <div class=\"banner has-hover\" id=\"banner-1722496631\">\n          <div class=\"banner-inner fill\">\n        <div class=\"banner-bg fill\" >\n            <img loading=\"lazy\" decoding=\"async\" width=\"828\" height=\"800\" src=\"https:\/\/kalogiros.gr\/wp-content\/uploads\/2023\/01\/selida-trata-828x800.png\" class=\"bg\" alt=\"\" srcset=\"https:\/\/kalogiros.gr\/wp-content\/uploads\/2023\/01\/selida-trata-828x800.png 828w, https:\/\/kalogiros.gr\/wp-content\/uploads\/2023\/01\/selida-trata-414x400.png 414w, https:\/\/kalogiros.gr\/wp-content\/uploads\/2023\/01\/selida-trata-768x742.png 768w, https:\/\/kalogiros.gr\/wp-content\/uploads\/2023\/01\/selida-trata-1536x1485.png 1536w, https:\/\/kalogiros.gr\/wp-content\/uploads\/2023\/01\/selida-trata-800x773.png 800w, https:\/\/kalogiros.gr\/wp-content\/uploads\/2023\/01\/selida-trata.png 1999w\" sizes=\"auto, (max-width: 828px) 100vw, 828px\" \/>                                    \n                    <\/div>\n\t\t\n        <div class=\"banner-layers container\">\n            <a class=\"fill\" href=\"https:\/\/kalogiros.gr\/product-category\/mixanotrata\/\" ><div class=\"fill banner-link\"><\/div><\/a>            \n   <div id=\"text-box-1868134774\" class=\"text-box banner-layer x50 md-x50 lg-x50 y100 md-y100 lg-y100 res-text\">\n                                <div class=\"text-box-content text dark\">\n              \n              <div class=\"text-inner text-center\">\n                  \n\t<div id=\"text-529235993\" class=\"text\">\n\t\t\n<p><strong>rrjeta trat<\/strong><\/p>\n\t\t\n<style>\n#text-529235993 {\n  font-size: 2rem;\n  color: rgb(75, 75, 75);\n}\n#text-529235993 > * {\n  color: rgb(75, 75, 75);\n}\n<\/style>\n\t<\/div>\n\t\n              <\/div>\n           <\/div>\n                            \n<style>\n#text-box-1868134774 {\n  width: 95%;\n}\n#text-box-1868134774 .text-box-content {\n  font-size: 100%;\n}\n<\/style>\n    <\/div>\n \n        <\/div>\n      <\/div>\n\n            \n<style>\n#banner-1722496631 {\n  padding-top: 500px;\n}\n<\/style>\n  <\/div>\n\n\n\t\t<\/div>\n\t\t\t\t\t<\/div>\n\n\t\n\n\t<div id=\"col-1336340794\" class=\"col medium-6 small-12 large-6\"  >\n\t\t\t\t<div class=\"col-inner\"  >\n\t\t\t\n\t\t\t\n\n  <div class=\"banner has-hover\" id=\"banner-615768646\">\n          <div class=\"banner-inner fill\">\n        <div class=\"banner-bg fill\" >\n            <img loading=\"lazy\" decoding=\"async\" width=\"813\" height=\"800\" src=\"https:\/\/kalogiros.gr\/wp-content\/uploads\/2023\/01\/sport-final-813x800.png\" class=\"bg\" alt=\"\" srcset=\"https:\/\/kalogiros.gr\/wp-content\/uploads\/2023\/01\/sport-final-813x800.png 813w, https:\/\/kalogiros.gr\/wp-content\/uploads\/2023\/01\/sport-final-407x400.png 407w, https:\/\/kalogiros.gr\/wp-content\/uploads\/2023\/01\/sport-final-768x756.png 768w, https:\/\/kalogiros.gr\/wp-content\/uploads\/2023\/01\/sport-final-1536x1511.png 1536w, https:\/\/kalogiros.gr\/wp-content\/uploads\/2023\/01\/sport-final-2048x2015.png 2048w, https:\/\/kalogiros.gr\/wp-content\/uploads\/2023\/01\/sport-final-800x787.png 800w\" sizes=\"auto, (max-width: 813px) 100vw, 813px\" \/>                                    \n                    <\/div>\n\t\t\n        <div class=\"banner-layers container\">\n            <a class=\"fill\" href=\"https:\/\/kalogiros.gr\/sq\/product-category\/rrjeta-sportive\/\" ><div class=\"fill banner-link\"><\/div><\/a>            \n   <div id=\"text-box-942830849\" class=\"text-box banner-layer x50 md-x50 lg-x50 y100 md-y100 lg-y100 res-text\">\n                                <div class=\"text-box-content text dark\">\n              \n              <div class=\"text-inner text-center\">\n                  \n\t<div id=\"text-21058362\" class=\"text\">\n\t\t\n<p><b>Rrjeta p\u00ebr sport<\/b><\/p>\n\t\t\n<style>\n#text-21058362 {\n  font-size: 2rem;\n  color: rgb(86, 86, 86);\n}\n#text-21058362 > * {\n  color: rgb(86, 86, 86);\n}\n<\/style>\n\t<\/div>\n\t\n              <\/div>\n           <\/div>\n                            \n<style>\n#text-box-942830849 {\n  width: 100%;\n}\n#text-box-942830849 .text-box-content {\n  font-size: 100%;\n}\n<\/style>\n    <\/div>\n \n        <\/div>\n      <\/div>\n\n            \n<style>\n#banner-615768646 {\n  padding-top: 500px;\n}\n<\/style>\n  <\/div>\n\n\n\t\t<\/div>\n\t\t\t\t\t<\/div>\n\n\t\n<\/div>\n\t\t<\/div>\n\n\t\t\n<style>\n#section_1922051690 {\n  padding-top: 30px;\n  padding-bottom: 30px;\n}\n<\/style>\n\t<\/section>\n\t\n\n\t<section class=\"section\" id=\"section_1487506053\">\n\t\t<div class=\"section-bg fill\" >\n\t\t\t\t\t\t\t\t\t\n\t\t\t\n\n\t\t<\/div>\n\n\t\t\n\n\t\t<div class=\"section-content relative\">\n\t\t\t\n\t<div id=\"gap-1280692694\" class=\"gap-element clearfix\" style=\"display:block; height:auto;\">\n\t\t\n<style>\n#gap-1280692694 {\n  padding-top: 80px;\n}\n<\/style>\n\t<\/div>\n\t\n<div class=\"row align-middle align-center\"  id=\"row-499337295\">\n\n\t<div id=\"col-1964857477\" class=\"col medium-11 small-12 large-10\"  >\n\t\t\t\t<div class=\"col-inner text-center\"  >\n\t\t\t\n\t\t\t\n<h2>Produkte shtes\u00eb<\/h2>\n\t\t<\/div>\n\t\t\t\t\t<\/div>\n\n\t\n<\/div>\n<div class=\"row row-small row-full-width align-center\"  id=\"row-135587804\">\n\n\t<div id=\"col-931133831\" class=\"col medium-2 small-12 large-2\"  >\n\t\t\t\t<div class=\"col-inner\"  >\n\t\t\t\n\t\t\t\n\t<div class=\"box has-hover   has-hover box-shadow-1 box-shadow-3-hover box-text-bottom\" >\n\n\t\t<div class=\"box-image\" >\n\t\t\t<a href=\"https:\/\/kalogiros.gr\/sq\/shop\/spango\/spango\/\" >\t\t\t<div class=\"\" >\n\t\t\t\t<img loading=\"lazy\" decoding=\"async\" width=\"600\" height=\"600\" src=\"https:\/\/kalogiros.gr\/wp-content\/uploads\/2021\/05\/nimata.jpg\" class=\"attachment- size-\" alt=\"\" srcset=\"https:\/\/kalogiros.gr\/wp-content\/uploads\/2021\/05\/nimata.jpg 600w, https:\/\/kalogiros.gr\/wp-content\/uploads\/2021\/05\/nimata-400x400.jpg 400w, https:\/\/kalogiros.gr\/wp-content\/uploads\/2021\/05\/nimata-280x280.jpg 280w, https:\/\/kalogiros.gr\/wp-content\/uploads\/2021\/05\/nimata-100x100.jpg 100w\" sizes=\"auto, (max-width: 600px) 100vw, 600px\" \/>\t\t\t\t\t\t\t\t\t\t\t<\/div>\n\t\t\t<\/a>\t\t<\/div>\n\n\t\t<div class=\"box-text text-center\" >\n\t\t\t<div class=\"box-text-inner\">\n\t\t\t\t\n<h4>NHMATA<\/h4>\n\t\t\t<\/div>\n\t\t<\/div>\n\t<\/div>\n\t\n\t\t<\/div>\n\t\t\t\t\t<\/div>\n\n\t\n\n\t<div id=\"col-206025242\" class=\"col medium-2 small-12 large-2\"  >\n\t\t\t\t<div class=\"col-inner\"  >\n\t\t\t\n\t\t\t\n\t<div class=\"box has-hover   has-hover box-shadow-1 box-shadow-3-hover box-text-bottom\" >\n\n\t\t<div class=\"box-image\" >\n\t\t\t<a href=\"https:\/\/kalogiros.gr\/sq\/tape\/\" >\t\t\t<div class=\"\" >\n\t\t\t\t<img loading=\"lazy\" decoding=\"async\" width=\"600\" height=\"600\" src=\"https:\/\/kalogiros.gr\/wp-content\/uploads\/2021\/07\/fela.jpg\" class=\"attachment- size-\" alt=\"\" srcset=\"https:\/\/kalogiros.gr\/wp-content\/uploads\/2021\/07\/fela.jpg 600w, https:\/\/kalogiros.gr\/wp-content\/uploads\/2021\/07\/fela-400x400.jpg 400w, https:\/\/kalogiros.gr\/wp-content\/uploads\/2021\/07\/fela-280x280.jpg 280w, https:\/\/kalogiros.gr\/wp-content\/uploads\/2021\/07\/fela-100x100.jpg 100w\" sizes=\"auto, (max-width: 600px) 100vw, 600px\" \/>\t\t\t\t\t\t\t\t\t\t\t<\/div>\n\t\t\t<\/a>\t\t<\/div>\n\n\t\t<div class=\"box-text text-center\" >\n\t\t\t<div class=\"box-text-inner\">\n\t\t\t\t\n<h4>FELLA<\/h4>\n\t\t\t<\/div>\n\t\t<\/div>\n\t<\/div>\n\t\n\t\t<\/div>\n\t\t\t\t\t<\/div>\n\n\t\n\n\t<div id=\"col-313713314\" class=\"col medium-2 small-12 large-2\"  >\n\t\t\t\t<div class=\"col-inner\"  >\n\t\t\t\n\t\t\t\n\t<div class=\"box has-hover   has-hover box-shadow-1 box-shadow-3-hover box-text-bottom\" >\n\n\t\t<div class=\"box-image\" >\n\t\t\t<a href=\"https:\/\/kalogiros.gr\/sq\/litare\/\" >\t\t\t<div class=\"\" >\n\t\t\t\t<img loading=\"lazy\" decoding=\"async\" width=\"600\" height=\"600\" src=\"https:\/\/kalogiros.gr\/wp-content\/uploads\/2021\/07\/sxoinia..jpg\" class=\"attachment- size-\" alt=\"\" srcset=\"https:\/\/kalogiros.gr\/wp-content\/uploads\/2021\/07\/sxoinia..jpg 600w, https:\/\/kalogiros.gr\/wp-content\/uploads\/2021\/07\/sxoinia.-400x400.jpg 400w, https:\/\/kalogiros.gr\/wp-content\/uploads\/2021\/07\/sxoinia.-280x280.jpg 280w, https:\/\/kalogiros.gr\/wp-content\/uploads\/2021\/07\/sxoinia.-100x100.jpg 100w\" sizes=\"auto, (max-width: 600px) 100vw, 600px\" \/>\t\t\t\t\t\t\t\t\t\t\t<\/div>\n\t\t\t<\/a>\t\t<\/div>\n\n\t\t<div class=\"box-text text-center\" >\n\t\t\t<div class=\"box-text-inner\">\n\t\t\t\t\n<h4>LITOR<\/h4>\n\t\t\t<\/div>\n\t\t<\/div>\n\t<\/div>\n\t\n\t\t<\/div>\n\t\t\t\t\t<\/div>\n\n\t\n\n\t<div id=\"col-310580961\" class=\"col medium-2 small-12 large-2\"  >\n\t\t\t\t<div class=\"col-inner\"  >\n\t\t\t\n\t\t\t\n\t<div class=\"box has-hover   has-hover box-shadow-1 box-shadow-3-hover box-text-bottom\" >\n\n\t\t<div class=\"box-image\" >\n\t\t\t<a href=\"https:\/\/kalogiros.gr\/sq\/shop\/peshat-e-plumbit\/peshat-e-plumbit\/\" >\t\t\t<div class=\"\" >\n\t\t\t\t<img loading=\"lazy\" decoding=\"async\" width=\"600\" height=\"600\" src=\"https:\/\/kalogiros.gr\/wp-content\/uploads\/2021\/05\/molivia-gri-gri.jpg\" class=\"attachment- size-\" alt=\"\" srcset=\"https:\/\/kalogiros.gr\/wp-content\/uploads\/2021\/05\/molivia-gri-gri.jpg 600w, https:\/\/kalogiros.gr\/wp-content\/uploads\/2021\/05\/molivia-gri-gri-400x400.jpg 400w, https:\/\/kalogiros.gr\/wp-content\/uploads\/2021\/05\/molivia-gri-gri-280x280.jpg 280w, https:\/\/kalogiros.gr\/wp-content\/uploads\/2021\/05\/molivia-gri-gri-100x100.jpg 100w\" sizes=\"auto, (max-width: 600px) 100vw, 600px\" \/>\t\t\t\t\t\t\t\t\t\t\t<\/div>\n\t\t\t<\/a>\t\t<\/div>\n\n\t\t<div class=\"box-text text-center\" >\n\t\t\t<div class=\"box-text-inner\">\n\t\t\t\t\n<h4>GOLD<\/h4>\n\t\t\t<\/div>\n\t\t<\/div>\n\t<\/div>\n\t\n\t\t<\/div>\n\t\t\t\t\t<\/div>\n\n\t\n\n\t<div id=\"col-151041787\" class=\"col medium-2 small-12 large-2\"  >\n\t\t\t\t<div class=\"col-inner\"  >\n\t\t\t\n\t\t\t\n\t<div class=\"box has-hover   has-hover box-shadow-1 box-shadow-3-hover box-text-bottom\" >\n\n\t\t<div class=\"box-image\" >\n\t\t\t<a href=\"https:\/\/kalogiros.gr\/sq\/product-category\/mushama\/\" >\t\t\t<div class=\"image-cover\" style=\"padding-top:100%;\">\n\t\t\t\t<img loading=\"lazy\" decoding=\"async\" width=\"1706\" height=\"2560\" src=\"https:\/\/kalogiros.gr\/wp-content\/uploads\/2021\/10\/20210907_proalifing_093-scaled.jpg\" class=\"attachment- size-\" alt=\"\" srcset=\"https:\/\/kalogiros.gr\/wp-content\/uploads\/2021\/10\/20210907_proalifing_093-scaled.jpg 1706w, https:\/\/kalogiros.gr\/wp-content\/uploads\/2021\/10\/20210907_proalifing_093-267x400.jpg 267w, https:\/\/kalogiros.gr\/wp-content\/uploads\/2021\/10\/20210907_proalifing_093-533x800.jpg 533w, https:\/\/kalogiros.gr\/wp-content\/uploads\/2021\/10\/20210907_proalifing_093-768x1152.jpg 768w, https:\/\/kalogiros.gr\/wp-content\/uploads\/2021\/10\/20210907_proalifing_093-1024x1536.jpg 1024w, https:\/\/kalogiros.gr\/wp-content\/uploads\/2021\/10\/20210907_proalifing_093-1365x2048.jpg 1365w, https:\/\/kalogiros.gr\/wp-content\/uploads\/2021\/10\/20210907_proalifing_093-800x1200.jpg 800w\" sizes=\"auto, (max-width: 1706px) 100vw, 1706px\" \/>\t\t\t\t\t\t\t\t\t\t\t<\/div>\n\t\t\t<\/a>\t\t<\/div>\n\n\t\t<div class=\"box-text text-center\" >\n\t\t\t<div class=\"box-text-inner\">\n\t\t\t\t\n<h4>RAINPROX - NITSERADES<\/h4>\n\t\t\t<\/div>\n\t\t<\/div>\n\t<\/div>\n\t\n\t\t<\/div>\n\t\t\t\t\t<\/div>\n\n\t\n\n\t<div id=\"col-541375747\" class=\"col medium-2 small-12 large-2\"  >\n\t\t\t\t<div class=\"col-inner\"  >\n\t\t\t\n\t\t\t\n\t<div class=\"box has-hover   has-hover box-shadow-1 box-shadow-3-hover box-text-bottom\" >\n\n\t\t<div class=\"box-image\" >\n\t\t\t<a href=\"https:\/\/kalogiros.gr\/sq\/shop\/sports-fishing-equipment\/peshkim-njelinjesh\/peshkim-njelinjesh\/\" >\t\t\t<div class=\"image-cover\" style=\"padding-top:100%;\">\n\t\t\t\t<img loading=\"lazy\" decoding=\"async\" width=\"800\" height=\"533\" src=\"https:\/\/kalogiros.gr\/wp-content\/uploads\/2021\/04\/\u039c\u0395\u03a3\u0399\u039d\u0395\u0396\u0391-1.jpg\" class=\"attachment- size-\" alt=\"\" srcset=\"https:\/\/kalogiros.gr\/wp-content\/uploads\/2021\/04\/\u039c\u0395\u03a3\u0399\u039d\u0395\u0396\u0391-1.jpg 800w, https:\/\/kalogiros.gr\/wp-content\/uploads\/2021\/04\/\u039c\u0395\u03a3\u0399\u039d\u0395\u0396\u0391-1-600x400.jpg 600w, https:\/\/kalogiros.gr\/wp-content\/uploads\/2021\/04\/\u039c\u0395\u03a3\u0399\u039d\u0395\u0396\u0391-1-768x512.jpg 768w\" sizes=\"auto, (max-width: 800px) 100vw, 800px\" \/>\t\t\t\t\t\t\t\t\t\t\t<\/div>\n\t\t\t<\/a>\t\t<\/div>\n\n\t\t<div class=\"box-text text-center\" >\n\t\t\t<div class=\"box-text-inner\">\n\t\t\t\t\n<h4>MESINEZA<\/h4>\n\t\t\t<\/div>\n\t\t<\/div>\n\t<\/div>\n\t\n\t\t<\/div>\n\t\t\t\t\t<\/div>\n\n\t\n<\/div>\n\t\t<\/div>\n\n\t\t\n<style>\n#section_1487506053 {\n  padding-top: 30px;\n  padding-bottom: 30px;\n}\n<\/style>\n\t<\/section>\n\t\n","protected":false},"excerpt":{"rendered":"<p>&nbsp;<\/p>\n","protected":false},"author":2,"featured_media":0,"parent":0,"menu_order":0,"comment_status":"closed","ping_status":"closed","template":"page-blank.php","meta":{"_sitemap_exclude":false,"_sitemap_priority":"","_sitemap_frequency":"","footnotes":""},"class_list":["post-2467","page","type-page","status-publish","hentry"],"_links":{"self":[{"href":"https:\/\/kalogiros.gr\/sq\/wp-json\/wp\/v2\/pages\/2467","targetHints":{"allow":["GET"]}}],"collection":[{"href":"https:\/\/kalogiros.gr\/sq\/wp-json\/wp\/v2\/pages"}],"about":[{"href":"https:\/\/kalogiros.gr\/sq\/wp-json\/wp\/v2\/types\/page"}],"author":[{"embeddable":true,"href":"https:\/\/kalogiros.gr\/sq\/wp-json\/wp\/v2\/users\/2"}],"replies":[{"embeddable":true,"href":"https:\/\/kalogiros.gr\/sq\/wp-json\/wp\/v2\/comments?post=2467"}],"version-history":[{"count":3,"href":"https:\/\/kalogiros.gr\/sq\/wp-json\/wp\/v2\/pages\/2467\/revisions"}],"predecessor-version":[{"id":9773,"href":"https:\/\/kalogiros.gr\/sq\/wp-json\/wp\/v2\/pages\/2467\/revisions\/9773"}],"wp:attachment":[{"href":"https:\/\/kalogiros.gr\/sq\/wp-json\/wp\/v2\/media?parent=2467"}],"curies":[{"name":"wp","href":"https:\/\/api.w.org\/{rel}","templated":true}]}}