{"id":9585,"date":"2025-03-28T10:46:45","date_gmt":"2025-03-28T10:46:45","guid":{"rendered":"https:\/\/kalogiros.gr\/rrjetat-e-futbollit\/"},"modified":"2025-03-28T10:47:20","modified_gmt":"2025-03-28T10:47:20","slug":"rrjetat-e-futbollit","status":"publish","type":"page","link":"https:\/\/kalogiros.gr\/sq\/rrjetat-e-futbollit\/","title":{"rendered":"Rrjetat e futbollit"},"content":{"rendered":"\n\t<section class=\"section\" id=\"section_1825974942\">\n\t\t<div class=\"section-bg fill\" >\n\t\t\t\t\t\t\t\t\t\n\t\t\t\n\n\t\t<\/div>\n\n\t\t\n\n\t\t<div class=\"section-content relative\">\n\t\t\t\n<div class=\"row align-middle align-center\"  id=\"row-1773161366\">\n\n\t<div id=\"col-1138353802\" class=\"col medium-11 small-12 large-10\"  >\n\t\t\t\t<div class=\"col-inner text-center\"  >\n\t\t\t\n\t\t\t\n<h2>Rrjetat e futbollit<\/h2>\n<p>Shikoni koleksionin ton\u00eb t\u00eb ri t\u00eb rrjetave t\u00eb futbollit<\/p>\n\t\t<\/div>\n\t\t\t\t\t<\/div>\n\n\t\n<\/div>\n<div class=\"row row-box-shadow-2 row-box-shadow-4-hover\"  id=\"row-692445498\">\n\n\t<div id=\"col-121569768\" class=\"col medium-4 small-12 large-4\"  >\n\t\t\t\t<div class=\"col-inner\"  >\n\t\t\t\n\t\t\t\n\n  <div class=\"banner has-hover\" id=\"banner-124104066\">\n          <div class=\"banner-inner fill\">\n        <div class=\"banner-bg fill\" >\n            <img loading=\"lazy\" decoding=\"async\" width=\"900\" height=\"720\" src=\"https:\/\/kalogiros.gr\/wp-content\/uploads\/2022\/01\/20181016153832_dichtya_podosfairou_5ch5_3mm.jpeg\" class=\"bg\" alt=\"\" srcset=\"https:\/\/kalogiros.gr\/wp-content\/uploads\/2022\/01\/20181016153832_dichtya_podosfairou_5ch5_3mm.jpeg 900w, https:\/\/kalogiros.gr\/wp-content\/uploads\/2022\/01\/20181016153832_dichtya_podosfairou_5ch5_3mm-500x400.jpeg 500w, https:\/\/kalogiros.gr\/wp-content\/uploads\/2022\/01\/20181016153832_dichtya_podosfairou_5ch5_3mm-768x614.jpeg 768w, https:\/\/kalogiros.gr\/wp-content\/uploads\/2022\/01\/20181016153832_dichtya_podosfairou_5ch5_3mm-800x640.jpeg 800w\" sizes=\"auto, (max-width: 900px) 100vw, 900px\" \/>                                    \n                    <\/div>\n\t\t\n        <div class=\"banner-layers container\">\n            <a class=\"fill\" href=\"https:\/\/kalogiros.gr\/sq\/shop\/uncategorized\/rrjeta-per-futboll\/\" ><div class=\"fill banner-link\"><\/div><\/a>            \n   <div id=\"text-box-329702769\" class=\"text-box banner-layer x50 md-x50 lg-x50 y90 md-y90 lg-y90 res-text\">\n                                <div class=\"text-box-content text \">\n              \n              <div class=\"text-inner text-center\">\n                  \n\t<div id=\"text-1300461097\" class=\"text\">\n\t\t\n<h2>Rrjeta 5X5<br \/><\/h2>\n\t\t\n<style>\n#text-1300461097 {\n  color: rgb(255, 255, 255);\n}\n#text-1300461097 > * {\n  color: rgb(255, 255, 255);\n}\n<\/style>\n\t<\/div>\n\t\n              <\/div>\n           <\/div>\n                            \n<style>\n#text-box-329702769 {\n  width: 100%;\n}\n#text-box-329702769 .text-box-content {\n  font-size: 100%;\n}\n<\/style>\n    <\/div>\n \n        <\/div>\n      <\/div>\n\n            \n<style>\n#banner-124104066 {\n  padding-top: 350px;\n}\n#banner-124104066 .banner-bg img {\n  object-position: 60% 46%;\n}\n<\/style>\n  <\/div>\n\n\n\t\t<\/div>\n\t\t\t\t\t<\/div>\n\n\t\n\n\t<div id=\"col-217294264\" class=\"col medium-4 small-12 large-4\"  >\n\t\t\t\t<div class=\"col-inner\"  >\n\t\t\t\n\t\t\t\n\n  <div class=\"banner has-hover\" id=\"banner-2102677900\">\n          <div class=\"banner-inner fill\">\n        <div class=\"banner-bg fill\" >\n            <img loading=\"lazy\" decoding=\"async\" width=\"900\" height=\"720\" src=\"https:\/\/kalogiros.gr\/wp-content\/uploads\/2022\/01\/20181016153832_dichtya_podosfairou_5ch5_3mm-1.jpeg\" class=\"bg\" alt=\"\" srcset=\"https:\/\/kalogiros.gr\/wp-content\/uploads\/2022\/01\/20181016153832_dichtya_podosfairou_5ch5_3mm-1.jpeg 900w, https:\/\/kalogiros.gr\/wp-content\/uploads\/2022\/01\/20181016153832_dichtya_podosfairou_5ch5_3mm-1-500x400.jpeg 500w, https:\/\/kalogiros.gr\/wp-content\/uploads\/2022\/01\/20181016153832_dichtya_podosfairou_5ch5_3mm-1-768x614.jpeg 768w, https:\/\/kalogiros.gr\/wp-content\/uploads\/2022\/01\/20181016153832_dichtya_podosfairou_5ch5_3mm-1-800x640.jpeg 800w\" sizes=\"auto, (max-width: 900px) 100vw, 900px\" \/>                                    \n                    <\/div>\n\t\t\n        <div class=\"banner-layers container\">\n            <a class=\"fill\" href=\"https:\/\/kalogiros.gr\/sq\/?post_type=product&#038;p=2739\" ><div class=\"fill banner-link\"><\/div><\/a>            \n   <div id=\"text-box-1961521757\" class=\"text-box banner-layer x50 md-x50 lg-x50 y90 md-y90 lg-y90 res-text\">\n                                <div class=\"text-box-content text \">\n              \n              <div class=\"text-inner text-center\">\n                  \n\t<div id=\"text-2154315797\" class=\"text\">\n\t\t\n<h2>7X7 Rrjeta<br \/><\/h2>\n\t\t\n<style>\n#text-2154315797 {\n  color: rgb(255,255,255);\n}\n#text-2154315797 > * {\n  color: rgb(255,255,255);\n}\n<\/style>\n\t<\/div>\n\t\n              <\/div>\n           <\/div>\n                            \n<style>\n#text-box-1961521757 {\n  width: 75%;\n}\n#text-box-1961521757 .text-box-content {\n  font-size: 100%;\n}\n<\/style>\n    <\/div>\n \n        <\/div>\n      <\/div>\n\n            \n<style>\n#banner-2102677900 {\n  padding-top: 350px;\n}\n#banner-2102677900 .banner-bg img {\n  object-position: 54% 56%;\n}\n<\/style>\n  <\/div>\n\n\n\t\t<\/div>\n\t\t\t\t\t<\/div>\n\n\t\n\n\t<div id=\"col-1632392514\" class=\"col medium-4 small-12 large-4\"  >\n\t\t\t\t<div class=\"col-inner\"  >\n\t\t\t\n\t\t\t\n\n  <div class=\"banner has-hover\" id=\"banner-1072491950\">\n          <div class=\"banner-inner fill\">\n        <div class=\"banner-bg fill\" >\n            <img loading=\"lazy\" decoding=\"async\" width=\"900\" height=\"720\" src=\"https:\/\/kalogiros.gr\/wp-content\/uploads\/2022\/01\/20181016153832_dichtya_podosfairou_5ch5_3mm-1.jpeg\" class=\"bg\" alt=\"\" srcset=\"https:\/\/kalogiros.gr\/wp-content\/uploads\/2022\/01\/20181016153832_dichtya_podosfairou_5ch5_3mm-1.jpeg 900w, https:\/\/kalogiros.gr\/wp-content\/uploads\/2022\/01\/20181016153832_dichtya_podosfairou_5ch5_3mm-1-500x400.jpeg 500w, https:\/\/kalogiros.gr\/wp-content\/uploads\/2022\/01\/20181016153832_dichtya_podosfairou_5ch5_3mm-1-768x614.jpeg 768w, https:\/\/kalogiros.gr\/wp-content\/uploads\/2022\/01\/20181016153832_dichtya_podosfairou_5ch5_3mm-1-800x640.jpeg 800w\" sizes=\"auto, (max-width: 900px) 100vw, 900px\" \/>                                    \n                    <\/div>\n\t\t\n        <div class=\"banner-layers container\">\n            <a class=\"fill\" href=\"https:\/\/kalogiros.gr\/shop\/dixtia-gia-spor\/nets-for-football\/11x11\/nets-11x11\/\" ><div class=\"fill banner-link\"><\/div><\/a>            \n   <div id=\"text-box-904900358\" class=\"text-box banner-layer x50 md-x50 lg-x50 y90 md-y90 lg-y90 res-text\">\n                                <div class=\"text-box-content text \">\n              \n              <div class=\"text-inner text-center\">\n                  \n\t<div id=\"text-856126310\" class=\"text\">\n\t\t\n<h2>Rrjetat 11X11<br \/><\/h2>\n\t\t\n<style>\n#text-856126310 {\n  color: rgb(255,255,255);\n}\n#text-856126310 > * {\n  color: rgb(255,255,255);\n}\n<\/style>\n\t<\/div>\n\t\n              <\/div>\n           <\/div>\n                            \n<style>\n#text-box-904900358 {\n  width: 75%;\n}\n#text-box-904900358 .text-box-content {\n  font-size: 100%;\n}\n<\/style>\n    <\/div>\n \n        <\/div>\n      <\/div>\n\n            \n<style>\n#banner-1072491950 {\n  padding-top: 350px;\n}\n#banner-1072491950 .banner-bg img {\n  object-position: 54% 56%;\n}\n<\/style>\n  <\/div>\n\n\n\t\t<\/div>\n\t\t\t\t\t<\/div>\n\n\t\n<\/div>\n\t\t<\/div>\n\n\t\t\n<style>\n#section_1825974942 {\n  padding-top: 30px;\n  padding-bottom: 30px;\n}\n<\/style>\n\t<\/section>\n\t\n\n\n","protected":false},"excerpt":{"rendered":"","protected":false},"author":2,"featured_media":0,"parent":0,"menu_order":0,"comment_status":"closed","ping_status":"closed","template":"page-blank.php","meta":{"_sitemap_exclude":false,"_sitemap_priority":"","_sitemap_frequency":"","footnotes":""},"class_list":["post-9585","page","type-page","status-publish","hentry"],"_links":{"self":[{"href":"https:\/\/kalogiros.gr\/sq\/wp-json\/wp\/v2\/pages\/9585","targetHints":{"allow":["GET"]}}],"collection":[{"href":"https:\/\/kalogiros.gr\/sq\/wp-json\/wp\/v2\/pages"}],"about":[{"href":"https:\/\/kalogiros.gr\/sq\/wp-json\/wp\/v2\/types\/page"}],"author":[{"embeddable":true,"href":"https:\/\/kalogiros.gr\/sq\/wp-json\/wp\/v2\/users\/2"}],"replies":[{"embeddable":true,"href":"https:\/\/kalogiros.gr\/sq\/wp-json\/wp\/v2\/comments?post=9585"}],"version-history":[{"count":13,"href":"https:\/\/kalogiros.gr\/sq\/wp-json\/wp\/v2\/pages\/9585\/revisions"}],"predecessor-version":[{"id":9634,"href":"https:\/\/kalogiros.gr\/sq\/wp-json\/wp\/v2\/pages\/9585\/revisions\/9634"}],"wp:attachment":[{"href":"https:\/\/kalogiros.gr\/sq\/wp-json\/wp\/v2\/media?parent=9585"}],"curies":[{"name":"wp","href":"https:\/\/api.w.org\/{rel}","templated":true}]}}