{"id":10000,"date":"2023-10-26T15:27:57","date_gmt":"2025-03-28T17:51:45","guid":{"rendered":"https:\/\/kalogiros.gr\/shop\/uncategorized\/kurthi-i-kallamareve-beta-a339c-karkaleca\/"},"modified":"2025-03-28T17:51:45","modified_gmt":"2025-03-28T17:51:45","slug":"kurthi-i-kallamareve-beta-a339c-karkaleca","status":"publish","type":"product","link":"https:\/\/kalogiros.gr\/sq\/shop\/sports-fishing-equipment\/squid-jig\/beta-sq\/kurthi-i-kallamareve-beta-a339c-karkaleca\/","title":{"rendered":"Kurthi i kallamar\u00ebve BETA - A339C (karkaleca)"},"content":{"rendered":"<p>Kavanoza kallamar BETA n\u00eb nj\u00eb larmi ngjyrash n\u00eb Karkaleca n\u00eb 2.5gr dhe 3gr<\/p>\n","protected":false},"excerpt":{"rendered":"<p>Kavanoza kallamar BETA n\u00eb nj\u00eb larmi ngjyrash n\u00eb Karkaleca n\u00eb 2.5gr dhe 3gr<\/p>\n","protected":false},"featured_media":7225,"template":"","meta":{"_sitemap_exclude":false,"_sitemap_priority":"","_sitemap_frequency":"","footnotes":""},"product_brand":[],"product_cat":[368],"product_tag":[],"class_list":{"0":"post-10000","1":"product","2":"type-product","3":"status-publish","4":"has-post-thumbnail","6":"product_cat-beta-sq","8":"first","9":"instock","10":"taxable","11":"shipping-taxable","12":"purchasable","13":"product-type-variable"},"_links":{"self":[{"href":"https:\/\/kalogiros.gr\/sq\/wp-json\/wp\/v2\/product\/10000","targetHints":{"allow":["GET"]}}],"collection":[{"href":"https:\/\/kalogiros.gr\/sq\/wp-json\/wp\/v2\/product"}],"about":[{"href":"https:\/\/kalogiros.gr\/sq\/wp-json\/wp\/v2\/types\/product"}],"version-history":[{"count":0,"href":"https:\/\/kalogiros.gr\/sq\/wp-json\/wp\/v2\/product\/10000\/revisions"}],"wp:featuredmedia":[{"embeddable":true,"href":"https:\/\/kalogiros.gr\/sq\/wp-json\/wp\/v2\/media\/7225"}],"wp:attachment":[{"href":"https:\/\/kalogiros.gr\/sq\/wp-json\/wp\/v2\/media?parent=10000"}],"wp:term":[{"taxonomy":"product_brand","embeddable":true,"href":"https:\/\/kalogiros.gr\/sq\/wp-json\/wp\/v2\/product_brand?post=10000"},{"taxonomy":"product_cat","embeddable":true,"href":"https:\/\/kalogiros.gr\/sq\/wp-json\/wp\/v2\/product_cat?post=10000"},{"taxonomy":"product_tag","embeddable":true,"href":"https:\/\/kalogiros.gr\/sq\/wp-json\/wp\/v2\/product_tag?post=10000"}],"curies":[{"name":"wp","href":"https:\/\/api.w.org\/{rel}","templated":true}]}}