{"id":10767,"date":"2024-01-24T11:17:42","date_gmt":"2025-03-28T18:02:46","guid":{"rendered":"https:\/\/kalogiros.gr\/shop\/uncategorized\/litare-teli-mayette\/"},"modified":"2025-03-28T18:02:46","modified_gmt":"2025-03-28T18:02:46","slug":"litare-teli-mayette","status":"publish","type":"product","link":"https:\/\/kalogiros.gr\/sq\/shop\/rrjeta-trall\/litare-teli-mayette\/","title":{"rendered":"Litar\u00eb teli (Mayette)"},"content":{"rendered":"<p>Litar italian p\u00ebr peshkarexha, me nj\u00eb mbules\u00eb t\u00eb jashtme prej fibrash poliester dhe nj\u00eb p\u00ebrzierje t\u00eb brendshme t\u00eb metaleve me baz\u00eb \u00e7eliku.<\/p>\n<p>E disponueshme n\u00eb rrotulla 100 metra n\u00eb ngjyr\u00eb t\u00eb bardh\u00eb dhe blu.<\/p>\n<p>&nbsp;<\/p>\n","protected":false},"excerpt":{"rendered":"<p>Litar italian p\u00ebr peshkarexha, me nj\u00eb mbules\u00eb t\u00eb jashtme prej fibrash poliester dhe nj\u00eb p\u00ebrzierje t\u00eb brendshme t\u00eb metaleve me baz\u00eb \u00e7eliku. E disponueshme n\u00eb rrotulla 100 metra n\u00eb ngjyr\u00eb t\u00eb bardh\u00eb dhe blu. &nbsp;<\/p>\n","protected":false},"featured_media":7458,"template":"","meta":{"_sitemap_exclude":false,"_sitemap_priority":"","_sitemap_frequency":"","footnotes":""},"product_brand":[],"product_cat":[468],"product_tag":[],"class_list":{"0":"post-10767","1":"product","2":"type-product","3":"status-publish","4":"has-post-thumbnail","6":"product_cat-rrjeta-trall","8":"first","9":"instock","10":"taxable","11":"shipping-taxable","12":"purchasable","13":"product-type-simple"},"_links":{"self":[{"href":"https:\/\/kalogiros.gr\/sq\/wp-json\/wp\/v2\/product\/10767","targetHints":{"allow":["GET"]}}],"collection":[{"href":"https:\/\/kalogiros.gr\/sq\/wp-json\/wp\/v2\/product"}],"about":[{"href":"https:\/\/kalogiros.gr\/sq\/wp-json\/wp\/v2\/types\/product"}],"version-history":[{"count":0,"href":"https:\/\/kalogiros.gr\/sq\/wp-json\/wp\/v2\/product\/10767\/revisions"}],"wp:featuredmedia":[{"embeddable":true,"href":"https:\/\/kalogiros.gr\/sq\/wp-json\/wp\/v2\/media\/7458"}],"wp:attachment":[{"href":"https:\/\/kalogiros.gr\/sq\/wp-json\/wp\/v2\/media?parent=10767"}],"wp:term":[{"taxonomy":"product_brand","embeddable":true,"href":"https:\/\/kalogiros.gr\/sq\/wp-json\/wp\/v2\/product_brand?post=10767"},{"taxonomy":"product_cat","embeddable":true,"href":"https:\/\/kalogiros.gr\/sq\/wp-json\/wp\/v2\/product_cat?post=10767"},{"taxonomy":"product_tag","embeddable":true,"href":"https:\/\/kalogiros.gr\/sq\/wp-json\/wp\/v2\/product_tag?post=10767"}],"curies":[{"name":"wp","href":"https:\/\/api.w.org\/{rel}","templated":true}]}}