{"id":10771,"date":"2024-08-16T15:50:57","date_gmt":"2025-03-28T18:02:48","guid":{"rendered":"https:\/\/kalogiros.gr\/shop\/uncategorized\/rrjeta-e-peshkimit-e-montuar-me-mano-monofilament-0-16-2-m-lartesi-50-m-gjatesi-400-gram\/"},"modified":"2025-03-28T18:02:48","modified_gmt":"2025-03-28T18:02:48","slug":"rrjeta-e-peshkimit-e-montuar-me-mano-monofilament-0-16-2-m-lartesi-50-m-gjatesi-400-gram","status":"publish","type":"product","link":"https:\/\/kalogiros.gr\/sq\/shop\/rrjeta-te-montuara\/me-tape-dhe-pesha\/rrjeta-e-peshkimit-e-montuar-me-mano-monofilament-0-16-2-m-lartesi-50-m-gjatesi-400-gram\/","title":{"rendered":"Rrjeta e peshkimit e montuar me mano. Monofilament 0.16, 2 m lart\u00ebsi, 50 m gjat\u00ebsi, 400 gram"},"content":{"rendered":"<p>Rrjet\u00eb peshkimi e montuar me monofilament dhe mano<\/p>\n<p> trash\u00ebsia e fillit 0.16 mm<\/p>\n<p> Madh\u00ebsia e rrjet\u00ebs n\u00eb nj\u00eb shum\u00ebllojshm\u00ebri prej 20, 25, 30 dhe 35 mm<\/p>\n<p> 2 metra e lart\u00eb,<\/p>\n<p> 50 metra e gjat\u00eb,<\/p>\n<p> pesha 400 gram<\/p>\n","protected":false},"excerpt":{"rendered":"<p>Rrjet\u00eb peshkimi e montuar me monofilament dhe mano trash\u00ebsia e fillit 0.16 mm Madh\u00ebsia e rrjet\u00ebs n\u00eb nj\u00eb shum\u00ebllojshm\u00ebri prej 20, 25, 30 dhe 35 mm 2 metra e lart\u00eb, 50 metra e gjat\u00eb, pesha 400 gram<\/p>\n","protected":false},"featured_media":7012,"template":"","meta":{"_sitemap_exclude":false,"_sitemap_priority":"","_sitemap_frequency":"","footnotes":""},"product_brand":[],"product_cat":[409,433],"product_tag":[],"class_list":{"0":"post-10771","1":"product","2":"type-product","3":"status-publish","4":"has-post-thumbnail","6":"product_cat-me-tape-dhe-pesha","7":"product_cat-rrjeta-te-montuara","9":"first","10":"instock","11":"taxable","12":"shipping-taxable","13":"purchasable","14":"product-type-variable"},"_links":{"self":[{"href":"https:\/\/kalogiros.gr\/sq\/wp-json\/wp\/v2\/product\/10771","targetHints":{"allow":["GET"]}}],"collection":[{"href":"https:\/\/kalogiros.gr\/sq\/wp-json\/wp\/v2\/product"}],"about":[{"href":"https:\/\/kalogiros.gr\/sq\/wp-json\/wp\/v2\/types\/product"}],"version-history":[{"count":0,"href":"https:\/\/kalogiros.gr\/sq\/wp-json\/wp\/v2\/product\/10771\/revisions"}],"wp:featuredmedia":[{"embeddable":true,"href":"https:\/\/kalogiros.gr\/sq\/wp-json\/wp\/v2\/media\/7012"}],"wp:attachment":[{"href":"https:\/\/kalogiros.gr\/sq\/wp-json\/wp\/v2\/media?parent=10771"}],"wp:term":[{"taxonomy":"product_brand","embeddable":true,"href":"https:\/\/kalogiros.gr\/sq\/wp-json\/wp\/v2\/product_brand?post=10771"},{"taxonomy":"product_cat","embeddable":true,"href":"https:\/\/kalogiros.gr\/sq\/wp-json\/wp\/v2\/product_cat?post=10771"},{"taxonomy":"product_tag","embeddable":true,"href":"https:\/\/kalogiros.gr\/sq\/wp-json\/wp\/v2\/product_tag?post=10771"}],"curies":[{"name":"wp","href":"https:\/\/api.w.org\/{rel}","templated":true}]}}