{"id":10792,"date":"2024-01-09T10:04:05","date_gmt":"2025-03-28T18:03:06","guid":{"rendered":"https:\/\/kalogiros.gr\/shop\/uncategorized\/menge-te-papershkueshme-nga-uji\/"},"modified":"2025-05-06T06:56:47","modified_gmt":"2025-05-06T06:56:47","slug":"menge-te-papershkueshme-nga-uji","status":"publish","type":"product","link":"https:\/\/kalogiros.gr\/sq\/shop\/mushama\/menge-te-papershkueshme-nga-uji\/","title":{"rendered":"M\u00ebng\u00eb e pap\u00ebrshkueshme nga uji Skandinavia"},"content":{"rendered":"","protected":false},"excerpt":{"rendered":"<h1 class=\"page-title\">Doreza pune t\u00eb pap\u00ebrshkueshme nga uji n\u00eb kaki t\u00eb cil\u00ebsis\u00eb s\u00eb shk\u00eblqyer, me origjin\u00eb skandinave.<\/h1>\n","protected":false},"featured_media":7408,"template":"","meta":{"_sitemap_exclude":false,"_sitemap_priority":"","_sitemap_frequency":"","footnotes":""},"product_brand":[],"product_cat":[262],"product_tag":[],"class_list":{"0":"post-10792","1":"product","2":"type-product","3":"status-publish","4":"has-post-thumbnail","6":"product_cat-mushama","8":"first","9":"instock","10":"taxable","11":"shipping-taxable","12":"purchasable","13":"product-type-simple"},"_links":{"self":[{"href":"https:\/\/kalogiros.gr\/sq\/wp-json\/wp\/v2\/product\/10792","targetHints":{"allow":["GET"]}}],"collection":[{"href":"https:\/\/kalogiros.gr\/sq\/wp-json\/wp\/v2\/product"}],"about":[{"href":"https:\/\/kalogiros.gr\/sq\/wp-json\/wp\/v2\/types\/product"}],"version-history":[{"count":1,"href":"https:\/\/kalogiros.gr\/sq\/wp-json\/wp\/v2\/product\/10792\/revisions"}],"predecessor-version":[{"id":13518,"href":"https:\/\/kalogiros.gr\/sq\/wp-json\/wp\/v2\/product\/10792\/revisions\/13518"}],"wp:featuredmedia":[{"embeddable":true,"href":"https:\/\/kalogiros.gr\/sq\/wp-json\/wp\/v2\/media\/7408"}],"wp:attachment":[{"href":"https:\/\/kalogiros.gr\/sq\/wp-json\/wp\/v2\/media?parent=10792"}],"wp:term":[{"taxonomy":"product_brand","embeddable":true,"href":"https:\/\/kalogiros.gr\/sq\/wp-json\/wp\/v2\/product_brand?post=10792"},{"taxonomy":"product_cat","embeddable":true,"href":"https:\/\/kalogiros.gr\/sq\/wp-json\/wp\/v2\/product_cat?post=10792"},{"taxonomy":"product_tag","embeddable":true,"href":"https:\/\/kalogiros.gr\/sq\/wp-json\/wp\/v2\/product_tag?post=10792"}],"curies":[{"name":"wp","href":"https:\/\/api.w.org\/{rel}","templated":true}]}}