{"id":10842,"date":"2023-10-25T08:29:34","date_gmt":"2025-03-28T18:03:34","guid":{"rendered":"https:\/\/kalogiros.gr\/shop\/uncategorized\/rrjeta-gushe-monofilamente-te-montuara-lartesia-2-metra-gjatesia-100-metra-900-gram\/"},"modified":"2025-03-28T18:03:34","modified_gmt":"2025-03-28T18:03:34","slug":"rrjeta-gushe-monofilamente-te-montuara-lartesia-2-metra-gjatesia-100-metra-900-gram","status":"publish","type":"product","link":"https:\/\/kalogiros.gr\/sq\/shop\/rrjeta-te-montuara\/me-tape-dhe-pesha\/rrjeta-gushe-monofilamente-te-montuara-lartesia-2-metra-gjatesia-100-metra-900-gram\/","title":{"rendered":"Rrjeta gush\u00eb monofilamente t\u00eb montuara, lart\u00ebsia 2 metra, gjat\u00ebsia 100 metra, 900 gram."},"content":{"rendered":"<p>Rrjet\u00eb peshkimi me rrjet\u00eb gjiri,<\/p>\n<p> trash\u00ebsia e fillit n\u00eb nj\u00eb shum\u00ebllojshm\u00ebri prej 0,18 mm, 0,20 mm dhe 0,25 mm<\/p>\n<p> Madh\u00ebsia e rrjet\u00ebs n\u00eb nj\u00eb shum\u00ebllojshm\u00ebri prej 40, 50, 60, 70 dhe 80 mm<\/p>\n<p> 2 metra e lart\u00eb,<\/p>\n<p> 100 metra e gjat\u00eb,<\/p>\n<p> pesha 900 gram<\/p>\n","protected":false},"excerpt":{"rendered":"<p>Rrjet\u00eb peshkimi me rrjet\u00eb gjiri, trash\u00ebsia e fillit n\u00eb nj\u00eb shum\u00ebllojshm\u00ebri prej 0,18 mm, 0,20 mm dhe 0,25 mm Madh\u00ebsia e rrjet\u00ebs n\u00eb nj\u00eb shum\u00ebllojshm\u00ebri prej 40, 50, 60, 70 dhe 80 mm 2 metra e lart\u00eb, 100 metra e gjat\u00eb, pesha 900 gram<\/p>\n","protected":false},"featured_media":7036,"template":"","meta":{"_sitemap_exclude":false,"_sitemap_priority":"","_sitemap_frequency":"","footnotes":""},"product_brand":[],"product_cat":[409,433],"product_tag":[],"class_list":{"0":"post-10842","1":"product","2":"type-product","3":"status-publish","4":"has-post-thumbnail","6":"product_cat-me-tape-dhe-pesha","7":"product_cat-rrjeta-te-montuara","9":"first","10":"instock","11":"taxable","12":"shipping-taxable","13":"purchasable","14":"product-type-variable"},"_links":{"self":[{"href":"https:\/\/kalogiros.gr\/sq\/wp-json\/wp\/v2\/product\/10842","targetHints":{"allow":["GET"]}}],"collection":[{"href":"https:\/\/kalogiros.gr\/sq\/wp-json\/wp\/v2\/product"}],"about":[{"href":"https:\/\/kalogiros.gr\/sq\/wp-json\/wp\/v2\/types\/product"}],"version-history":[{"count":0,"href":"https:\/\/kalogiros.gr\/sq\/wp-json\/wp\/v2\/product\/10842\/revisions"}],"wp:featuredmedia":[{"embeddable":true,"href":"https:\/\/kalogiros.gr\/sq\/wp-json\/wp\/v2\/media\/7036"}],"wp:attachment":[{"href":"https:\/\/kalogiros.gr\/sq\/wp-json\/wp\/v2\/media?parent=10842"}],"wp:term":[{"taxonomy":"product_brand","embeddable":true,"href":"https:\/\/kalogiros.gr\/sq\/wp-json\/wp\/v2\/product_brand?post=10842"},{"taxonomy":"product_cat","embeddable":true,"href":"https:\/\/kalogiros.gr\/sq\/wp-json\/wp\/v2\/product_cat?post=10842"},{"taxonomy":"product_tag","embeddable":true,"href":"https:\/\/kalogiros.gr\/sq\/wp-json\/wp\/v2\/product_tag?post=10842"}],"curies":[{"name":"wp","href":"https:\/\/api.w.org\/{rel}","templated":true}]}}