{"id":10922,"date":"2023-09-09T07:29:40","date_gmt":"2025-03-28T18:04:39","guid":{"rendered":"https:\/\/kalogiros.gr\/shop\/uncategorized\/duel-ez-bait-a1709-karrem-kallamar\/"},"modified":"2025-03-28T18:04:39","modified_gmt":"2025-03-28T18:04:39","slug":"duel-ez-bait-a1709-karrem-kallamar","status":"publish","type":"product","link":"https:\/\/kalogiros.gr\/sq\/shop\/sports-fishing-equipment\/squid-jig\/yo-zuri-sq\/duel-ez-bait-a1709-karrem-kallamar\/","title":{"rendered":"DUEL EZ Bait A1709 Karrem Kallamar"},"content":{"rendered":"<p>A1709<br \/>\n Shkopi i peshkimit t\u00eb kallamar\u00ebve Duel EZ Bait i p\u00ebrket seris\u00eb Easy Squid Fishing dhe, si\u00e7 sugjeron emri i tij, e b\u00ebn peshkimin e kallamar\u00ebve nga nj\u00eb vark\u00eb nj\u00eb detyr\u00eb t\u00eb leht\u00eb.<br \/>\n Prodhuesit japonez\u00eb t\u00eb Duel iu p\u00ebrgjigj\u00ebn k\u00ebrkes\u00ebs s\u00eb madhe n\u00eb vendet e Mesdheut p\u00ebr kallamar\u00ebt e vegj\u00ebl e t\u00eb leht\u00eb q\u00eb n\u00eb form\u00eb ngjajn\u00eb me peshqit e vegj\u00ebl.<br \/>\n Duel EZ Baits quhen &#8220;Easy Bait&#8221;. Ato shfaqin thumba t\u00eb forta, me dy cepa q\u00eb nuk falin. Ngjyrat e tyre natyrale dhe ndri\u00e7imi i tyre n\u00eb kushte t\u00eb err\u00ebta t\u00ebrheqin kallamar\u00ebt.<br \/>\n Trupi i saj prodhon nj\u00eb l\u00ebvizje t\u00eb ngjashme me val\u00ebn gjat\u00eb marrjes, t\u00eb cil\u00ebn Dueli e quan l\u00ebvizje val\u00ebsh.<br \/>\n Gjithashtu, karrem\u00ebt Duel EZ p\u00ebrmbajn\u00eb nj\u00eb rrotullues rrotullues prej \u00e7eliku inox.<br \/>\n Vlera e shk\u00eblqyer p\u00ebr para.<br \/>\n Gjat\u00ebsia 8 cm<br \/>\n Pesha 5 g  <\/p>\n","protected":false},"excerpt":{"rendered":"<p>A1709 Shkopi i peshkimit t\u00eb kallamar\u00ebve Duel EZ Bait i p\u00ebrket seris\u00eb Easy Squid Fishing dhe, si\u00e7 sugjeron emri i tij, e b\u00ebn peshkimin e kallamar\u00ebve nga nj\u00eb vark\u00eb nj\u00eb detyr\u00eb t\u00eb leht\u00eb. Prodhuesit japonez\u00eb t\u00eb Duel iu p\u00ebrgjigj\u00ebn k\u00ebrkes\u00ebs s\u00eb madhe n\u00eb vendet e Mesdheut p\u00ebr kallamar\u00ebt e vegj\u00ebl e t\u00eb leht\u00eb q\u00eb n\u00eb [&#8230;]\n","protected":false},"featured_media":6726,"template":"","meta":{"_sitemap_exclude":false,"_sitemap_priority":"","_sitemap_frequency":"","footnotes":""},"product_brand":[],"product_cat":[405],"product_tag":[],"class_list":{"0":"post-10922","1":"product","2":"type-product","3":"status-publish","4":"has-post-thumbnail","6":"product_cat-yo-zuri-sq","8":"first","9":"instock","10":"taxable","11":"shipping-taxable","12":"purchasable","13":"product-type-variable"},"_links":{"self":[{"href":"https:\/\/kalogiros.gr\/sq\/wp-json\/wp\/v2\/product\/10922","targetHints":{"allow":["GET"]}}],"collection":[{"href":"https:\/\/kalogiros.gr\/sq\/wp-json\/wp\/v2\/product"}],"about":[{"href":"https:\/\/kalogiros.gr\/sq\/wp-json\/wp\/v2\/types\/product"}],"version-history":[{"count":0,"href":"https:\/\/kalogiros.gr\/sq\/wp-json\/wp\/v2\/product\/10922\/revisions"}],"wp:featuredmedia":[{"embeddable":true,"href":"https:\/\/kalogiros.gr\/sq\/wp-json\/wp\/v2\/media\/6726"}],"wp:attachment":[{"href":"https:\/\/kalogiros.gr\/sq\/wp-json\/wp\/v2\/media?parent=10922"}],"wp:term":[{"taxonomy":"product_brand","embeddable":true,"href":"https:\/\/kalogiros.gr\/sq\/wp-json\/wp\/v2\/product_brand?post=10922"},{"taxonomy":"product_cat","embeddable":true,"href":"https:\/\/kalogiros.gr\/sq\/wp-json\/wp\/v2\/product_cat?post=10922"},{"taxonomy":"product_tag","embeddable":true,"href":"https:\/\/kalogiros.gr\/sq\/wp-json\/wp\/v2\/product_tag?post=10922"}],"curies":[{"name":"wp","href":"https:\/\/api.w.org\/{rel}","templated":true}]}}