{"id":11001,"date":"2023-09-08T16:13:43","date_gmt":"2025-03-28T18:05:16","guid":{"rendered":"https:\/\/kalogiros.gr\/shop\/uncategorized\/yozuri-egi-aurie-q-pelhure-kurth-kallamaresh-a1030n\/"},"modified":"2025-03-28T18:05:16","modified_gmt":"2025-03-28T18:05:16","slug":"yozuri-egi-aurie-q-pelhure-kurth-kallamaresh-a1030n","status":"publish","type":"product","link":"https:\/\/kalogiros.gr\/sq\/shop\/sports-fishing-equipment\/squid-jig\/yo-zuri-sq\/yozuri-egi-aurie-q-pelhure-kurth-kallamaresh-a1030n\/","title":{"rendered":"YoZuri Egi Aurie-Q P\u00eblhur\u00eb Kurth Kallamar\u00ebsh A1030N"},"content":{"rendered":"<p>A1030N<\/p>\n<p>Yo-Zuri Egi Aurie-Q \u00ebsht\u00eb nj\u00eb kallamar autentik, tradicional japonez, i bazuar n\u00eb nj\u00eb dizajn q\u00eb p\u00ebrfshin sakt\u00ebsi absolute, uniformitet dhe ekuilib\u00ebr.<\/p>\n<p>P\u00ebr t\u00eb p\u00ebrsosur performanc\u00ebn dhe ekuilibrin e rrobave Egi Aurie-Q\u00ae, Yo-Zuri shfryt\u00ebzoi p\u00ebr her\u00eb t\u00eb par\u00eb vetit\u00eb e materialit ABS. Jig kallamar Yo-Zuri ka ekuilibrin dhe sfidat e p\u00ebrsosura me l\u00ebvizjen e saj t\u00eb but\u00eb dhe shkall\u00ebn e fundosjes. <\/p>\n<p>Yo-Zuri gjithashtu pajisi Aurie Q me lavamanin kund\u00ebr ngat\u00ebrres\u00ebs Snaggless.<\/p>\n<p>Ai gjithashtu p\u00ebrmban nj\u00eb unaz\u00eb dhe pika t\u00ebrheq\u00ebse fosforeshente.<\/p>\n<p>Gama e ngjyrave \u00ebsht\u00eb mbres\u00ebl\u00ebn\u00ebse dhe Yo-Zuri zgjodhi kombinimet m\u00eb t\u00eb suksesshme t\u00eb ngjyrave p\u00ebr k\u00ebt\u00eb q\u00ebllim.<\/p>\n<p>Shpejt\u00ebsia e vendosjes s\u00eb pesh\u00ebs s\u00eb madh\u00ebsis\u00eb<\/p>\n<p>2,5 10 gr 5,3 sek \/ m<\/p>\n","protected":false},"excerpt":{"rendered":"<p>A1030N Yo-Zuri Egi Aurie-Q \u00ebsht\u00eb nj\u00eb kallamar autentik, tradicional japonez, i bazuar n\u00eb nj\u00eb dizajn q\u00eb p\u00ebrfshin sakt\u00ebsi absolute, uniformitet dhe ekuilib\u00ebr. P\u00ebr t\u00eb p\u00ebrsosur performanc\u00ebn dhe ekuilibrin e rrobave Egi Aurie-Q\u00ae, Yo-Zuri shfryt\u00ebzoi p\u00ebr her\u00eb t\u00eb par\u00eb vetit\u00eb e materialit ABS. Jig kallamar Yo-Zuri ka ekuilibrin dhe sfidat e p\u00ebrsosura me l\u00ebvizjen e saj [&#8230;]\n","protected":false},"featured_media":9190,"template":"","meta":{"_sitemap_exclude":false,"_sitemap_priority":"","_sitemap_frequency":"","footnotes":""},"product_brand":[],"product_cat":[405],"product_tag":[],"class_list":{"0":"post-11001","1":"product","2":"type-product","3":"status-publish","4":"has-post-thumbnail","6":"product_cat-yo-zuri-sq","8":"first","9":"instock","10":"taxable","11":"shipping-taxable","12":"purchasable","13":"product-type-variable"},"_links":{"self":[{"href":"https:\/\/kalogiros.gr\/sq\/wp-json\/wp\/v2\/product\/11001","targetHints":{"allow":["GET"]}}],"collection":[{"href":"https:\/\/kalogiros.gr\/sq\/wp-json\/wp\/v2\/product"}],"about":[{"href":"https:\/\/kalogiros.gr\/sq\/wp-json\/wp\/v2\/types\/product"}],"version-history":[{"count":0,"href":"https:\/\/kalogiros.gr\/sq\/wp-json\/wp\/v2\/product\/11001\/revisions"}],"wp:featuredmedia":[{"embeddable":true,"href":"https:\/\/kalogiros.gr\/sq\/wp-json\/wp\/v2\/media\/9190"}],"wp:attachment":[{"href":"https:\/\/kalogiros.gr\/sq\/wp-json\/wp\/v2\/media?parent=11001"}],"wp:term":[{"taxonomy":"product_brand","embeddable":true,"href":"https:\/\/kalogiros.gr\/sq\/wp-json\/wp\/v2\/product_brand?post=11001"},{"taxonomy":"product_cat","embeddable":true,"href":"https:\/\/kalogiros.gr\/sq\/wp-json\/wp\/v2\/product_cat?post=11001"},{"taxonomy":"product_tag","embeddable":true,"href":"https:\/\/kalogiros.gr\/sq\/wp-json\/wp\/v2\/product_tag?post=11001"}],"curies":[{"name":"wp","href":"https:\/\/api.w.org\/{rel}","templated":true}]}}