{"id":11035,"date":"2023-09-08T17:20:05","date_gmt":"2025-03-28T18:05:28","guid":{"rendered":"https:\/\/kalogiros.gr\/shop\/uncategorized\/yo-zuri-ultra-laser-a1022-squid-jore\/"},"modified":"2025-03-28T18:05:28","modified_gmt":"2025-03-28T18:05:28","slug":"yo-zuri-ultra-laser-a1022-squid-jore","status":"publish","type":"product","link":"https:\/\/kalogiros.gr\/sq\/shop\/sports-fishing-equipment\/squid-jig\/yo-zuri-sq\/yo-zuri-ultra-laser-a1022-squid-jore\/","title":{"rendered":"Yo-Zuri Ultra Laser A1022 Squid Jore"},"content":{"rendered":"<p>A1022<br \/>\n Bobina e kallamarit Yo-Zuri Ultra Laser, \u00ebsht\u00eb e standardeve t\u00eb larta japoneze p\u00ebr peshkimin e kallamar\u00ebve nga nj\u00eb vark\u00eb.<br \/>\n Yo-Zuri i ka pajisur me grepa t\u00eb tipit M2.<br \/>\n Joshjet e kallamar\u00ebve A1022 jan\u00eb b\u00ebr\u00eb nga nj\u00eb trup i q\u00ebndruesh\u00ebm ABS, me nj\u00eb p\u00ebrfundim me shk\u00eblqim, metalik lazer q\u00eb shkakton ylbert\u00eb, duke e b\u00ebr\u00eb at\u00eb leht\u00ebsisht t\u00eb duksh\u00ebm, nd\u00ebrsa simulon luspat e nj\u00eb peshku t\u00eb vog\u00ebl. Barku i tyre \u00ebsht\u00eb transparent dhe ka trajtim UV.<br \/>\nShpejt\u00ebsia e fundosjes \u00ebsht\u00eb 15 cm n\u00eb sekond\u00eb dhe mund t\u00eb peshkohet vet\u00ebm, ose n\u00eb nj\u00eb platform\u00eb me disa varka kallamar\u00ebsh s\u00eb bashku. N\u00eb pjes\u00ebn e p\u00ebrparme, ajo ka \u00e7ak\u00ebll t\u00eb brendsh\u00ebm, i cili e ndihmon at\u00eb t\u00eb fundoset dhe t\u00eb mbaj\u00eb ekuilibrin e tij n\u00eb uj\u00eb.<br \/>\n Yo-Zuri Ultra Laser p\u00ebrmban dy rreshta gjilp\u00ebrash t\u00eb mprehta (8 n\u00eb \u00e7do rresht), pend\u00eb t\u00eb m\u00ebdha pupla dhe sy t\u00eb m\u00ebdhenj.<br \/>\n Ajo gjithashtu ka nj\u00eb kthes\u00eb n\u00eb hund\u00eb.<br \/>\n Specifikimet Teknike<br \/>\n \u2022 Grepa: M2 (2 rreshta nga 8)<br \/>\n \u2022 Rrotullues i p\u00ebrparm\u00eb<br \/>\n \u2022 Shpejt\u00ebsia. Zhytja: 15 cm \/ sek.<br \/>\n\u2022 Gjat\u00ebsia 7 cm (S)<\/p>\n","protected":false},"excerpt":{"rendered":"<p>A1022 Bobina e kallamarit Yo-Zuri Ultra Laser, \u00ebsht\u00eb e standardeve t\u00eb larta japoneze p\u00ebr peshkimin e kallamar\u00ebve nga nj\u00eb vark\u00eb. Yo-Zuri i ka pajisur me grepa t\u00eb tipit M2. Joshjet e kallamar\u00ebve A1022 jan\u00eb b\u00ebr\u00eb nga nj\u00eb trup i q\u00ebndruesh\u00ebm ABS, me nj\u00eb p\u00ebrfundim me shk\u00eblqim, metalik lazer q\u00eb shkakton ylbert\u00eb, duke e b\u00ebr\u00eb at\u00eb [&#8230;]\n","protected":false},"featured_media":6685,"template":"","meta":{"_sitemap_exclude":false,"_sitemap_priority":"","_sitemap_frequency":"","footnotes":""},"product_brand":[],"product_cat":[405],"product_tag":[],"class_list":{"0":"post-11035","1":"product","2":"type-product","3":"status-publish","4":"has-post-thumbnail","6":"product_cat-yo-zuri-sq","8":"first","9":"instock","10":"taxable","11":"shipping-taxable","12":"purchasable","13":"product-type-variable"},"_links":{"self":[{"href":"https:\/\/kalogiros.gr\/sq\/wp-json\/wp\/v2\/product\/11035","targetHints":{"allow":["GET"]}}],"collection":[{"href":"https:\/\/kalogiros.gr\/sq\/wp-json\/wp\/v2\/product"}],"about":[{"href":"https:\/\/kalogiros.gr\/sq\/wp-json\/wp\/v2\/types\/product"}],"version-history":[{"count":0,"href":"https:\/\/kalogiros.gr\/sq\/wp-json\/wp\/v2\/product\/11035\/revisions"}],"wp:featuredmedia":[{"embeddable":true,"href":"https:\/\/kalogiros.gr\/sq\/wp-json\/wp\/v2\/media\/6685"}],"wp:attachment":[{"href":"https:\/\/kalogiros.gr\/sq\/wp-json\/wp\/v2\/media?parent=11035"}],"wp:term":[{"taxonomy":"product_brand","embeddable":true,"href":"https:\/\/kalogiros.gr\/sq\/wp-json\/wp\/v2\/product_brand?post=11035"},{"taxonomy":"product_cat","embeddable":true,"href":"https:\/\/kalogiros.gr\/sq\/wp-json\/wp\/v2\/product_cat?post=11035"},{"taxonomy":"product_tag","embeddable":true,"href":"https:\/\/kalogiros.gr\/sq\/wp-json\/wp\/v2\/product_tag?post=11035"}],"curies":[{"name":"wp","href":"https:\/\/api.w.org\/{rel}","templated":true}]}}