{"id":11095,"date":"2023-07-13T09:37:55","date_gmt":"2025-03-28T18:06:05","guid":{"rendered":"https:\/\/kalogiros.gr\/shop\/uncategorized\/simple-oil-collection-canta-paketimi\/"},"modified":"2025-03-28T18:06:05","modified_gmt":"2025-03-28T18:06:05","slug":"simple-oil-collection-canta-paketimi","status":"publish","type":"product","link":"https:\/\/kalogiros.gr\/sq\/shop\/koleksion-vaji-canta-paketimi\/simple-oil-collection-canta-paketimi\/","title":{"rendered":"Simple Oil Collection - \u00c7anta paketimi"},"content":{"rendered":"<p>Qese plastike prej polipropileni n\u00eb dimensione t\u00eb ndryshme.<\/p>\n<p>E pershtatshme per paketim te pergjithshem dhe koleksion vaji, ngjyre e bardhe, ne paketim 1, 10 dhe 100 cope.<\/p>\n","protected":false},"excerpt":{"rendered":"<p>Qese plastike prej polipropileni n\u00eb dimensione t\u00eb ndryshme. E pershtatshme per paketim te pergjithshem dhe koleksion vaji, ngjyre e bardhe, ne paketim 1, 10 dhe 100 cope.<\/p>\n","protected":false},"featured_media":6335,"template":"","meta":{"_sitemap_exclude":false,"_sitemap_priority":"","_sitemap_frequency":"","footnotes":""},"product_brand":[],"product_cat":[501],"product_tag":[],"class_list":{"0":"post-11095","1":"product","2":"type-product","3":"status-publish","4":"has-post-thumbnail","6":"product_cat-koleksion-vaji-canta-paketimi","8":"first","9":"instock","10":"taxable","11":"shipping-taxable","12":"purchasable","13":"product-type-variable"},"_links":{"self":[{"href":"https:\/\/kalogiros.gr\/sq\/wp-json\/wp\/v2\/product\/11095","targetHints":{"allow":["GET"]}}],"collection":[{"href":"https:\/\/kalogiros.gr\/sq\/wp-json\/wp\/v2\/product"}],"about":[{"href":"https:\/\/kalogiros.gr\/sq\/wp-json\/wp\/v2\/types\/product"}],"version-history":[{"count":0,"href":"https:\/\/kalogiros.gr\/sq\/wp-json\/wp\/v2\/product\/11095\/revisions"}],"wp:featuredmedia":[{"embeddable":true,"href":"https:\/\/kalogiros.gr\/sq\/wp-json\/wp\/v2\/media\/6335"}],"wp:attachment":[{"href":"https:\/\/kalogiros.gr\/sq\/wp-json\/wp\/v2\/media?parent=11095"}],"wp:term":[{"taxonomy":"product_brand","embeddable":true,"href":"https:\/\/kalogiros.gr\/sq\/wp-json\/wp\/v2\/product_brand?post=11095"},{"taxonomy":"product_cat","embeddable":true,"href":"https:\/\/kalogiros.gr\/sq\/wp-json\/wp\/v2\/product_cat?post=11095"},{"taxonomy":"product_tag","embeddable":true,"href":"https:\/\/kalogiros.gr\/sq\/wp-json\/wp\/v2\/product_tag?post=11095"}],"curies":[{"name":"wp","href":"https:\/\/api.w.org\/{rel}","templated":true}]}}