{"id":11196,"date":"2022-12-23T17:56:14","date_gmt":"2025-03-28T18:06:47","guid":{"rendered":"https:\/\/kalogiros.gr\/shop\/uncategorized\/najlon-akobo-white\/"},"modified":"2025-03-28T18:06:47","modified_gmt":"2025-03-28T18:06:47","slug":"najlon-akobo-white","status":"publish","type":"product","link":"https:\/\/kalogiros.gr\/sq\/shop\/rrjeta-trall\/najlon-akobo-white\/","title":{"rendered":"Najlon &#8216;Akobo White"},"content":{"rendered":"<p align=\"LEFT\">Rrjeta t\u00eb bardha najloni pa nyje p\u00ebr peshkim peshku, rrjet\u00eb gjiri, qese, merkale, \u00e7ant\u00eb, etj&#8230;<\/p>\n","protected":false},"excerpt":{"rendered":"<p>Rrjeta t\u00eb bardha najloni pa nyje p\u00ebr peshkim peshku, rrjet\u00eb gjiri, qese, merkale, \u00e7ant\u00eb, etj&#8230;<\/p>\n","protected":false},"featured_media":5102,"template":"","meta":{"_sitemap_exclude":false,"_sitemap_priority":"","_sitemap_frequency":"","footnotes":""},"product_brand":[],"product_cat":[468],"product_tag":[],"class_list":{"0":"post-11196","1":"product","2":"type-product","3":"status-publish","4":"has-post-thumbnail","6":"product_cat-rrjeta-trall","8":"first","9":"instock","10":"taxable","11":"shipping-taxable","12":"purchasable","13":"product-type-simple"},"_links":{"self":[{"href":"https:\/\/kalogiros.gr\/sq\/wp-json\/wp\/v2\/product\/11196","targetHints":{"allow":["GET"]}}],"collection":[{"href":"https:\/\/kalogiros.gr\/sq\/wp-json\/wp\/v2\/product"}],"about":[{"href":"https:\/\/kalogiros.gr\/sq\/wp-json\/wp\/v2\/types\/product"}],"version-history":[{"count":0,"href":"https:\/\/kalogiros.gr\/sq\/wp-json\/wp\/v2\/product\/11196\/revisions"}],"wp:featuredmedia":[{"embeddable":true,"href":"https:\/\/kalogiros.gr\/sq\/wp-json\/wp\/v2\/media\/5102"}],"wp:attachment":[{"href":"https:\/\/kalogiros.gr\/sq\/wp-json\/wp\/v2\/media?parent=11196"}],"wp:term":[{"taxonomy":"product_brand","embeddable":true,"href":"https:\/\/kalogiros.gr\/sq\/wp-json\/wp\/v2\/product_brand?post=11196"},{"taxonomy":"product_cat","embeddable":true,"href":"https:\/\/kalogiros.gr\/sq\/wp-json\/wp\/v2\/product_cat?post=11196"},{"taxonomy":"product_tag","embeddable":true,"href":"https:\/\/kalogiros.gr\/sq\/wp-json\/wp\/v2\/product_tag?post=11196"}],"curies":[{"name":"wp","href":"https:\/\/api.w.org\/{rel}","templated":true}]}}