{"id":11223,"date":"2023-04-27T10:26:10","date_gmt":"2025-03-28T18:07:05","guid":{"rendered":"https:\/\/kalogiros.gr\/shop\/uncategorized\/rrjete-e-hendbollit\/"},"modified":"2025-03-28T18:07:05","modified_gmt":"2025-03-28T18:07:05","slug":"rrjete-e-hendbollit","status":"publish","type":"product","link":"https:\/\/kalogiros.gr\/sq\/shop\/rrjeta-sportive\/rrjete-e-hendbollit\/","title":{"rendered":"Rrjet\u00eb e hendbollit"},"content":{"rendered":"<p>Rrjet\u00eb e hendbollit<\/p>\n","protected":false},"excerpt":{"rendered":"<p>Rrjet\u00eb e hendbollit<br \/>\n Dimensionet: Gjer\u00ebsia: 3 metra, Lart\u00ebsia: 2 metra, Thell\u00ebsia: 1 met\u00ebr<br \/>\n Ngjyra e bardh\u00eb, trash\u00ebsia e fillit polietileni 2.5 mm<br \/>\n E disponueshme edhe n\u00eb nj\u00eb paket\u00eb prej 2 (\u00e7ifte)<\/p>\n","protected":false},"featured_media":5976,"template":"","meta":{"_sitemap_exclude":false,"_sitemap_priority":"","_sitemap_frequency":"","footnotes":""},"product_brand":[],"product_cat":[189],"product_tag":[],"class_list":{"0":"post-11223","1":"product","2":"type-product","3":"status-publish","4":"has-post-thumbnail","6":"product_cat-rrjeta-sportive","8":"first","9":"instock","10":"taxable","11":"shipping-taxable","12":"purchasable","13":"product-type-variable"},"_links":{"self":[{"href":"https:\/\/kalogiros.gr\/sq\/wp-json\/wp\/v2\/product\/11223","targetHints":{"allow":["GET"]}}],"collection":[{"href":"https:\/\/kalogiros.gr\/sq\/wp-json\/wp\/v2\/product"}],"about":[{"href":"https:\/\/kalogiros.gr\/sq\/wp-json\/wp\/v2\/types\/product"}],"version-history":[{"count":0,"href":"https:\/\/kalogiros.gr\/sq\/wp-json\/wp\/v2\/product\/11223\/revisions"}],"wp:featuredmedia":[{"embeddable":true,"href":"https:\/\/kalogiros.gr\/sq\/wp-json\/wp\/v2\/media\/5976"}],"wp:attachment":[{"href":"https:\/\/kalogiros.gr\/sq\/wp-json\/wp\/v2\/media?parent=11223"}],"wp:term":[{"taxonomy":"product_brand","embeddable":true,"href":"https:\/\/kalogiros.gr\/sq\/wp-json\/wp\/v2\/product_brand?post=11223"},{"taxonomy":"product_cat","embeddable":true,"href":"https:\/\/kalogiros.gr\/sq\/wp-json\/wp\/v2\/product_cat?post=11223"},{"taxonomy":"product_tag","embeddable":true,"href":"https:\/\/kalogiros.gr\/sq\/wp-json\/wp\/v2\/product_tag?post=11223"}],"curies":[{"name":"wp","href":"https:\/\/api.w.org\/{rel}","templated":true}]}}