{"id":11276,"date":"2022-07-12T16:08:58","date_gmt":"2025-03-28T18:07:59","guid":{"rendered":"https:\/\/kalogiros.gr\/shop\/uncategorized\/rrjete-peshkimi-monofilament-e-montuar-me-mano-litar-tape-dhe-litar-hekuri-vjollce-0-14-1-5-m-lartesi-60-m-gjatesi\/"},"modified":"2025-03-28T18:07:59","modified_gmt":"2025-03-28T18:07:59","slug":"rrjete-peshkimi-monofilament-e-montuar-me-mano-litar-tape-dhe-litar-hekuri-vjollce-0-14-1-5-m-lartesi-60-m-gjatesi","status":"publish","type":"product","link":"https:\/\/kalogiros.gr\/sq\/shop\/rrjeta-te-montuara\/me-litar-thurje-dhe-litar-hekuri\/rrjete-peshkimi-monofilament-e-montuar-me-mano-litar-tape-dhe-litar-hekuri-vjollce-0-14-1-5-m-lartesi-60-m-gjatesi\/","title":{"rendered":"Rrjet\u00eb peshkimi monofilament e montuar me mano, litar tape dhe litar hekuri. Vjollc\u00eb 0.14, 1.5 m lart\u00ebsi, 60 m gjat\u00ebsi"},"content":{"rendered":"<p>Monofilament i rrjet\u00ebs s\u00eb peshkimit<\/p>\n<p> Trash\u00ebsia e fillit 0.14 mm<\/p>\n<p> 1.5 metra e lart\u00eb<\/p>\n<p> 60 metra e gjat\u00eb<\/p>\n<p> Pesha 1.4 kg<\/p>\n<p> Ngjyra vjollce<\/p>\n","protected":false},"excerpt":{"rendered":"<p>Trash\u00ebsia e fillit 0.14 mm<\/p>\n<p> 1.5 metra e lart\u00eb<\/p>\n<p> 60 metra e gjat\u00eb<\/p>\n<p> Pesha 1.4 kg<\/p>\n<p> Ngjyra vjollce<\/p>\n","protected":false},"featured_media":3697,"template":"","meta":{"_sitemap_exclude":false,"_sitemap_priority":"","_sitemap_frequency":"","footnotes":""},"product_brand":[],"product_cat":[509],"product_tag":[],"class_list":{"0":"post-11276","1":"product","2":"type-product","3":"status-publish","4":"has-post-thumbnail","6":"product_cat-me-litar-thurje-dhe-litar-hekuri","8":"first","9":"instock","10":"taxable","11":"shipping-taxable","12":"purchasable","13":"product-type-variable"},"_links":{"self":[{"href":"https:\/\/kalogiros.gr\/sq\/wp-json\/wp\/v2\/product\/11276","targetHints":{"allow":["GET"]}}],"collection":[{"href":"https:\/\/kalogiros.gr\/sq\/wp-json\/wp\/v2\/product"}],"about":[{"href":"https:\/\/kalogiros.gr\/sq\/wp-json\/wp\/v2\/types\/product"}],"version-history":[{"count":0,"href":"https:\/\/kalogiros.gr\/sq\/wp-json\/wp\/v2\/product\/11276\/revisions"}],"wp:featuredmedia":[{"embeddable":true,"href":"https:\/\/kalogiros.gr\/sq\/wp-json\/wp\/v2\/media\/3697"}],"wp:attachment":[{"href":"https:\/\/kalogiros.gr\/sq\/wp-json\/wp\/v2\/media?parent=11276"}],"wp:term":[{"taxonomy":"product_brand","embeddable":true,"href":"https:\/\/kalogiros.gr\/sq\/wp-json\/wp\/v2\/product_brand?post=11276"},{"taxonomy":"product_cat","embeddable":true,"href":"https:\/\/kalogiros.gr\/sq\/wp-json\/wp\/v2\/product_cat?post=11276"},{"taxonomy":"product_tag","embeddable":true,"href":"https:\/\/kalogiros.gr\/sq\/wp-json\/wp\/v2\/product_tag?post=11276"}],"curies":[{"name":"wp","href":"https:\/\/api.w.org\/{rel}","templated":true}]}}