{"id":11296,"date":"2022-06-23T15:47:17","date_gmt":"2025-03-28T18:08:46","guid":{"rendered":"https:\/\/kalogiros.gr\/shop\/uncategorized\/rrjete-peshkimi-monofilament-i-montuar-i-sheshte-0-13-1-1-m-lartesi-45-m-gjatesi-200-gram\/"},"modified":"2025-03-28T18:08:46","modified_gmt":"2025-03-28T18:08:46","slug":"rrjete-peshkimi-monofilament-i-montuar-i-sheshte-0-13-1-1-m-lartesi-45-m-gjatesi-200-gram","status":"publish","type":"product","link":"https:\/\/kalogiros.gr\/sq\/shop\/rrjeta-te-montuara\/me-tape-dhe-pesha\/rrjete-peshkimi-monofilament-i-montuar-i-sheshte-0-13-1-1-m-lartesi-45-m-gjatesi-200-gram\/","title":{"rendered":"Rrjet\u00eb peshkimi monofilament i montuar (i shesht\u00eb) 0.13, 1.1 m lart\u00ebsi, 45 m gjat\u00ebsi 200 gram"},"content":{"rendered":"<p>Rrjeta e peshkimit monofilament i montuar (i shesht\u00eb) 0.13, 1.1 m lart\u00ebsi, 45 m gjat\u00ebsi<\/p>\n","protected":false},"excerpt":{"rendered":"<p>Trash\u00ebsia e fillit 0.13 mm<\/p>\n<p> 1.1 metra e lart\u00eb<\/p>\n<p> 45 metra e gjat\u00eb<\/p>\n<p> (shuplak\u00eb)<\/p>\n<p>&nbsp;<\/p>\n","protected":false},"featured_media":3574,"template":"","meta":{"_sitemap_exclude":false,"_sitemap_priority":"","_sitemap_frequency":"","footnotes":""},"product_brand":[],"product_cat":[409],"product_tag":[],"class_list":{"0":"post-11296","1":"product","2":"type-product","3":"status-publish","4":"has-post-thumbnail","6":"product_cat-me-tape-dhe-pesha","8":"first","9":"instock","10":"taxable","11":"shipping-taxable","12":"purchasable","13":"product-type-variable"},"_links":{"self":[{"href":"https:\/\/kalogiros.gr\/sq\/wp-json\/wp\/v2\/product\/11296","targetHints":{"allow":["GET"]}}],"collection":[{"href":"https:\/\/kalogiros.gr\/sq\/wp-json\/wp\/v2\/product"}],"about":[{"href":"https:\/\/kalogiros.gr\/sq\/wp-json\/wp\/v2\/types\/product"}],"version-history":[{"count":0,"href":"https:\/\/kalogiros.gr\/sq\/wp-json\/wp\/v2\/product\/11296\/revisions"}],"wp:featuredmedia":[{"embeddable":true,"href":"https:\/\/kalogiros.gr\/sq\/wp-json\/wp\/v2\/media\/3574"}],"wp:attachment":[{"href":"https:\/\/kalogiros.gr\/sq\/wp-json\/wp\/v2\/media?parent=11296"}],"wp:term":[{"taxonomy":"product_brand","embeddable":true,"href":"https:\/\/kalogiros.gr\/sq\/wp-json\/wp\/v2\/product_brand?post=11296"},{"taxonomy":"product_cat","embeddable":true,"href":"https:\/\/kalogiros.gr\/sq\/wp-json\/wp\/v2\/product_cat?post=11296"},{"taxonomy":"product_tag","embeddable":true,"href":"https:\/\/kalogiros.gr\/sq\/wp-json\/wp\/v2\/product_tag?post=11296"}],"curies":[{"name":"wp","href":"https:\/\/api.w.org\/{rel}","templated":true}]}}