{"id":12833,"date":"2025-01-09T11:55:30","date_gmt":"2025-03-29T11:29:58","guid":{"rendered":"https:\/\/kalogiros.gr\/shop\/uncategorized\/rrjete-peshkimi-kanavace-e-montuar-me-mano-litar-tape-dhe-litar-hekuri-vjollce-150-3-1-5m-lartesi-30m-gjatesi\/"},"modified":"2025-03-29T11:29:58","modified_gmt":"2025-03-29T11:29:58","slug":"rrjete-peshkimi-kanavace-e-montuar-me-mano-litar-tape-dhe-litar-hekuri-vjollce-150-3-1-5m-lartesi-30m-gjatesi","status":"publish","type":"product","link":"https:\/\/kalogiros.gr\/sq\/shop\/rrjeta-te-montuara\/me-litar-thurje-dhe-litar-hekuri\/rrjete-peshkimi-kanavace-e-montuar-me-mano-litar-tape-dhe-litar-hekuri-vjollce-150-3-1-5m-lartesi-30m-gjatesi\/","title":{"rendered":"Rrjet\u00eb peshkimi kanavac\u00eb e montuar me mano, litar tape dhe litar hekuri. Vjollc\u00eb 150\/3, 1.5m lart\u00ebsi, 30m gjat\u00ebsi"},"content":{"rendered":"<p>Rrjet\u00eb peshkimi Kanavac\u00eb e montuar me mano<\/p>\n<p> Trash\u00ebsia e fillit 150\/3<\/p>\n<p> lart\u00ebsia 1.5 metra<\/p>\n<p> gjat\u00ebsia 30 metra<\/p>\n<p> pesha 0.6 kg<\/p>\n","protected":false},"excerpt":{"rendered":"<p>Rrjet\u00eb peshkimi Kanavac\u00eb e montuar me mano<\/p>\n<p> Trash\u00ebsia e fillit 150\/3<\/p>\n<p> lart\u00ebsia 1.5 metra<\/p>\n<p> gjat\u00ebsia 30 metra<\/p>\n<p> pesha 0.6 kg<\/p>\n","protected":false},"featured_media":9379,"template":"","meta":{"_sitemap_exclude":false,"_sitemap_priority":"","_sitemap_frequency":"","footnotes":""},"product_brand":[],"product_cat":[509],"product_tag":[],"class_list":{"0":"post-12833","1":"product","2":"type-product","3":"status-publish","4":"has-post-thumbnail","6":"product_cat-me-litar-thurje-dhe-litar-hekuri","8":"first","9":"outofstock","10":"taxable","11":"shipping-taxable","12":"purchasable","13":"product-type-variable"},"_links":{"self":[{"href":"https:\/\/kalogiros.gr\/sq\/wp-json\/wp\/v2\/product\/12833","targetHints":{"allow":["GET"]}}],"collection":[{"href":"https:\/\/kalogiros.gr\/sq\/wp-json\/wp\/v2\/product"}],"about":[{"href":"https:\/\/kalogiros.gr\/sq\/wp-json\/wp\/v2\/types\/product"}],"version-history":[{"count":0,"href":"https:\/\/kalogiros.gr\/sq\/wp-json\/wp\/v2\/product\/12833\/revisions"}],"wp:featuredmedia":[{"embeddable":true,"href":"https:\/\/kalogiros.gr\/sq\/wp-json\/wp\/v2\/media\/9379"}],"wp:attachment":[{"href":"https:\/\/kalogiros.gr\/sq\/wp-json\/wp\/v2\/media?parent=12833"}],"wp:term":[{"taxonomy":"product_brand","embeddable":true,"href":"https:\/\/kalogiros.gr\/sq\/wp-json\/wp\/v2\/product_brand?post=12833"},{"taxonomy":"product_cat","embeddable":true,"href":"https:\/\/kalogiros.gr\/sq\/wp-json\/wp\/v2\/product_cat?post=12833"},{"taxonomy":"product_tag","embeddable":true,"href":"https:\/\/kalogiros.gr\/sq\/wp-json\/wp\/v2\/product_tag?post=12833"}],"curies":[{"name":"wp","href":"https:\/\/api.w.org\/{rel}","templated":true}]}}