{"id":12841,"date":"2024-08-26T08:23:04","date_gmt":"2025-03-29T11:33:11","guid":{"rendered":"https:\/\/kalogiros.gr\/shop\/uncategorized\/kurthi-i-karavidheve\/"},"modified":"2025-03-29T11:33:11","modified_gmt":"2025-03-29T11:33:11","slug":"kurthi-i-karavidheve","status":"publish","type":"product","link":"https:\/\/kalogiros.gr\/sq\/shop\/sports-fishing-equipment\/kurthe\/kurthi-i-karavidheve\/","title":{"rendered":"Kurthi i karavidheve"},"content":{"rendered":"<div class=\"xdj266r x11i5rnm xat24cr x1mh8g0r x1vvkbs x126k92a\">\n<div dir=\"auto\">\n<div style=\"width: 1020px;\" class=\"wp-video\"><video class=\"wp-video-shortcode\" id=\"video-12841-1\" width=\"1020\" height=\"574\" preload=\"metadata\" controls=\"controls\"><source type=\"video\/mp4\" src=\"https:\/\/kalogiros.gr\/wp-content\/uploads\/2024\/08\/lobster-trap.mp4?_=1\" \/><a href=\"https:\/\/kalogiros.gr\/wp-content\/uploads\/2024\/08\/lobster-trap.mp4\">https:\/\/kalogiros.gr\/wp-content\/uploads\/2024\/08\/lobster-trap.mp4<\/a><\/video><\/div>\n<p>Arritje t\u00eb reja n\u00eb kurthe karavidhesh!<\/p>\n<\/div>\n<\/div>\n<div class=\"x11i5rnm xat24cr x1mh8g0r x1vvkbs xtlvy1s x126k92a\">\n<div dir=\"auto\">Dimensionet: 65*45*38 centimetra.<\/div>\n<div dir=\"auto\">Trash\u00ebsia e fillit: 4.2 mm,<\/div>\n<div dir=\"auto\">Madh\u00ebsia e rrjet\u00ebs 30 mm litar i thurur.<\/div>\n<div dir=\"auto\">Pesha 19.7 kg.<\/div>\n<\/div>\n","protected":false},"excerpt":{"rendered":"<p>Arritje t\u00eb reja n\u00eb kurthe karavidhesh! Dimensionet: 65*45*38 centimetra. Trash\u00ebsia e fillit: 4.2 mm, Madh\u00ebsia e rrjet\u00ebs 30 mm litar i thurur. Pesha 19.7 kg.<\/p>\n","protected":false},"featured_media":8036,"template":"","meta":{"_sitemap_exclude":false,"_sitemap_priority":"","_sitemap_frequency":"","footnotes":""},"product_brand":[],"product_cat":[504],"product_tag":[],"class_list":{"0":"post-12841","1":"product","2":"type-product","3":"status-publish","4":"has-post-thumbnail","6":"product_cat-kurthe","8":"first","9":"outofstock","10":"taxable","11":"shipping-taxable","12":"purchasable","13":"product-type-simple"},"_links":{"self":[{"href":"https:\/\/kalogiros.gr\/sq\/wp-json\/wp\/v2\/product\/12841","targetHints":{"allow":["GET"]}}],"collection":[{"href":"https:\/\/kalogiros.gr\/sq\/wp-json\/wp\/v2\/product"}],"about":[{"href":"https:\/\/kalogiros.gr\/sq\/wp-json\/wp\/v2\/types\/product"}],"version-history":[{"count":0,"href":"https:\/\/kalogiros.gr\/sq\/wp-json\/wp\/v2\/product\/12841\/revisions"}],"wp:featuredmedia":[{"embeddable":true,"href":"https:\/\/kalogiros.gr\/sq\/wp-json\/wp\/v2\/media\/8036"}],"wp:attachment":[{"href":"https:\/\/kalogiros.gr\/sq\/wp-json\/wp\/v2\/media?parent=12841"}],"wp:term":[{"taxonomy":"product_brand","embeddable":true,"href":"https:\/\/kalogiros.gr\/sq\/wp-json\/wp\/v2\/product_brand?post=12841"},{"taxonomy":"product_cat","embeddable":true,"href":"https:\/\/kalogiros.gr\/sq\/wp-json\/wp\/v2\/product_cat?post=12841"},{"taxonomy":"product_tag","embeddable":true,"href":"https:\/\/kalogiros.gr\/sq\/wp-json\/wp\/v2\/product_tag?post=12841"}],"curies":[{"name":"wp","href":"https:\/\/api.w.org\/{rel}","templated":true}]}}