{"id":13142,"date":"2024-12-16T11:02:27","date_gmt":"2025-03-29T11:40:08","guid":{"rendered":"https:\/\/kalogiros.gr\/shop\/uncategorized\/yo-zuri-aurie-q-kontroll-3-5-a997n-kallamar-kallamar\/"},"modified":"2025-03-29T11:40:08","modified_gmt":"2025-03-29T11:40:08","slug":"yo-zuri-aurie-q-kontroll-3-5-a997n-kallamar-kallamar","status":"publish","type":"product","link":"https:\/\/kalogiros.gr\/sq\/shop\/sports-fishing-equipment\/squid-jig\/yo-zuri-sq\/yo-zuri-aurie-q-kontroll-3-5-a997n-kallamar-kallamar\/","title":{"rendered":"Yo-Zuri AURIE Q KONTROLL 3.5 A997N Kallamar Kallamar"},"content":{"rendered":"<p>Ky \u00ebsht\u00eb nj\u00eb karkalec kallamar\u00ebsh n\u00eb form\u00eb karkaleci nga Yo Zuri me nj\u00eb trup t\u00eb ndritsh\u00ebm prej p\u00eblhure t\u00eb falsifikuar, dizajn aerodinamik p\u00ebr hedhje t\u00eb gjata dhe cil\u00ebsi nd\u00ebrtimi me rezistenc\u00eb t\u00eb lart\u00eb. Ky \u00ebsht\u00eb nj\u00eb serial shum\u00eb i suksessh\u00ebm, me ekuilib\u00ebr perfekt dhe ngjyra shum\u00eb t\u00ebrheq\u00ebse, disa prej t\u00eb cilave jan\u00eb Glow, t\u00eb tjera Blue Glow dhe disa UV. Ka shpejt\u00ebsi fundosjeje 3.2 sek\/m dhe pesh\u00eb plumbi 19 gr. Ai p\u00ebrmban nj\u00eb mb\u00ebshtjellje rrotulluese q\u00eb e ndihmon t\u00eb balancoj\u00eb n\u00eb m\u00ebnyr\u00eb t\u00eb p\u00ebrsosur, nj\u00eb plumb n\u00eb form\u00eb, Trick Hooks origjinale dhe nj\u00eb sy fosfori q\u00eb t\u00ebrheq kallamar\u00ebt edhe m\u00eb shum\u00eb n\u00eb det.   <\/p>\n<p>Modeli A997N<br \/>\n Madh\u00ebsia #3.5gr<br \/>\n Pesha 19 gr.<br \/>\n Fundosje 3.2 sek. \/ m. <\/p>\n","protected":false},"excerpt":{"rendered":"<p>Ky \u00ebsht\u00eb nj\u00eb karkalec kallamar\u00ebsh n\u00eb form\u00eb karkaleci nga Yo Zuri me nj\u00eb trup t\u00eb ndritsh\u00ebm prej p\u00eblhure t\u00eb falsifikuar, dizajn aerodinamik p\u00ebr hedhje t\u00eb gjata dhe cil\u00ebsi nd\u00ebrtimi me rezistenc\u00eb t\u00eb lart\u00eb. Ky \u00ebsht\u00eb nj\u00eb serial shum\u00eb i suksessh\u00ebm, me ekuilib\u00ebr perfekt dhe ngjyra shum\u00eb t\u00ebrheq\u00ebse, disa prej t\u00eb cilave jan\u00eb Glow, t\u00eb tjera [&#8230;]\n","protected":false},"featured_media":8769,"template":"","meta":{"_sitemap_exclude":false,"_sitemap_priority":"","_sitemap_frequency":"","footnotes":""},"product_brand":[],"product_cat":[405],"product_tag":[],"class_list":{"0":"post-13142","1":"product","2":"type-product","3":"status-publish","4":"has-post-thumbnail","6":"product_cat-yo-zuri-sq","8":"first","9":"instock","10":"taxable","11":"shipping-taxable","12":"purchasable","13":"product-type-variable"},"_links":{"self":[{"href":"https:\/\/kalogiros.gr\/sq\/wp-json\/wp\/v2\/product\/13142","targetHints":{"allow":["GET"]}}],"collection":[{"href":"https:\/\/kalogiros.gr\/sq\/wp-json\/wp\/v2\/product"}],"about":[{"href":"https:\/\/kalogiros.gr\/sq\/wp-json\/wp\/v2\/types\/product"}],"version-history":[{"count":0,"href":"https:\/\/kalogiros.gr\/sq\/wp-json\/wp\/v2\/product\/13142\/revisions"}],"wp:featuredmedia":[{"embeddable":true,"href":"https:\/\/kalogiros.gr\/sq\/wp-json\/wp\/v2\/media\/8769"}],"wp:attachment":[{"href":"https:\/\/kalogiros.gr\/sq\/wp-json\/wp\/v2\/media?parent=13142"}],"wp:term":[{"taxonomy":"product_brand","embeddable":true,"href":"https:\/\/kalogiros.gr\/sq\/wp-json\/wp\/v2\/product_brand?post=13142"},{"taxonomy":"product_cat","embeddable":true,"href":"https:\/\/kalogiros.gr\/sq\/wp-json\/wp\/v2\/product_cat?post=13142"},{"taxonomy":"product_tag","embeddable":true,"href":"https:\/\/kalogiros.gr\/sq\/wp-json\/wp\/v2\/product_tag?post=13142"}],"curies":[{"name":"wp","href":"https:\/\/api.w.org\/{rel}","templated":true}]}}