{"id":13165,"date":"2024-12-16T11:21:53","date_gmt":"2025-03-29T11:40:16","guid":{"rendered":"https:\/\/kalogiros.gr\/shop\/uncategorized\/bobina-kallamar-yo-zuri-aurie-q-3-0-a1031n\/"},"modified":"2025-03-29T11:40:16","modified_gmt":"2025-03-29T11:40:16","slug":"bobina-kallamar-yo-zuri-aurie-q-3-0-a1031n","status":"publish","type":"product","link":"https:\/\/kalogiros.gr\/sq\/shop\/sports-fishing-equipment\/squid-jig\/yo-zuri-sq\/bobina-kallamar-yo-zuri-aurie-q-3-0-a1031n\/","title":{"rendered":"bobina kallamar YO-ZURI AURIE-Q 3.0 A1031N"},"content":{"rendered":"<p>Kjo seri \u00ebsht\u00eb produkti m\u00eb i shitur i karkalecave t\u00eb kompanis\u00eb. Ngjyrosje mbres\u00ebl\u00ebn\u00ebse dhe me shpejt\u00ebsi 3,7 sek\/m do t\u00eb jet\u00eb zgjidhja kur gjith\u00e7ka tjet\u00ebr d\u00ebshton. <\/p>\n<p>Modeli A1031N<br \/>\n Madh\u00ebsia #3.0gr<br \/>\n Pesha 14.5 gr.<br \/>\n Fundosje 3.7 sek. \/ m. <\/p>\n<p>Yo-Zuri Egi Aurie-Q \u00ebsht\u00eb nj\u00eb kallamar autentik, tradicional japonez, i bazuar n\u00eb nj\u00eb dizajn q\u00eb p\u00ebrfshin sakt\u00ebsi absolute, uniformitet dhe ekuilib\u00ebr.<\/p>\n<p>P\u00ebr t\u00eb p\u00ebrsosur performanc\u00ebn dhe ekuilibrin e rrobave Egi Aurie-Q\u00ae, Yo-Zuri shfryt\u00ebzoi p\u00ebr her\u00eb t\u00eb par\u00eb vetit\u00eb e materialit ABS. Jig kallamar YoZuri ka ekuilibrin dhe sfidat e p\u00ebrsosura me l\u00ebvizjen e saj t\u00eb but\u00eb dhe shkall\u00ebn e fundosjes. <\/p>\n<p>Yo-Zuri gjithashtu pajisi Aurie Q me lavamanin kund\u00ebr ngat\u00ebrres\u00ebs Snaggless.<\/p>\n<p>Ai gjithashtu p\u00ebrmban nj\u00eb rrotullues rrotullues dhe pamje t\u00ebrheq\u00ebse fosforeshente.<\/p>\n","protected":false},"excerpt":{"rendered":"<p>Kjo seri \u00ebsht\u00eb produkti m\u00eb i shitur i karkalecave t\u00eb kompanis\u00eb. Ngjyrosje mbres\u00ebl\u00ebn\u00ebse dhe me shpejt\u00ebsi 3,7 sek\/m do t\u00eb jet\u00eb zgjidhja kur gjith\u00e7ka tjet\u00ebr d\u00ebshton. Modeli A1031N Madh\u00ebsia #3.0gr Pesha 14.5 gr. Fundosje 3.7 sek. \/ m. Yo-Zuri Egi Aurie-Q \u00ebsht\u00eb nj\u00eb kallamar autentik, tradicional japonez, i bazuar n\u00eb nj\u00eb dizajn q\u00eb p\u00ebrfshin sakt\u00ebsi [&#8230;]\n","protected":false},"featured_media":8966,"template":"","meta":{"_sitemap_exclude":false,"_sitemap_priority":"","_sitemap_frequency":"","footnotes":""},"product_brand":[],"product_cat":[405],"product_tag":[],"class_list":{"0":"post-13165","1":"product","2":"type-product","3":"status-publish","4":"has-post-thumbnail","6":"product_cat-yo-zuri-sq","8":"first","9":"instock","10":"taxable","11":"shipping-taxable","12":"purchasable","13":"product-type-variable"},"_links":{"self":[{"href":"https:\/\/kalogiros.gr\/sq\/wp-json\/wp\/v2\/product\/13165","targetHints":{"allow":["GET"]}}],"collection":[{"href":"https:\/\/kalogiros.gr\/sq\/wp-json\/wp\/v2\/product"}],"about":[{"href":"https:\/\/kalogiros.gr\/sq\/wp-json\/wp\/v2\/types\/product"}],"version-history":[{"count":0,"href":"https:\/\/kalogiros.gr\/sq\/wp-json\/wp\/v2\/product\/13165\/revisions"}],"wp:featuredmedia":[{"embeddable":true,"href":"https:\/\/kalogiros.gr\/sq\/wp-json\/wp\/v2\/media\/8966"}],"wp:attachment":[{"href":"https:\/\/kalogiros.gr\/sq\/wp-json\/wp\/v2\/media?parent=13165"}],"wp:term":[{"taxonomy":"product_brand","embeddable":true,"href":"https:\/\/kalogiros.gr\/sq\/wp-json\/wp\/v2\/product_brand?post=13165"},{"taxonomy":"product_cat","embeddable":true,"href":"https:\/\/kalogiros.gr\/sq\/wp-json\/wp\/v2\/product_cat?post=13165"},{"taxonomy":"product_tag","embeddable":true,"href":"https:\/\/kalogiros.gr\/sq\/wp-json\/wp\/v2\/product_tag?post=13165"}],"curies":[{"name":"wp","href":"https:\/\/api.w.org\/{rel}","templated":true}]}}