{"id":13257,"date":"2024-08-28T09:54:21","date_gmt":"2025-03-29T11:41:45","guid":{"rendered":"https:\/\/kalogiros.gr\/shop\/uncategorized\/grepa-prej-celiku-inox-mustad-2315-ss-50-cope\/"},"modified":"2025-03-29T11:41:45","modified_gmt":"2025-03-29T11:41:45","slug":"grepa-prej-celiku-inox-mustad-2315-ss-50-cope","status":"publish","type":"product","link":"https:\/\/kalogiros.gr\/sq\/shop\/hook\/grepa-prej-celiku-inox-mustad-2315-ss-50-cope\/","title":{"rendered":"Grepa prej \u00e7eliku inox Mustad 2315 SS 50 cop\u00eb"},"content":{"rendered":"<p>Grepa \u00e7eliku inox Mustad 2315 SS n\u00eb pako prej 50 cop\u00eb.<\/p>\n","protected":false},"excerpt":{"rendered":"<p>Grepa \u00e7eliku inox Mustad 2315 SS n\u00eb pako prej 50 cop\u00eb.<\/p>\n","protected":false},"featured_media":8163,"template":"","meta":{"_sitemap_exclude":false,"_sitemap_priority":"","_sitemap_frequency":"","footnotes":""},"product_brand":[],"product_cat":[434],"product_tag":[393,392,394,395],"class_list":{"0":"post-13257","1":"product","2":"type-product","3":"status-publish","4":"has-post-thumbnail","6":"product_cat-hook","7":"product_tag-hook","8":"product_tag-linja-e-peshkimit","9":"product_tag-linja-e-peshkimit-sq","10":"product_tag-long-gjate","12":"first","13":"instock","14":"taxable","15":"shipping-taxable","16":"purchasable","17":"product-type-variable"},"_links":{"self":[{"href":"https:\/\/kalogiros.gr\/sq\/wp-json\/wp\/v2\/product\/13257","targetHints":{"allow":["GET"]}}],"collection":[{"href":"https:\/\/kalogiros.gr\/sq\/wp-json\/wp\/v2\/product"}],"about":[{"href":"https:\/\/kalogiros.gr\/sq\/wp-json\/wp\/v2\/types\/product"}],"version-history":[{"count":0,"href":"https:\/\/kalogiros.gr\/sq\/wp-json\/wp\/v2\/product\/13257\/revisions"}],"wp:featuredmedia":[{"embeddable":true,"href":"https:\/\/kalogiros.gr\/sq\/wp-json\/wp\/v2\/media\/8163"}],"wp:attachment":[{"href":"https:\/\/kalogiros.gr\/sq\/wp-json\/wp\/v2\/media?parent=13257"}],"wp:term":[{"taxonomy":"product_brand","embeddable":true,"href":"https:\/\/kalogiros.gr\/sq\/wp-json\/wp\/v2\/product_brand?post=13257"},{"taxonomy":"product_cat","embeddable":true,"href":"https:\/\/kalogiros.gr\/sq\/wp-json\/wp\/v2\/product_cat?post=13257"},{"taxonomy":"product_tag","embeddable":true,"href":"https:\/\/kalogiros.gr\/sq\/wp-json\/wp\/v2\/product_tag?post=13257"}],"curies":[{"name":"wp","href":"https:\/\/api.w.org\/{rel}","templated":true}]}}