{"id":13277,"date":"2025-01-09T11:08:03","date_gmt":"2025-03-29T11:42:38","guid":{"rendered":"https:\/\/kalogiros.gr\/shop\/uncategorized\/unaze-plastike-per-ecje\/"},"modified":"2025-08-20T10:28:49","modified_gmt":"2025-08-20T10:28:49","slug":"unaze-plastike-per-ecje","status":"publish","type":"product","link":"https:\/\/kalogiros.gr\/sq\/shop\/sports-fishing-equipment\/pezevol\/unaze-plastike-per-ecje\/","title":{"rendered":"Frisbi"},"content":{"rendered":"<p><iframe loading=\"lazy\" title=\"throw net | fishing net | cast net |\" width=\"1020\" height=\"574\" src=\"https:\/\/www.youtube.com\/embed\/cYCMtafniNw?feature=oembed\" frameborder=\"0\" allow=\"accelerometer; autoplay; clipboard-write; encrypted-media; gyroscope; picture-in-picture; web-share\" referrerpolicy=\"strict-origin-when-cross-origin\" allowfullscreen><\/iframe><\/p>\n","protected":false},"excerpt":{"rendered":"<p>Shkop monofilament p\u00ebr ecje me disk plastik (frisbee) p\u00ebr p\u00ebrdorim t\u00eb leht\u00eb!<\/p>\n<p>Trash\u00ebsia e fillit 0,25 milimetra, madh\u00ebsia e rrjet\u00ebs 15 milimetra.<\/p>\n<p>Lart\u00ebsia 2.7 metra, Pesha 2.6 kilogram\u00eb.<\/p>\n","protected":false},"featured_media":9361,"template":"","meta":{"_sitemap_exclude":false,"_sitemap_priority":"","_sitemap_frequency":"","footnotes":""},"product_brand":[],"product_cat":[208],"product_tag":[],"class_list":{"0":"post-13277","1":"product","2":"type-product","3":"status-publish","4":"has-post-thumbnail","6":"product_cat-pezevol","8":"first","9":"outofstock","10":"taxable","11":"shipping-taxable","12":"purchasable","13":"product-type-simple"},"_links":{"self":[{"href":"https:\/\/kalogiros.gr\/sq\/wp-json\/wp\/v2\/product\/13277","targetHints":{"allow":["GET"]}}],"collection":[{"href":"https:\/\/kalogiros.gr\/sq\/wp-json\/wp\/v2\/product"}],"about":[{"href":"https:\/\/kalogiros.gr\/sq\/wp-json\/wp\/v2\/types\/product"}],"version-history":[{"count":1,"href":"https:\/\/kalogiros.gr\/sq\/wp-json\/wp\/v2\/product\/13277\/revisions"}],"predecessor-version":[{"id":13942,"href":"https:\/\/kalogiros.gr\/sq\/wp-json\/wp\/v2\/product\/13277\/revisions\/13942"}],"wp:featuredmedia":[{"embeddable":true,"href":"https:\/\/kalogiros.gr\/sq\/wp-json\/wp\/v2\/media\/9361"}],"wp:attachment":[{"href":"https:\/\/kalogiros.gr\/sq\/wp-json\/wp\/v2\/media?parent=13277"}],"wp:term":[{"taxonomy":"product_brand","embeddable":true,"href":"https:\/\/kalogiros.gr\/sq\/wp-json\/wp\/v2\/product_brand?post=13277"},{"taxonomy":"product_cat","embeddable":true,"href":"https:\/\/kalogiros.gr\/sq\/wp-json\/wp\/v2\/product_cat?post=13277"},{"taxonomy":"product_tag","embeddable":true,"href":"https:\/\/kalogiros.gr\/sq\/wp-json\/wp\/v2\/product_tag?post=13277"}],"curies":[{"name":"wp","href":"https:\/\/api.w.org\/{rel}","templated":true}]}}