{"id":13456,"date":"2025-05-06T06:54:19","date_gmt":"2025-05-06T06:54:27","guid":{"rendered":"https:\/\/kalogiros.gr\/shop\/uncategorized\/pantallona-atlas-te-papershkueshme-nga-uji\/"},"modified":"2025-10-10T15:54:59","modified_gmt":"2025-10-10T15:54:59","slug":"pantallona-atlas-te-papershkueshme-nga-uji","status":"publish","type":"product","link":"https:\/\/kalogiros.gr\/sq\/shop\/mushama\/pantallona-atlas-te-papershkueshme-nga-uji\/","title":{"rendered":"Pantallona t\u00eb pap\u00ebrshkueshme nga uji (m\u00eb t\u00eb mira) ATLAS"},"content":{"rendered":"<p>Pantallona ATLAS t\u00eb pap\u00ebrshkueshme nga uji<\/p>\n<p> Trash\u00ebsia 0.45 mm<\/p>\n<p>&nbsp;<\/p>\n","protected":false},"excerpt":{"rendered":"<p>Pantallona ATLAS t\u00eb pap\u00ebrshkueshme nga uji Trash\u00ebsia 0.45 mm &nbsp;<\/p>\n","protected":false},"featured_media":13451,"template":"","meta":{"_sitemap_exclude":false,"_sitemap_priority":"","_sitemap_frequency":"","footnotes":""},"product_brand":[],"product_cat":[262],"product_tag":[],"class_list":{"0":"post-13456","1":"product","2":"type-product","3":"status-publish","4":"has-post-thumbnail","6":"product_cat-mushama","8":"first","9":"instock","10":"taxable","11":"shipping-taxable","12":"purchasable","13":"product-type-variable"},"_links":{"self":[{"href":"https:\/\/kalogiros.gr\/sq\/wp-json\/wp\/v2\/product\/13456","targetHints":{"allow":["GET"]}}],"collection":[{"href":"https:\/\/kalogiros.gr\/sq\/wp-json\/wp\/v2\/product"}],"about":[{"href":"https:\/\/kalogiros.gr\/sq\/wp-json\/wp\/v2\/types\/product"}],"version-history":[{"count":1,"href":"https:\/\/kalogiros.gr\/sq\/wp-json\/wp\/v2\/product\/13456\/revisions"}],"predecessor-version":[{"id":13545,"href":"https:\/\/kalogiros.gr\/sq\/wp-json\/wp\/v2\/product\/13456\/revisions\/13545"}],"wp:featuredmedia":[{"embeddable":true,"href":"https:\/\/kalogiros.gr\/sq\/wp-json\/wp\/v2\/media\/13451"}],"wp:attachment":[{"href":"https:\/\/kalogiros.gr\/sq\/wp-json\/wp\/v2\/media?parent=13456"}],"wp:term":[{"taxonomy":"product_brand","embeddable":true,"href":"https:\/\/kalogiros.gr\/sq\/wp-json\/wp\/v2\/product_brand?post=13456"},{"taxonomy":"product_cat","embeddable":true,"href":"https:\/\/kalogiros.gr\/sq\/wp-json\/wp\/v2\/product_cat?post=13456"},{"taxonomy":"product_tag","embeddable":true,"href":"https:\/\/kalogiros.gr\/sq\/wp-json\/wp\/v2\/product_tag?post=13456"}],"curies":[{"name":"wp","href":"https:\/\/api.w.org\/{rel}","templated":true}]}}