{"id":13487,"date":"2025-05-06T06:55:16","date_gmt":"2025-05-06T06:55:23","guid":{"rendered":"https:\/\/kalogiros.gr\/shop\/uncategorized\/xhakete-e-papershkueshme-nga-uji-atlas-xhakete\/"},"modified":"2025-10-10T15:46:04","modified_gmt":"2025-10-10T15:46:04","slug":"xhakete-e-papershkueshme-nga-uji-atlas-xhakete","status":"publish","type":"product","link":"https:\/\/kalogiros.gr\/sq\/shop\/mushama\/xhakete-e-papershkueshme-nga-uji-atlas-xhakete\/","title":{"rendered":"Xhaket\u00eb e pap\u00ebrshkueshme nga uji (Nicester) ATLAS"},"content":{"rendered":"<p>Xhaket\u00eb e pap\u00ebrshkueshme nga uji ATLAS (xhaket\u00eb)<\/p>\n<p> Trash\u00ebsia 0.45 mm<\/p>\n","protected":false},"excerpt":{"rendered":"<p>Xhaket\u00eb e pap\u00ebrshkueshme nga uji ATLAS (xhaket\u00eb) Trash\u00ebsia 0.45 mm<\/p>\n","protected":false},"featured_media":13445,"template":"","meta":{"_sitemap_exclude":false,"_sitemap_priority":"","_sitemap_frequency":"","footnotes":""},"product_brand":[],"product_cat":[262],"product_tag":[],"class_list":{"0":"post-13487","1":"product","2":"type-product","3":"status-publish","4":"has-post-thumbnail","6":"product_cat-mushama","8":"first","9":"instock","10":"taxable","11":"shipping-taxable","12":"purchasable","13":"product-type-variable"},"_links":{"self":[{"href":"https:\/\/kalogiros.gr\/sq\/wp-json\/wp\/v2\/product\/13487","targetHints":{"allow":["GET"]}}],"collection":[{"href":"https:\/\/kalogiros.gr\/sq\/wp-json\/wp\/v2\/product"}],"about":[{"href":"https:\/\/kalogiros.gr\/sq\/wp-json\/wp\/v2\/types\/product"}],"version-history":[{"count":2,"href":"https:\/\/kalogiros.gr\/sq\/wp-json\/wp\/v2\/product\/13487\/revisions"}],"predecessor-version":[{"id":13572,"href":"https:\/\/kalogiros.gr\/sq\/wp-json\/wp\/v2\/product\/13487\/revisions\/13572"}],"wp:featuredmedia":[{"embeddable":true,"href":"https:\/\/kalogiros.gr\/sq\/wp-json\/wp\/v2\/media\/13445"}],"wp:attachment":[{"href":"https:\/\/kalogiros.gr\/sq\/wp-json\/wp\/v2\/media?parent=13487"}],"wp:term":[{"taxonomy":"product_brand","embeddable":true,"href":"https:\/\/kalogiros.gr\/sq\/wp-json\/wp\/v2\/product_brand?post=13487"},{"taxonomy":"product_cat","embeddable":true,"href":"https:\/\/kalogiros.gr\/sq\/wp-json\/wp\/v2\/product_cat?post=13487"},{"taxonomy":"product_tag","embeddable":true,"href":"https:\/\/kalogiros.gr\/sq\/wp-json\/wp\/v2\/product_tag?post=13487"}],"curies":[{"name":"wp","href":"https:\/\/api.w.org\/{rel}","templated":true}]}}