{"id":13812,"date":"2025-07-10T17:19:35","date_gmt":"2025-07-10T17:19:42","guid":{"rendered":"https:\/\/kalogiros.gr\/shop\/uncategorized\/mbulesa-mbrojtese-per-varka\/"},"modified":"2025-07-10T17:19:42","modified_gmt":"2025-07-10T17:19:42","slug":"mbulesa-mbrojtese-per-varka","status":"publish","type":"product","link":"https:\/\/kalogiros.gr\/sq\/shop\/uncategorized-sq\/mbulesa-mbrojtese-per-varka\/","title":{"rendered":"Mbulesa Mbrojt\u00ebse p\u00ebr Varka"},"content":{"rendered":"<p>Mbules\u00eb mbrojt\u00ebse p\u00ebr vark\u00eb e b\u00ebr\u00eb nga materiali EVA, n\u00eb dimensione t\u00eb m\u00ebdha.<\/p>\n<p>T\u00eb q\u00ebndrueshme, hermetike, nuk shfryhen dhe nuk shp\u00ebrthejn\u00eb!<\/p>\n","protected":false},"excerpt":{"rendered":"<p>Mbules\u00eb mbrojt\u00ebse p\u00ebr vark\u00eb e b\u00ebr\u00eb nga materiali EVA, n\u00eb dimensione t\u00eb m\u00ebdha. T\u00eb q\u00ebndrueshme, hermetike, nuk shfryhen dhe nuk shp\u00ebrthejn\u00eb!<\/p>\n","protected":false},"featured_media":13797,"template":"","meta":{"_sitemap_exclude":false,"_sitemap_priority":"","_sitemap_frequency":"","footnotes":""},"product_brand":[],"product_cat":[259],"product_tag":[],"class_list":{"0":"post-13812","1":"product","2":"type-product","3":"status-publish","4":"has-post-thumbnail","6":"product_cat-uncategorized-sq","8":"first","9":"instock","10":"taxable","11":"shipping-taxable","12":"purchasable","13":"product-type-variable"},"_links":{"self":[{"href":"https:\/\/kalogiros.gr\/sq\/wp-json\/wp\/v2\/product\/13812","targetHints":{"allow":["GET"]}}],"collection":[{"href":"https:\/\/kalogiros.gr\/sq\/wp-json\/wp\/v2\/product"}],"about":[{"href":"https:\/\/kalogiros.gr\/sq\/wp-json\/wp\/v2\/types\/product"}],"version-history":[{"count":0,"href":"https:\/\/kalogiros.gr\/sq\/wp-json\/wp\/v2\/product\/13812\/revisions"}],"wp:featuredmedia":[{"embeddable":true,"href":"https:\/\/kalogiros.gr\/sq\/wp-json\/wp\/v2\/media\/13797"}],"wp:attachment":[{"href":"https:\/\/kalogiros.gr\/sq\/wp-json\/wp\/v2\/media?parent=13812"}],"wp:term":[{"taxonomy":"product_brand","embeddable":true,"href":"https:\/\/kalogiros.gr\/sq\/wp-json\/wp\/v2\/product_brand?post=13812"},{"taxonomy":"product_cat","embeddable":true,"href":"https:\/\/kalogiros.gr\/sq\/wp-json\/wp\/v2\/product_cat?post=13812"},{"taxonomy":"product_tag","embeddable":true,"href":"https:\/\/kalogiros.gr\/sq\/wp-json\/wp\/v2\/product_tag?post=13812"}],"curies":[{"name":"wp","href":"https:\/\/api.w.org\/{rel}","templated":true}]}}