{"id":14048,"date":"2025-09-18T16:47:38","date_gmt":"2025-09-18T16:47:46","guid":{"rendered":"https:\/\/kalogiros.gr\/shop\/uncategorized\/kurth-i-palosshem-gjigant-opera\/"},"modified":"2025-09-19T06:11:16","modified_gmt":"2025-09-19T06:11:16","slug":"kurth-i-palosshem-gjigant-opera","status":"publish","type":"product","link":"https:\/\/kalogiros.gr\/sq\/shop\/sports-fishing-equipment\/kurthe\/kurth-i-palosshem-gjigant-opera\/","title":{"rendered":"Kurth i palossh\u00ebm gjigant (Opera)"},"content":{"rendered":"<p>Kurth peshku n\u00eb stilin e oper\u00ebs n\u00eb madh\u00ebsi gjigante.<\/p>\n<p> Gjat\u00ebsia: 115 cm<br \/>\n Gjer\u00ebsia: 64 cm<br \/>\n Lart\u00ebsia: 58 cm<\/p>\n<p> Madh\u00ebsia e rrjet\u00ebs 28 mm, trash\u00ebsia e fillit 380\/27<\/p>\n","protected":false},"excerpt":{"rendered":"<p>&nbsp;<\/p>\n","protected":false},"featured_media":14024,"template":"","meta":{"_sitemap_exclude":false,"_sitemap_priority":"","_sitemap_frequency":"","footnotes":""},"product_brand":[],"product_cat":[504],"product_tag":[],"class_list":{"0":"post-14048","1":"product","2":"type-product","3":"status-publish","4":"has-post-thumbnail","6":"product_cat-kurthe","8":"first","9":"instock","10":"taxable","11":"shipping-taxable","12":"purchasable","13":"product-type-simple"},"_links":{"self":[{"href":"https:\/\/kalogiros.gr\/sq\/wp-json\/wp\/v2\/product\/14048","targetHints":{"allow":["GET"]}}],"collection":[{"href":"https:\/\/kalogiros.gr\/sq\/wp-json\/wp\/v2\/product"}],"about":[{"href":"https:\/\/kalogiros.gr\/sq\/wp-json\/wp\/v2\/types\/product"}],"version-history":[{"count":1,"href":"https:\/\/kalogiros.gr\/sq\/wp-json\/wp\/v2\/product\/14048\/revisions"}],"predecessor-version":[{"id":14062,"href":"https:\/\/kalogiros.gr\/sq\/wp-json\/wp\/v2\/product\/14048\/revisions\/14062"}],"wp:featuredmedia":[{"embeddable":true,"href":"https:\/\/kalogiros.gr\/sq\/wp-json\/wp\/v2\/media\/14024"}],"wp:attachment":[{"href":"https:\/\/kalogiros.gr\/sq\/wp-json\/wp\/v2\/media?parent=14048"}],"wp:term":[{"taxonomy":"product_brand","embeddable":true,"href":"https:\/\/kalogiros.gr\/sq\/wp-json\/wp\/v2\/product_brand?post=14048"},{"taxonomy":"product_cat","embeddable":true,"href":"https:\/\/kalogiros.gr\/sq\/wp-json\/wp\/v2\/product_cat?post=14048"},{"taxonomy":"product_tag","embeddable":true,"href":"https:\/\/kalogiros.gr\/sq\/wp-json\/wp\/v2\/product_tag?post=14048"}],"curies":[{"name":"wp","href":"https:\/\/api.w.org\/{rel}","templated":true}]}}