{"id":14404,"date":"2025-10-10T16:26:18","date_gmt":"2025-10-10T16:26:24","guid":{"rendered":"https:\/\/kalogiros.gr\/shop\/uncategorized\/pantallona-te-papershkueshme-nga-uji-me-cizme-galloches\/"},"modified":"2025-10-10T16:26:56","modified_gmt":"2025-10-10T16:26:56","slug":"pantallona-te-papershkueshme-nga-uji-me-cizme-galloches","status":"publish","type":"product","link":"https:\/\/kalogiros.gr\/sq\/shop\/mushama\/pantallona-te-papershkueshme-nga-uji-me-cizme-galloches\/","title":{"rendered":"Pantallona t\u00eb pap\u00ebrshkueshme nga uji me \u00e7izme (Gloats) Atlas"},"content":{"rendered":"","protected":false},"excerpt":{"rendered":"<p>Pantallona najloni t\u00eb pap\u00ebrshkueshme nga uji me cil\u00ebsi t\u00eb lart\u00eb dhe \u00e7izme.<\/p>\n","protected":false},"featured_media":14115,"template":"","meta":{"_sitemap_exclude":false,"_sitemap_priority":"","_sitemap_frequency":"","footnotes":""},"product_brand":[],"product_cat":[262],"product_tag":[],"class_list":{"0":"post-14404","1":"product","2":"type-product","3":"status-publish","4":"has-post-thumbnail","6":"product_cat-mushama","8":"first","9":"outofstock","10":"taxable","11":"shipping-taxable","12":"purchasable","13":"product-type-variable"},"_links":{"self":[{"href":"https:\/\/kalogiros.gr\/sq\/wp-json\/wp\/v2\/product\/14404","targetHints":{"allow":["GET"]}}],"collection":[{"href":"https:\/\/kalogiros.gr\/sq\/wp-json\/wp\/v2\/product"}],"about":[{"href":"https:\/\/kalogiros.gr\/sq\/wp-json\/wp\/v2\/types\/product"}],"version-history":[{"count":1,"href":"https:\/\/kalogiros.gr\/sq\/wp-json\/wp\/v2\/product\/14404\/revisions"}],"predecessor-version":[{"id":14443,"href":"https:\/\/kalogiros.gr\/sq\/wp-json\/wp\/v2\/product\/14404\/revisions\/14443"}],"wp:featuredmedia":[{"embeddable":true,"href":"https:\/\/kalogiros.gr\/sq\/wp-json\/wp\/v2\/media\/14115"}],"wp:attachment":[{"href":"https:\/\/kalogiros.gr\/sq\/wp-json\/wp\/v2\/media?parent=14404"}],"wp:term":[{"taxonomy":"product_brand","embeddable":true,"href":"https:\/\/kalogiros.gr\/sq\/wp-json\/wp\/v2\/product_brand?post=14404"},{"taxonomy":"product_cat","embeddable":true,"href":"https:\/\/kalogiros.gr\/sq\/wp-json\/wp\/v2\/product_cat?post=14404"},{"taxonomy":"product_tag","embeddable":true,"href":"https:\/\/kalogiros.gr\/sq\/wp-json\/wp\/v2\/product_tag?post=14404"}],"curies":[{"name":"wp","href":"https:\/\/api.w.org\/{rel}","templated":true}]}}