{"id":14693,"date":"2022-07-12T15:57:56","date_gmt":"2022-07-12T15:57:56","guid":{"rendered":"https:\/\/kalogiros.gr\/shop\/uncategorized\/rrjete-peshkimi-e-lidhur-me-litar-tape-dhe-litar-hekuri-llastik-gri-0-18-lartesi-1-8m-gjatesi-60m\/"},"modified":"2026-02-13T11:19:35","modified_gmt":"2026-02-13T11:19:35","slug":"rrjete-peshkimi-e-lidhur-me-litar-tape-dhe-litar-hekuri-llastik-gri-0-18-lartesi-1-8m-gjatesi-60m","status":"publish","type":"product","link":"https:\/\/kalogiros.gr\/sq\/shop\/rrjeta-te-montuara\/me-litar-thurje-dhe-litar-hekuri\/rrjete-peshkimi-e-lidhur-me-litar-tape-dhe-litar-hekuri-llastik-gri-0-18-lartesi-1-8m-gjatesi-60m\/","title":{"rendered":"Rrjet\u00eb peshkimi e lidhur me litar tape dhe litar hekuri (llastik). Gri 0.18, lart\u00ebsi 1.8m, gjat\u00ebsi 60m"},"content":{"rendered":"<p>Rrjet\u00eb peshkimi e lidhur me litar tape dhe litar hekuri (llastik). Gri 0.18, lart\u00ebsi 1.8m, gjat\u00ebsi 60m <\/p>\n","protected":false},"excerpt":{"rendered":"<p>Trash\u00ebsia e filetos 0.18 mm<\/p>\n<p> 1.8 metra i gjat\u00eb<\/p>\n<p> 60 metra i gjat\u00eb<\/p>\n<p> Gri<\/p>\n<p> (shuplak\u00eb)<\/p>\n<p>&nbsp;<\/p>\n","protected":false},"featured_media":3703,"template":"","meta":{"_sitemap_exclude":false,"_sitemap_priority":"","_sitemap_frequency":"","footnotes":""},"product_brand":[],"product_cat":[509,433],"product_tag":[],"class_list":{"0":"post-14693","1":"product","2":"type-product","3":"status-publish","4":"has-post-thumbnail","6":"product_cat-me-litar-thurje-dhe-litar-hekuri","7":"product_cat-rrjeta-te-montuara","9":"first","10":"instock","11":"taxable","12":"shipping-taxable","13":"purchasable","14":"product-type-variable"},"_links":{"self":[{"href":"https:\/\/kalogiros.gr\/sq\/wp-json\/wp\/v2\/product\/14693","targetHints":{"allow":["GET"]}}],"collection":[{"href":"https:\/\/kalogiros.gr\/sq\/wp-json\/wp\/v2\/product"}],"about":[{"href":"https:\/\/kalogiros.gr\/sq\/wp-json\/wp\/v2\/types\/product"}],"version-history":[{"count":0,"href":"https:\/\/kalogiros.gr\/sq\/wp-json\/wp\/v2\/product\/14693\/revisions"}],"wp:featuredmedia":[{"embeddable":true,"href":"https:\/\/kalogiros.gr\/sq\/wp-json\/wp\/v2\/media\/3703"}],"wp:attachment":[{"href":"https:\/\/kalogiros.gr\/sq\/wp-json\/wp\/v2\/media?parent=14693"}],"wp:term":[{"taxonomy":"product_brand","embeddable":true,"href":"https:\/\/kalogiros.gr\/sq\/wp-json\/wp\/v2\/product_brand?post=14693"},{"taxonomy":"product_cat","embeddable":true,"href":"https:\/\/kalogiros.gr\/sq\/wp-json\/wp\/v2\/product_cat?post=14693"},{"taxonomy":"product_tag","embeddable":true,"href":"https:\/\/kalogiros.gr\/sq\/wp-json\/wp\/v2\/product_tag?post=14693"}],"curies":[{"name":"wp","href":"https:\/\/api.w.org\/{rel}","templated":true}]}}