{"id":14725,"date":"2026-02-13T11:33:54","date_gmt":"2026-02-13T11:33:54","guid":{"rendered":"https:\/\/kalogiros.gr\/shop\/uncategorized\/rrjete-peshkimi-e-lidhur-me-litar-tape-dhe-litar-hekuri-me-mano-gri-vjollce-0-18-lartesi-1-5m-gjatesi-60m\/"},"modified":"2026-02-13T11:36:23","modified_gmt":"2026-02-13T11:36:23","slug":"rrjete-peshkimi-e-lidhur-me-litar-tape-dhe-litar-hekuri-me-mano-gri-vjollce-0-18-lartesi-1-5m-gjatesi-60m","status":"publish","type":"product","link":"https:\/\/kalogiros.gr\/sq\/shop\/rrjeta-te-montuara\/me-litar-thurje-dhe-litar-hekuri\/rrjete-peshkimi-e-lidhur-me-litar-tape-dhe-litar-hekuri-me-mano-gri-vjollce-0-18-lartesi-1-5m-gjatesi-60m\/","title":{"rendered":"Rrjet\u00eb peshkimi e lidhur me litar tape dhe litar hekuri me mano. Gri-Vjollc\u00eb 0.18, lart\u00ebsi 1.5m, gjat\u00ebsi 60m"},"content":{"rendered":"<p><img loading=\"lazy\" decoding=\"async\" src=\"https:\/\/kalogiros.gr\/wp-content\/uploads\/2025\/01\/finland-multi-1-499x400.jpg\" alt=\"\" width=\"499\" height=\"400\" class=\"alignnone size-medium wp-image-9378\" srcset=\"https:\/\/kalogiros.gr\/wp-content\/uploads\/2025\/01\/finland-multi-1-499x400.jpg 499w, https:\/\/kalogiros.gr\/wp-content\/uploads\/2025\/01\/finland-multi-1-768x615.jpg 768w, https:\/\/kalogiros.gr\/wp-content\/uploads\/2025\/01\/finland-multi-1-800x641.jpg 800w, https:\/\/kalogiros.gr\/wp-content\/uploads\/2025\/01\/finland-multi-1.jpg 990w\" sizes=\"auto, (max-width: 499px) 100vw, 499px\" \/><\/p>\n<p><img loading=\"lazy\" decoding=\"async\" src=\"https:\/\/kalogiros.gr\/wp-content\/uploads\/2025\/01\/finland-multi-5-400x400.jpg\" alt=\"\" width=\"400\" height=\"400\" class=\"alignnone size-medium wp-image-9384\" srcset=\"https:\/\/kalogiros.gr\/wp-content\/uploads\/2025\/01\/finland-multi-5-400x400.jpg 400w, https:\/\/kalogiros.gr\/wp-content\/uploads\/2025\/01\/finland-multi-5-800x800.jpg 800w, https:\/\/kalogiros.gr\/wp-content\/uploads\/2025\/01\/finland-multi-5-280x280.jpg 280w, https:\/\/kalogiros.gr\/wp-content\/uploads\/2025\/01\/finland-multi-5-768x768.jpg 768w, https:\/\/kalogiros.gr\/wp-content\/uploads\/2025\/01\/finland-multi-5-100x100.jpg 100w, https:\/\/kalogiros.gr\/wp-content\/uploads\/2025\/01\/finland-multi-5.jpg 1001w\" sizes=\"auto, (max-width: 400px) 100vw, 400px\" \/><\/p>\n<p><img loading=\"lazy\" decoding=\"async\" src=\"https:\/\/kalogiros.gr\/wp-content\/uploads\/2025\/01\/finland-multi-4-400x400.jpg\" alt=\"\" width=\"400\" height=\"400\" class=\"alignnone size-medium wp-image-9390\" srcset=\"https:\/\/kalogiros.gr\/wp-content\/uploads\/2025\/01\/finland-multi-4-400x400.jpg 400w, https:\/\/kalogiros.gr\/wp-content\/uploads\/2025\/01\/finland-multi-4-800x800.jpg 800w, https:\/\/kalogiros.gr\/wp-content\/uploads\/2025\/01\/finland-multi-4-280x280.jpg 280w, https:\/\/kalogiros.gr\/wp-content\/uploads\/2025\/01\/finland-multi-4-768x768.jpg 768w, https:\/\/kalogiros.gr\/wp-content\/uploads\/2025\/01\/finland-multi-4-100x100.jpg 100w, https:\/\/kalogiros.gr\/wp-content\/uploads\/2025\/01\/finland-multi-4.jpg 1001w\" sizes=\"auto, (max-width: 400px) 100vw, 400px\" \/><\/p>\n<p><img loading=\"lazy\" decoding=\"async\" src=\"https:\/\/kalogiros.gr\/wp-content\/uploads\/2025\/01\/finland-multi-2-400x400.jpg\" alt=\"\" width=\"400\" height=\"400\" class=\"alignnone size-medium wp-image-9372\" srcset=\"https:\/\/kalogiros.gr\/wp-content\/uploads\/2025\/01\/finland-multi-2-400x400.jpg 400w, https:\/\/kalogiros.gr\/wp-content\/uploads\/2025\/01\/finland-multi-2-800x800.jpg 800w, https:\/\/kalogiros.gr\/wp-content\/uploads\/2025\/01\/finland-multi-2-280x280.jpg 280w, https:\/\/kalogiros.gr\/wp-content\/uploads\/2025\/01\/finland-multi-2-768x768.jpg 768w, https:\/\/kalogiros.gr\/wp-content\/uploads\/2025\/01\/finland-multi-2-100x100.jpg 100w, https:\/\/kalogiros.gr\/wp-content\/uploads\/2025\/01\/finland-multi-2.jpg 1000w\" sizes=\"auto, (max-width: 400px) 100vw, 400px\" \/><\/p>\n<p><img loading=\"lazy\" decoding=\"async\" src=\"https:\/\/kalogiros.gr\/wp-content\/uploads\/2025\/01\/finland-multi-3-400x400.jpg\" alt=\"\" width=\"400\" height=\"400\" class=\"alignnone size-medium wp-image-9396\" srcset=\"https:\/\/kalogiros.gr\/wp-content\/uploads\/2025\/01\/finland-multi-3-400x400.jpg 400w, https:\/\/kalogiros.gr\/wp-content\/uploads\/2025\/01\/finland-multi-3-800x800.jpg 800w, https:\/\/kalogiros.gr\/wp-content\/uploads\/2025\/01\/finland-multi-3-280x280.jpg 280w, https:\/\/kalogiros.gr\/wp-content\/uploads\/2025\/01\/finland-multi-3-768x768.jpg 768w, https:\/\/kalogiros.gr\/wp-content\/uploads\/2025\/01\/finland-multi-3-100x100.jpg 100w, https:\/\/kalogiros.gr\/wp-content\/uploads\/2025\/01\/finland-multi-3.jpg 1000w\" sizes=\"auto, (max-width: 400px) 100vw, 400px\" \/>Rrjet\u00eb peshkimi e lidhur me litar tape dhe litar hekuri me mano. Gri-Vjollc\u00eb 0.18, lart\u00ebsi 1.5m, gjat\u00ebsi 60m <\/p>\n","protected":false},"excerpt":{"rendered":"<p>Trash\u00ebsia e filetos 0.18 mm<\/p>\n<p> 1.8 metra i gjat\u00eb<\/p>\n<p> 60 metra i gjat\u00eb<\/p>\n<p> Gri-Vjollc\u00eb<\/p>\n<p> Me nj\u00eb n\u00ebn\u00eb<\/p>\n<p>&nbsp;<\/p>\n","protected":false},"featured_media":9379,"template":"","meta":{"_sitemap_exclude":false,"_sitemap_priority":"","_sitemap_frequency":"","footnotes":""},"product_brand":[],"product_cat":[509,433],"product_tag":[],"class_list":{"0":"post-14725","1":"product","2":"type-product","3":"status-publish","4":"has-post-thumbnail","6":"product_cat-me-litar-thurje-dhe-litar-hekuri","7":"product_cat-rrjeta-te-montuara","9":"first","10":"instock","11":"taxable","12":"shipping-taxable","13":"purchasable","14":"product-type-variable"},"_links":{"self":[{"href":"https:\/\/kalogiros.gr\/sq\/wp-json\/wp\/v2\/product\/14725","targetHints":{"allow":["GET"]}}],"collection":[{"href":"https:\/\/kalogiros.gr\/sq\/wp-json\/wp\/v2\/product"}],"about":[{"href":"https:\/\/kalogiros.gr\/sq\/wp-json\/wp\/v2\/types\/product"}],"version-history":[{"count":1,"href":"https:\/\/kalogiros.gr\/sq\/wp-json\/wp\/v2\/product\/14725\/revisions"}],"predecessor-version":[{"id":14749,"href":"https:\/\/kalogiros.gr\/sq\/wp-json\/wp\/v2\/product\/14725\/revisions\/14749"}],"wp:featuredmedia":[{"embeddable":true,"href":"https:\/\/kalogiros.gr\/sq\/wp-json\/wp\/v2\/media\/9379"}],"wp:attachment":[{"href":"https:\/\/kalogiros.gr\/sq\/wp-json\/wp\/v2\/media?parent=14725"}],"wp:term":[{"taxonomy":"product_brand","embeddable":true,"href":"https:\/\/kalogiros.gr\/sq\/wp-json\/wp\/v2\/product_brand?post=14725"},{"taxonomy":"product_cat","embeddable":true,"href":"https:\/\/kalogiros.gr\/sq\/wp-json\/wp\/v2\/product_cat?post=14725"},{"taxonomy":"product_tag","embeddable":true,"href":"https:\/\/kalogiros.gr\/sq\/wp-json\/wp\/v2\/product_tag?post=14725"}],"curies":[{"name":"wp","href":"https:\/\/api.w.org\/{rel}","templated":true}]}}