{"id":15631,"date":"2026-04-20T10:13:26","date_gmt":"2026-04-20T10:13:26","guid":{"rendered":"https:\/\/kalogiros.gr\/shop\/uncategorized\/kurthe-te-operes-opera\/"},"modified":"2026-04-20T10:15:29","modified_gmt":"2026-04-20T10:15:29","slug":"kurthe-te-operes-opera","status":"publish","type":"product","link":"https:\/\/kalogiros.gr\/sq\/shop\/sports-fishing-equipment\/kurthe\/kurthe-te-operes-opera\/","title":{"rendered":"Kurthe t\u00eb Oper\u00ebs (OPERA)"},"content":{"rendered":"<p>Kurthe OPERA me p\u00ebrmasa 60*45*25 centimetra, pesh\u00eb 600 gram\u00eb dhe madh\u00ebsi rrjete 13 milimetra.<\/p>\n<p>\u00cbsht\u00eb nj\u00eb kurth i palossh\u00ebm, me nj\u00eb korniz\u00eb t\u00eb zez\u00eb t\u00eb q\u00ebndrueshme, i leht\u00eb p\u00ebr t\u2019u p\u00ebrdorur, i shpejt\u00eb p\u00ebr t\u2019u montuar!<\/p>\n<p>Me nj\u00eb rrjet\u00eb - qese t\u00eb ve\u00e7ant\u00eb p\u00ebr karremin!<\/p>\n<p>Ideale p\u00ebr peshq, karavidhe, oktapod\u00eb, etj.!<\/p>\n","protected":false},"excerpt":{"rendered":"<p>Kurthe OPERA me p\u00ebrmasa 60*45*25 centimetra, pesh\u00eb 600 gram\u00eb dhe madh\u00ebsi rrjete 13 milimetra. \u00cbsht\u00eb nj\u00eb kurth i palossh\u00ebm, me nj\u00eb korniz\u00eb t\u00eb zez\u00eb t\u00eb q\u00ebndrueshme, i leht\u00eb p\u00ebr t\u2019u p\u00ebrdorur, i shpejt\u00eb p\u00ebr t\u2019u montuar! Me nj\u00eb rrjet\u00eb - qese t\u00eb ve\u00e7ant\u00eb p\u00ebr karremin! Ideale p\u00ebr peshq, karavidhe, oktapod\u00eb, etj.!<\/p>\n","protected":false},"featured_media":15599,"template":"","meta":{"_sitemap_exclude":false,"_sitemap_priority":"","_sitemap_frequency":"","footnotes":""},"product_brand":[],"product_cat":[504],"product_tag":[],"class_list":{"0":"post-15631","1":"product","2":"type-product","3":"status-publish","4":"has-post-thumbnail","6":"product_cat-kurthe","8":"first","9":"instock","10":"taxable","11":"shipping-taxable","12":"purchasable","13":"product-type-simple"},"_links":{"self":[{"href":"https:\/\/kalogiros.gr\/sq\/wp-json\/wp\/v2\/product\/15631","targetHints":{"allow":["GET"]}}],"collection":[{"href":"https:\/\/kalogiros.gr\/sq\/wp-json\/wp\/v2\/product"}],"about":[{"href":"https:\/\/kalogiros.gr\/sq\/wp-json\/wp\/v2\/types\/product"}],"version-history":[{"count":0,"href":"https:\/\/kalogiros.gr\/sq\/wp-json\/wp\/v2\/product\/15631\/revisions"}],"wp:featuredmedia":[{"embeddable":true,"href":"https:\/\/kalogiros.gr\/sq\/wp-json\/wp\/v2\/media\/15599"}],"wp:attachment":[{"href":"https:\/\/kalogiros.gr\/sq\/wp-json\/wp\/v2\/media?parent=15631"}],"wp:term":[{"taxonomy":"product_brand","embeddable":true,"href":"https:\/\/kalogiros.gr\/sq\/wp-json\/wp\/v2\/product_brand?post=15631"},{"taxonomy":"product_cat","embeddable":true,"href":"https:\/\/kalogiros.gr\/sq\/wp-json\/wp\/v2\/product_cat?post=15631"},{"taxonomy":"product_tag","embeddable":true,"href":"https:\/\/kalogiros.gr\/sq\/wp-json\/wp\/v2\/product_tag?post=15631"}],"curies":[{"name":"wp","href":"https:\/\/api.w.org\/{rel}","templated":true}]}}