{"id":2053,"date":"2021-10-30T09:47:25","date_gmt":"2021-10-30T09:47:25","guid":{"rendered":"https:\/\/kalogiros.gr\/shop\/uncategorized\/br-6\/"},"modified":"2025-03-28T18:12:50","modified_gmt":"2025-03-28T18:12:50","slug":"br-6","status":"publish","type":"product","link":"https:\/\/kalogiros.gr\/sq\/shop\/tape\/tape-per-rrjetat-e-gushes\/tapa-per-ne-thellesi-shume-te-medha\/br-6\/","title":{"rendered":"BR 6"},"content":{"rendered":"<table class=\" aligncenter\" style=\"height: 196px;\" width=\"860\">\n<tbody>\n<tr>\n<td style=\"font-weight: 400;\" width=\"80%\"><strong>Lloji<\/strong> PRO UJI I THELL\u00cb<\/td>\n<td style=\"text-align: center;\" width=\"100\">6<\/td>\n<\/tr>\n<tr>\n<td style=\"font-weight: 400;\"><strong>Diametri<\/strong> * (p\u00ebraf\u00ebrsisht n\u00eb mm)<\/td>\n<td style=\"text-align: center;\" width=\"100\">63<\/td>\n<\/tr>\n<tr>\n<td style=\"font-weight: 400;\"><strong>Lart\u00ebsia<\/strong> * (p\u00ebraf\u00ebrsisht n\u00eb mm)<\/td>\n<td style=\"text-align: center;\" width=\"100\">31<\/td>\n<\/tr>\n<tr>\n<td style=\"font-weight: 400;\"><strong>Vrima<\/strong> * (p\u00ebraf\u00ebrsisht n\u00eb mm)<\/td>\n<td style=\"text-align: center;\" width=\"100\">12<\/td>\n<\/tr>\n<tr>\n<td style=\"font-weight: 400;\"><strong>Pesha<\/strong> *(gr\u00b110%)<\/td>\n<td style=\"text-align: center;\" width=\"100\"><\/td>\n<\/tr>\n<tr>\n<td style=\"font-weight: 400;\"><strong>Imuniteti<\/strong> *(gr\u00b110%)<\/td>\n<td style=\"text-align: center;\" width=\"100\"><\/td>\n<\/tr>\n<tr>\n<td style=\"font-weight: 400;\"><strong>Thell\u00ebsia<\/strong> *(m)<\/td>\n<td style=\"text-align: center;\" width=\"100\">250<\/td>\n<\/tr>\n<\/tbody>\n<\/table>\n","protected":false},"excerpt":{"rendered":"<p>Lloji PRO UJI I THELL\u00cb 6 Diametri * (p\u00ebraf\u00ebrsisht n\u00eb mm) 63 Lart\u00ebsia * (p\u00ebraf\u00ebrsisht n\u00eb mm) 31 Vrima * (p\u00ebraf\u00ebrsisht n\u00eb mm) 12 Pesha *(gr\u00b110%) Imuniteti *(gr\u00b110%) Thell\u00ebsia *(m) 250<\/p>\n","protected":false},"featured_media":1387,"template":"","meta":{"_sitemap_exclude":false,"_sitemap_priority":"","_sitemap_frequency":"","footnotes":""},"product_brand":[],"product_cat":[256,229,239],"product_tag":[],"class_list":{"0":"post-2053","1":"product","2":"type-product","3":"status-publish","4":"has-post-thumbnail","6":"product_cat-tapa-per-ne-thellesi-shume-te-medha","7":"product_cat-tape","8":"product_cat-tape-per-rrjetat-e-gushes","10":"first","11":"instock","12":"taxable","13":"shipping-taxable","14":"purchasable","15":"product-type-simple"},"_links":{"self":[{"href":"https:\/\/kalogiros.gr\/sq\/wp-json\/wp\/v2\/product\/2053","targetHints":{"allow":["GET"]}}],"collection":[{"href":"https:\/\/kalogiros.gr\/sq\/wp-json\/wp\/v2\/product"}],"about":[{"href":"https:\/\/kalogiros.gr\/sq\/wp-json\/wp\/v2\/types\/product"}],"version-history":[{"count":1,"href":"https:\/\/kalogiros.gr\/sq\/wp-json\/wp\/v2\/product\/2053\/revisions"}],"predecessor-version":[{"id":11874,"href":"https:\/\/kalogiros.gr\/sq\/wp-json\/wp\/v2\/product\/2053\/revisions\/11874"}],"wp:featuredmedia":[{"embeddable":true,"href":"https:\/\/kalogiros.gr\/sq\/wp-json\/wp\/v2\/media\/1387"}],"wp:attachment":[{"href":"https:\/\/kalogiros.gr\/sq\/wp-json\/wp\/v2\/media?parent=2053"}],"wp:term":[{"taxonomy":"product_brand","embeddable":true,"href":"https:\/\/kalogiros.gr\/sq\/wp-json\/wp\/v2\/product_brand?post=2053"},{"taxonomy":"product_cat","embeddable":true,"href":"https:\/\/kalogiros.gr\/sq\/wp-json\/wp\/v2\/product_cat?post=2053"},{"taxonomy":"product_tag","embeddable":true,"href":"https:\/\/kalogiros.gr\/sq\/wp-json\/wp\/v2\/product_tag?post=2053"}],"curies":[{"name":"wp","href":"https:\/\/api.w.org\/{rel}","templated":true}]}}