{"id":2066,"date":"2021-08-02T14:53:46","date_gmt":"2021-08-02T14:53:46","guid":{"rendered":"https:\/\/kalogiros.gr\/shop\/uncategorized\/rrjeta-per-gardhe\/"},"modified":"2025-03-28T18:13:39","modified_gmt":"2025-03-28T18:13:39","slug":"rrjeta-per-gardhe","status":"publish","type":"product","link":"https:\/\/kalogiros.gr\/sq\/shop\/rrjeta-sportive\/rrjeta-per-gardhe\/","title":{"rendered":"Rrjeta e rrethimit"},"content":{"rendered":"<p>&nbsp;<\/p>\n<p>&nbsp;<\/p>\n","protected":false},"excerpt":{"rendered":"<p>Polietileni i thurur jeshil.<\/p>\n<p> Trash\u00ebsia e fillit 380\/60 (af\u00ebrsisht 2 milimetra)<\/p>\n<p> Ideale p\u00ebr rrethimin e zonave sportive.<\/p>\n<p> E disponueshme n\u00eb 2 dimensione t\u00eb lart\u00ebsis\u00eb totale dhe madh\u00ebsis\u00eb s\u00eb rrjet\u00ebs (gjat\u00ebsia an\u00ebsore e katrorit).<\/p>\n<p> \u00c7mimi i listuar i referohet gjat\u00ebsis\u00eb p\u00ebr met\u00ebr.<\/p>\n","protected":false},"featured_media":1184,"template":"","meta":{"_sitemap_exclude":false,"_sitemap_priority":"","_sitemap_frequency":"","footnotes":""},"product_brand":[],"product_cat":[189],"product_tag":[],"class_list":{"0":"post-2066","1":"product","2":"type-product","3":"status-publish","4":"has-post-thumbnail","6":"product_cat-rrjeta-sportive","8":"first","9":"instock","10":"taxable","11":"shipping-taxable","12":"purchasable","13":"product-type-variable"},"_links":{"self":[{"href":"https:\/\/kalogiros.gr\/sq\/wp-json\/wp\/v2\/product\/2066","targetHints":{"allow":["GET"]}}],"collection":[{"href":"https:\/\/kalogiros.gr\/sq\/wp-json\/wp\/v2\/product"}],"about":[{"href":"https:\/\/kalogiros.gr\/sq\/wp-json\/wp\/v2\/types\/product"}],"version-history":[{"count":1,"href":"https:\/\/kalogiros.gr\/sq\/wp-json\/wp\/v2\/product\/2066\/revisions"}],"predecessor-version":[{"id":11923,"href":"https:\/\/kalogiros.gr\/sq\/wp-json\/wp\/v2\/product\/2066\/revisions\/11923"}],"wp:featuredmedia":[{"embeddable":true,"href":"https:\/\/kalogiros.gr\/sq\/wp-json\/wp\/v2\/media\/1184"}],"wp:attachment":[{"href":"https:\/\/kalogiros.gr\/sq\/wp-json\/wp\/v2\/media?parent=2066"}],"wp:term":[{"taxonomy":"product_brand","embeddable":true,"href":"https:\/\/kalogiros.gr\/sq\/wp-json\/wp\/v2\/product_brand?post=2066"},{"taxonomy":"product_cat","embeddable":true,"href":"https:\/\/kalogiros.gr\/sq\/wp-json\/wp\/v2\/product_cat?post=2066"},{"taxonomy":"product_tag","embeddable":true,"href":"https:\/\/kalogiros.gr\/sq\/wp-json\/wp\/v2\/product_tag?post=2066"}],"curies":[{"name":"wp","href":"https:\/\/api.w.org\/{rel}","templated":true}]}}