{"id":2067,"date":"2021-08-02T14:46:36","date_gmt":"2021-08-02T14:46:36","guid":{"rendered":"https:\/\/kalogiros.gr\/shop\/uncategorized\/rrjeta-per-futboll\/"},"modified":"2025-03-28T18:13:38","modified_gmt":"2025-03-28T18:13:38","slug":"rrjeta-per-futboll","status":"publish","type":"product","link":"https:\/\/kalogiros.gr\/sq\/shop\/rrjeta-sportive\/rrjetat-e-futbollit\/rrjeta-per-futboll\/","title":{"rendered":"Rrjetat e futbollit n\u00eb sht\u00ebpi 5&#215;5"},"content":{"rendered":"<p>Rrjetat e futbollit n\u00eb sht\u00ebpi 5&#215;5<\/p>\n","protected":false},"excerpt":{"rendered":"<p>Rrjet\u00eb futbolli 5&#215;5<br \/>\n Dimensionet: Gjer\u00ebsia: 3 metra, Lart\u00ebsia: 2 metra, Thell\u00ebsia: 1 met\u00ebr<br \/>\n Ngjyra e Bardhe<br \/>\n E disponueshme edhe n\u00eb nj\u00eb paket\u00eb prej 2 (\u00e7ifte)<\/p>\n","protected":false},"featured_media":1200,"template":"","meta":{"_sitemap_exclude":false,"_sitemap_priority":"","_sitemap_frequency":"","footnotes":""},"product_brand":[],"product_cat":[408],"product_tag":[],"class_list":{"0":"post-2067","1":"product","2":"type-product","3":"status-publish","4":"has-post-thumbnail","6":"product_cat-rrjetat-e-futbollit","8":"first","9":"instock","10":"taxable","11":"shipping-taxable","12":"purchasable","13":"product-type-variable"},"_links":{"self":[{"href":"https:\/\/kalogiros.gr\/sq\/wp-json\/wp\/v2\/product\/2067","targetHints":{"allow":["GET"]}}],"collection":[{"href":"https:\/\/kalogiros.gr\/sq\/wp-json\/wp\/v2\/product"}],"about":[{"href":"https:\/\/kalogiros.gr\/sq\/wp-json\/wp\/v2\/types\/product"}],"version-history":[{"count":1,"href":"https:\/\/kalogiros.gr\/sq\/wp-json\/wp\/v2\/product\/2067\/revisions"}],"predecessor-version":[{"id":11922,"href":"https:\/\/kalogiros.gr\/sq\/wp-json\/wp\/v2\/product\/2067\/revisions\/11922"}],"wp:featuredmedia":[{"embeddable":true,"href":"https:\/\/kalogiros.gr\/sq\/wp-json\/wp\/v2\/media\/1200"}],"wp:attachment":[{"href":"https:\/\/kalogiros.gr\/sq\/wp-json\/wp\/v2\/media?parent=2067"}],"wp:term":[{"taxonomy":"product_brand","embeddable":true,"href":"https:\/\/kalogiros.gr\/sq\/wp-json\/wp\/v2\/product_brand?post=2067"},{"taxonomy":"product_cat","embeddable":true,"href":"https:\/\/kalogiros.gr\/sq\/wp-json\/wp\/v2\/product_cat?post=2067"},{"taxonomy":"product_tag","embeddable":true,"href":"https:\/\/kalogiros.gr\/sq\/wp-json\/wp\/v2\/product_tag?post=2067"}],"curies":[{"name":"wp","href":"https:\/\/api.w.org\/{rel}","templated":true}]}}