{"id":2072,"date":"2021-08-02T14:43:55","date_gmt":"2021-08-02T14:43:55","guid":{"rendered":"https:\/\/kalogiros.gr\/shop\/uncategorized\/rrjeta-per-volejboll\/"},"modified":"2025-03-28T17:52:16","modified_gmt":"2025-03-28T17:52:16","slug":"rrjeta-per-volejboll","status":"publish","type":"product","link":"https:\/\/kalogiros.gr\/sq\/shop\/rrjeta-sportive\/rrjeta-per-volejboll\/","title":{"rendered":"Rrjet\u00eb e volejbollit"},"content":{"rendered":"<p>Rrjet\u00eb volejbolli me rrjet\u00eb PE 2.5mm t\u00eb trasha dhe litar teli.<br \/>\nP\u00ebrmasat: Gjat\u00ebsia 9.5 metra dhe lart\u00ebsia 1 met\u00ebr.<br \/>\nTehe mbrojt\u00ebse n\u00eb krye, n\u00eb fund dhe n\u00eb an\u00ebt.<br \/>\nVjen me nj\u00eb \u00e7ant\u00eb mbajt\u00ebse.<\/p>\n","protected":false},"excerpt":{"rendered":"<p>Rrjet\u00eb volejbolli me rrjet\u00eb PE 2.5mm t\u00eb trasha dhe litar teli. P\u00ebrmasat: Gjat\u00ebsia 9.5 metra dhe lart\u00ebsia 1 met\u00ebr. Tehe mbrojt\u00ebse n\u00eb krye, n\u00eb fund dhe n\u00eb an\u00ebt. Vjen me nj\u00eb \u00e7ant\u00eb mbajt\u00ebse.<\/p>\n","protected":false},"featured_media":2620,"template":"","meta":{"_sitemap_exclude":false,"_sitemap_priority":"","_sitemap_frequency":"","footnotes":""},"product_brand":[],"product_cat":[189],"product_tag":[],"class_list":{"0":"post-2072","1":"product","2":"type-product","3":"status-publish","4":"has-post-thumbnail","6":"product_cat-rrjeta-sportive","8":"first","9":"instock","10":"taxable","11":"shipping-taxable","12":"purchasable","13":"product-type-simple"},"_links":{"self":[{"href":"https:\/\/kalogiros.gr\/sq\/wp-json\/wp\/v2\/product\/2072","targetHints":{"allow":["GET"]}}],"collection":[{"href":"https:\/\/kalogiros.gr\/sq\/wp-json\/wp\/v2\/product"}],"about":[{"href":"https:\/\/kalogiros.gr\/sq\/wp-json\/wp\/v2\/types\/product"}],"version-history":[{"count":1,"href":"https:\/\/kalogiros.gr\/sq\/wp-json\/wp\/v2\/product\/2072\/revisions"}],"predecessor-version":[{"id":10014,"href":"https:\/\/kalogiros.gr\/sq\/wp-json\/wp\/v2\/product\/2072\/revisions\/10014"}],"wp:featuredmedia":[{"embeddable":true,"href":"https:\/\/kalogiros.gr\/sq\/wp-json\/wp\/v2\/media\/2620"}],"wp:attachment":[{"href":"https:\/\/kalogiros.gr\/sq\/wp-json\/wp\/v2\/media?parent=2072"}],"wp:term":[{"taxonomy":"product_brand","embeddable":true,"href":"https:\/\/kalogiros.gr\/sq\/wp-json\/wp\/v2\/product_brand?post=2072"},{"taxonomy":"product_cat","embeddable":true,"href":"https:\/\/kalogiros.gr\/sq\/wp-json\/wp\/v2\/product_cat?post=2072"},{"taxonomy":"product_tag","embeddable":true,"href":"https:\/\/kalogiros.gr\/sq\/wp-json\/wp\/v2\/product_tag?post=2072"}],"curies":[{"name":"wp","href":"https:\/\/api.w.org\/{rel}","templated":true}]}}