{"id":2073,"date":"2021-08-02T14:42:26","date_gmt":"2021-08-02T14:42:26","guid":{"rendered":"https:\/\/kalogiros.gr\/shop\/uncategorized\/rrjeta-per-pingpong\/"},"modified":"2025-03-28T17:52:16","modified_gmt":"2025-03-28T17:52:16","slug":"rrjeta-per-pingpong","status":"publish","type":"product","link":"https:\/\/kalogiros.gr\/sq\/shop\/rrjeta-sportive\/rrjeta-per-pingpong\/","title":{"rendered":"Rrjet Ping-Pong"},"content":{"rendered":"<p>Rrjet\u00eb Ping Pong me litar p\u00ebr lidhje.<br \/>\nNuk p\u00ebrfshin nj\u00eb baz\u00eb.<\/p>\n","protected":false},"excerpt":{"rendered":"<p>Rrjet\u00eb Ping Pong me litar p\u00ebr lidhje. Nuk p\u00ebrfshin nj\u00eb baz\u00eb.<\/p>\n","protected":false},"featured_media":2680,"template":"","meta":{"_sitemap_exclude":false,"_sitemap_priority":"","_sitemap_frequency":"","footnotes":""},"product_brand":[],"product_cat":[189],"product_tag":[],"class_list":{"0":"post-2073","1":"product","2":"type-product","3":"status-publish","4":"has-post-thumbnail","6":"product_cat-rrjeta-sportive","8":"first","9":"instock","10":"taxable","11":"shipping-taxable","12":"purchasable","13":"product-type-simple"},"_links":{"self":[{"href":"https:\/\/kalogiros.gr\/sq\/wp-json\/wp\/v2\/product\/2073","targetHints":{"allow":["GET"]}}],"collection":[{"href":"https:\/\/kalogiros.gr\/sq\/wp-json\/wp\/v2\/product"}],"about":[{"href":"https:\/\/kalogiros.gr\/sq\/wp-json\/wp\/v2\/types\/product"}],"version-history":[{"count":1,"href":"https:\/\/kalogiros.gr\/sq\/wp-json\/wp\/v2\/product\/2073\/revisions"}],"predecessor-version":[{"id":10013,"href":"https:\/\/kalogiros.gr\/sq\/wp-json\/wp\/v2\/product\/2073\/revisions\/10013"}],"wp:featuredmedia":[{"embeddable":true,"href":"https:\/\/kalogiros.gr\/sq\/wp-json\/wp\/v2\/media\/2680"}],"wp:attachment":[{"href":"https:\/\/kalogiros.gr\/sq\/wp-json\/wp\/v2\/media?parent=2073"}],"wp:term":[{"taxonomy":"product_brand","embeddable":true,"href":"https:\/\/kalogiros.gr\/sq\/wp-json\/wp\/v2\/product_brand?post=2073"},{"taxonomy":"product_cat","embeddable":true,"href":"https:\/\/kalogiros.gr\/sq\/wp-json\/wp\/v2\/product_cat?post=2073"},{"taxonomy":"product_tag","embeddable":true,"href":"https:\/\/kalogiros.gr\/sq\/wp-json\/wp\/v2\/product_tag?post=2073"}],"curies":[{"name":"wp","href":"https:\/\/api.w.org\/{rel}","templated":true}]}}