{"id":2075,"date":"2021-08-02T14:38:01","date_gmt":"2021-08-02T14:38:01","guid":{"rendered":"https:\/\/kalogiros.gr\/shop\/uncategorized\/rrjeta-per-basketboll\/"},"modified":"2025-03-28T17:52:25","modified_gmt":"2025-03-28T17:52:25","slug":"rrjeta-per-basketboll","status":"publish","type":"product","link":"https:\/\/kalogiros.gr\/sq\/shop\/rrjeta-sportive\/rrjeta-per-basketboll\/","title":{"rendered":"Rrjet\u00eb basketbolli"},"content":{"rendered":"<p>Rrjet\u00eb basketbolli e q\u00ebndrueshme me ngjyra<\/p>\n","protected":false},"excerpt":{"rendered":"<p>Rrjet\u00eb basketbolli, e p\u00ebrforcuar me trash\u00ebsi 5 milimetra.<br \/>\nTrengjyr\u00ebsh p\u00ebr basketboll me madh\u00ebsi t\u00eb rregullt.<br \/>\nE disponueshme edhe n\u00eb nj\u00eb paket\u00eb prej 2 cop\u00eb.<\/p>\n","protected":false},"featured_media":2652,"template":"","meta":{"_sitemap_exclude":false,"_sitemap_priority":"","_sitemap_frequency":"","footnotes":""},"product_brand":[],"product_cat":[189],"product_tag":[],"class_list":{"0":"post-2075","1":"product","2":"type-product","3":"status-publish","4":"has-post-thumbnail","6":"product_cat-rrjeta-sportive","8":"first","9":"instock","10":"taxable","11":"shipping-taxable","12":"purchasable","13":"product-type-variable"},"_links":{"self":[{"href":"https:\/\/kalogiros.gr\/sq\/wp-json\/wp\/v2\/product\/2075","targetHints":{"allow":["GET"]}}],"collection":[{"href":"https:\/\/kalogiros.gr\/sq\/wp-json\/wp\/v2\/product"}],"about":[{"href":"https:\/\/kalogiros.gr\/sq\/wp-json\/wp\/v2\/types\/product"}],"version-history":[{"count":1,"href":"https:\/\/kalogiros.gr\/sq\/wp-json\/wp\/v2\/product\/2075\/revisions"}],"predecessor-version":[{"id":10024,"href":"https:\/\/kalogiros.gr\/sq\/wp-json\/wp\/v2\/product\/2075\/revisions\/10024"}],"wp:featuredmedia":[{"embeddable":true,"href":"https:\/\/kalogiros.gr\/sq\/wp-json\/wp\/v2\/media\/2652"}],"wp:attachment":[{"href":"https:\/\/kalogiros.gr\/sq\/wp-json\/wp\/v2\/media?parent=2075"}],"wp:term":[{"taxonomy":"product_brand","embeddable":true,"href":"https:\/\/kalogiros.gr\/sq\/wp-json\/wp\/v2\/product_brand?post=2075"},{"taxonomy":"product_cat","embeddable":true,"href":"https:\/\/kalogiros.gr\/sq\/wp-json\/wp\/v2\/product_cat?post=2075"},{"taxonomy":"product_tag","embeddable":true,"href":"https:\/\/kalogiros.gr\/sq\/wp-json\/wp\/v2\/product_tag?post=2075"}],"curies":[{"name":"wp","href":"https:\/\/api.w.org\/{rel}","templated":true}]}}