{"id":2077,"date":"2021-08-02T14:25:31","date_gmt":"2021-08-02T14:25:31","guid":{"rendered":"https:\/\/kalogiros.gr\/shop\/uncategorized\/perzevol-neilon\/"},"modified":"2025-08-20T10:26:48","modified_gmt":"2025-08-20T10:26:48","slug":"perzevol-neilon","status":"publish","type":"product","link":"https:\/\/kalogiros.gr\/sq\/shop\/sports-fishing-equipment\/pezevol\/perzevol-neilon\/","title":{"rendered":"\u00c7ant\u00eb shpine prej kanavac\u00eb"},"content":{"rendered":"<p><strong>280cm, 4 kg, Rrjet\u00eb kanavac\u00eb me trash\u00ebsi 210\/6 - (16 mm)<\/strong><\/p>\n","protected":false},"excerpt":{"rendered":"<p>280cm, 4 kg, Rrjet\u00eb kanavac\u00eb me trash\u00ebsi 210\/6 - (16 mm)<\/p>\n","protected":false},"featured_media":7949,"template":"","meta":{"_sitemap_exclude":false,"_sitemap_priority":"","_sitemap_frequency":"","footnotes":""},"product_brand":[],"product_cat":[208,196],"product_tag":[],"class_list":{"0":"post-2077","1":"product","2":"type-product","3":"status-publish","4":"has-post-thumbnail","6":"product_cat-pezevol","7":"product_cat-sports-fishing-equipment","9":"first","10":"instock","11":"taxable","12":"shipping-taxable","13":"purchasable","14":"product-type-simple"},"_links":{"self":[{"href":"https:\/\/kalogiros.gr\/sq\/wp-json\/wp\/v2\/product\/2077","targetHints":{"allow":["GET"]}}],"collection":[{"href":"https:\/\/kalogiros.gr\/sq\/wp-json\/wp\/v2\/product"}],"about":[{"href":"https:\/\/kalogiros.gr\/sq\/wp-json\/wp\/v2\/types\/product"}],"version-history":[{"count":2,"href":"https:\/\/kalogiros.gr\/sq\/wp-json\/wp\/v2\/product\/2077\/revisions"}],"predecessor-version":[{"id":13936,"href":"https:\/\/kalogiros.gr\/sq\/wp-json\/wp\/v2\/product\/2077\/revisions\/13936"}],"wp:featuredmedia":[{"embeddable":true,"href":"https:\/\/kalogiros.gr\/sq\/wp-json\/wp\/v2\/media\/7949"}],"wp:attachment":[{"href":"https:\/\/kalogiros.gr\/sq\/wp-json\/wp\/v2\/media?parent=2077"}],"wp:term":[{"taxonomy":"product_brand","embeddable":true,"href":"https:\/\/kalogiros.gr\/sq\/wp-json\/wp\/v2\/product_brand?post=2077"},{"taxonomy":"product_cat","embeddable":true,"href":"https:\/\/kalogiros.gr\/sq\/wp-json\/wp\/v2\/product_cat?post=2077"},{"taxonomy":"product_tag","embeddable":true,"href":"https:\/\/kalogiros.gr\/sq\/wp-json\/wp\/v2\/product_tag?post=2077"}],"curies":[{"name":"wp","href":"https:\/\/api.w.org\/{rel}","templated":true}]}}