{"id":2079,"date":"2021-06-18T12:23:27","date_gmt":"2021-06-18T12:23:27","guid":{"rendered":"https:\/\/kalogiros.gr\/shop\/uncategorized\/pantallona-mushama\/"},"modified":"2025-05-06T07:00:52","modified_gmt":"2025-05-06T07:00:52","slug":"pantallona-mushama","status":"publish","type":"product","link":"https:\/\/kalogiros.gr\/sq\/shop\/mushama\/pantallona-mushama\/","title":{"rendered":"Pantallona t\u00eb pap\u00ebrshkueshme nga uji (Nicester) Skandinavi"},"content":{"rendered":"<p>Pantallona t\u00eb pap\u00ebrshkueshme nga uji<\/p>\n","protected":false},"excerpt":{"rendered":"<p>Pantallona t\u00eb pap\u00ebrshkueshme nga uji<\/p>\n","protected":false},"featured_media":1257,"template":"","meta":{"_sitemap_exclude":false,"_sitemap_priority":"","_sitemap_frequency":"","footnotes":""},"product_brand":[],"product_cat":[262],"product_tag":[],"class_list":{"0":"post-2079","1":"product","2":"type-product","3":"status-publish","4":"has-post-thumbnail","6":"product_cat-mushama","8":"first","9":"instock","10":"taxable","11":"shipping-taxable","12":"purchasable","13":"product-type-simple"},"_links":{"self":[{"href":"https:\/\/kalogiros.gr\/sq\/wp-json\/wp\/v2\/product\/2079","targetHints":{"allow":["GET"]}}],"collection":[{"href":"https:\/\/kalogiros.gr\/sq\/wp-json\/wp\/v2\/product"}],"about":[{"href":"https:\/\/kalogiros.gr\/sq\/wp-json\/wp\/v2\/types\/product"}],"version-history":[{"count":2,"href":"https:\/\/kalogiros.gr\/sq\/wp-json\/wp\/v2\/product\/2079\/revisions"}],"predecessor-version":[{"id":13536,"href":"https:\/\/kalogiros.gr\/sq\/wp-json\/wp\/v2\/product\/2079\/revisions\/13536"}],"wp:featuredmedia":[{"embeddable":true,"href":"https:\/\/kalogiros.gr\/sq\/wp-json\/wp\/v2\/media\/1257"}],"wp:attachment":[{"href":"https:\/\/kalogiros.gr\/sq\/wp-json\/wp\/v2\/media?parent=2079"}],"wp:term":[{"taxonomy":"product_brand","embeddable":true,"href":"https:\/\/kalogiros.gr\/sq\/wp-json\/wp\/v2\/product_brand?post=2079"},{"taxonomy":"product_cat","embeddable":true,"href":"https:\/\/kalogiros.gr\/sq\/wp-json\/wp\/v2\/product_cat?post=2079"},{"taxonomy":"product_tag","embeddable":true,"href":"https:\/\/kalogiros.gr\/sq\/wp-json\/wp\/v2\/product_tag?post=2079"}],"curies":[{"name":"wp","href":"https:\/\/api.w.org\/{rel}","templated":true}]}}