{"id":2081,"date":"2021-06-18T12:22:33","date_gmt":"2021-06-18T12:22:33","guid":{"rendered":"https:\/\/kalogiros.gr\/shop\/uncategorized\/kostum-mushama\/"},"modified":"2025-05-06T07:01:01","modified_gmt":"2025-05-06T07:01:01","slug":"kostum-mushama","status":"publish","type":"product","link":"https:\/\/kalogiros.gr\/sq\/shop\/mushama\/kostum-mushama\/","title":{"rendered":"Kostum i pap\u00ebrshkuesh\u00ebm nga uji (Nicester) Skandinavi"},"content":{"rendered":"<p>Kostum i pap\u00ebrshkuesh\u00ebm nga uji<\/p>\n","protected":false},"excerpt":{"rendered":"<p>Kostum i pap\u00ebrshkuesh\u00ebm nga uji<\/p>\n","protected":false},"featured_media":1299,"template":"","meta":{"_sitemap_exclude":false,"_sitemap_priority":"","_sitemap_frequency":"","footnotes":""},"product_brand":[],"product_cat":[262],"product_tag":[],"class_list":{"0":"post-2081","1":"product","2":"type-product","3":"status-publish","4":"has-post-thumbnail","6":"product_cat-mushama","8":"first","9":"instock","10":"taxable","11":"shipping-taxable","12":"purchasable","13":"product-type-simple"},"_links":{"self":[{"href":"https:\/\/kalogiros.gr\/sq\/wp-json\/wp\/v2\/product\/2081","targetHints":{"allow":["GET"]}}],"collection":[{"href":"https:\/\/kalogiros.gr\/sq\/wp-json\/wp\/v2\/product"}],"about":[{"href":"https:\/\/kalogiros.gr\/sq\/wp-json\/wp\/v2\/types\/product"}],"version-history":[{"count":2,"href":"https:\/\/kalogiros.gr\/sq\/wp-json\/wp\/v2\/product\/2081\/revisions"}],"predecessor-version":[{"id":13546,"href":"https:\/\/kalogiros.gr\/sq\/wp-json\/wp\/v2\/product\/2081\/revisions\/13546"}],"wp:featuredmedia":[{"embeddable":true,"href":"https:\/\/kalogiros.gr\/sq\/wp-json\/wp\/v2\/media\/1299"}],"wp:attachment":[{"href":"https:\/\/kalogiros.gr\/sq\/wp-json\/wp\/v2\/media?parent=2081"}],"wp:term":[{"taxonomy":"product_brand","embeddable":true,"href":"https:\/\/kalogiros.gr\/sq\/wp-json\/wp\/v2\/product_brand?post=2081"},{"taxonomy":"product_cat","embeddable":true,"href":"https:\/\/kalogiros.gr\/sq\/wp-json\/wp\/v2\/product_cat?post=2081"},{"taxonomy":"product_tag","embeddable":true,"href":"https:\/\/kalogiros.gr\/sq\/wp-json\/wp\/v2\/product_tag?post=2081"}],"curies":[{"name":"wp","href":"https:\/\/api.w.org\/{rel}","templated":true}]}}