{"id":2147,"date":"2021-05-25T12:31:12","date_gmt":"2021-05-25T12:31:12","guid":{"rendered":"https:\/\/kalogiros.gr\/shop\/uncategorized\/af-of-i20-light-a\/"},"modified":"2025-03-28T17:49:37","modified_gmt":"2025-03-28T17:49:37","slug":"af-of-i20-light-a","status":"publish","type":"product","link":"https:\/\/kalogiros.gr\/sq\/shop\/tape\/tape-per-rrjetat-e-gushes\/tapa-per-ne-thellesi-shume-te-medha\/af-of-i20-light-a\/","title":{"rendered":"YB 2&#8243;"},"content":{"rendered":"","protected":false},"excerpt":{"rendered":"<table class=\" aligncenter\" width=\"100%\">\n<tbody>\n<tr>\n<td style=\"font-weight: 400;\" width=\"80%\">Lloji UJI ULTRA <strong>-<\/strong> TE THELL<\/td>\n<td style=\"text-align: center;\" width=\"100\">2&#8243; drit\u00eb A *<\/td>\n<\/tr>\n<tr>\n<td style=\"font-weight: 400;\"><strong>Diametri<\/strong> * (p\u00ebraf\u00ebrsisht n\u00eb mm)<\/td>\n<td style=\"text-align: center;\" width=\"100\">32-35<\/td>\n<\/tr>\n<tr>\n<td style=\"font-weight: 400;\"><strong>Lart\u00ebsia<\/strong> * (p\u00ebraf\u00ebrsisht n\u00eb mm)<\/td>\n<td style=\"text-align: center;\" width=\"100\">51-54<\/td>\n<\/tr>\n<tr>\n<td style=\"font-weight: 400;\"><strong>Vrima<\/strong> * (p\u00ebraf\u00ebrsisht n\u00eb mm)<\/td>\n<td style=\"text-align: center;\" width=\"100\">6<\/td>\n<\/tr>\n<tr>\n<td style=\"font-weight: 400;\"><strong>Pesha<\/strong> *(gr\u00b110%)<\/td>\n<td style=\"text-align: center;\" width=\"100\">11.5<\/td>\n<\/tr>\n<tr>\n<td style=\"font-weight: 400;\"><strong>Imuniteti<\/strong> *(gr\u00b110%)<\/td>\n<td style=\"text-align: center;\" width=\"100\">40<\/td>\n<\/tr>\n<tr>\n<td style=\"font-weight: 400;\"><strong>Thell\u00ebsia<\/strong> *(m)<\/td>\n<td style=\"text-align: center;\" width=\"100\">300<\/td>\n<\/tr>\n<\/tbody>\n<\/table>\n","protected":false},"featured_media":1677,"template":"","meta":{"_sitemap_exclude":false,"_sitemap_priority":"","_sitemap_frequency":"","footnotes":""},"product_brand":[],"product_cat":[256,229,239],"product_tag":[],"class_list":{"0":"post-2147","1":"product","2":"type-product","3":"status-publish","4":"has-post-thumbnail","6":"product_cat-tapa-per-ne-thellesi-shume-te-medha","7":"product_cat-tape","8":"product_cat-tape-per-rrjetat-e-gushes","10":"first","11":"instock","12":"taxable","13":"shipping-taxable","14":"purchasable","15":"product-type-simple"},"_links":{"self":[{"href":"https:\/\/kalogiros.gr\/sq\/wp-json\/wp\/v2\/product\/2147","targetHints":{"allow":["GET"]}}],"collection":[{"href":"https:\/\/kalogiros.gr\/sq\/wp-json\/wp\/v2\/product"}],"about":[{"href":"https:\/\/kalogiros.gr\/sq\/wp-json\/wp\/v2\/types\/product"}],"version-history":[{"count":1,"href":"https:\/\/kalogiros.gr\/sq\/wp-json\/wp\/v2\/product\/2147\/revisions"}],"predecessor-version":[{"id":9859,"href":"https:\/\/kalogiros.gr\/sq\/wp-json\/wp\/v2\/product\/2147\/revisions\/9859"}],"wp:featuredmedia":[{"embeddable":true,"href":"https:\/\/kalogiros.gr\/sq\/wp-json\/wp\/v2\/media\/1677"}],"wp:attachment":[{"href":"https:\/\/kalogiros.gr\/sq\/wp-json\/wp\/v2\/media?parent=2147"}],"wp:term":[{"taxonomy":"product_brand","embeddable":true,"href":"https:\/\/kalogiros.gr\/sq\/wp-json\/wp\/v2\/product_brand?post=2147"},{"taxonomy":"product_cat","embeddable":true,"href":"https:\/\/kalogiros.gr\/sq\/wp-json\/wp\/v2\/product_cat?post=2147"},{"taxonomy":"product_tag","embeddable":true,"href":"https:\/\/kalogiros.gr\/sq\/wp-json\/wp\/v2\/product_tag?post=2147"}],"curies":[{"name":"wp","href":"https:\/\/api.w.org\/{rel}","templated":true}]}}