{"id":2189,"date":"2021-05-25T12:09:36","date_gmt":"2021-05-25T12:09:36","guid":{"rendered":"https:\/\/kalogiros.gr\/shop\/uncategorized\/af-sf-50-f\/"},"modified":"2025-03-28T17:49:55","modified_gmt":"2025-03-28T17:49:55","slug":"af-sf-50-f","status":"publish","type":"product","link":"https:\/\/kalogiros.gr\/sq\/shop\/tape\/tape-per-rrjetat-e-gushes\/tapa-per-ne-siperfaqe\/af-sf-50-f\/","title":{"rendered":"E 5"},"content":{"rendered":"","protected":false},"excerpt":{"rendered":"<table class=\" aligncenter\" width=\"100%\">\n<tbody>\n<tr>\n<td style=\"font-weight: 400;\" width=\"80%\"><strong>Lloji<\/strong> i SIP\u00cbRFAQES<\/td>\n<td style=\"text-align: center;\" width=\"100\">5<\/td>\n<\/tr>\n<tr>\n<td style=\"font-weight: 400;\"><strong>Diametri<\/strong> * (p\u00ebraf\u00ebrsisht n\u00eb mm)<\/td>\n<td style=\"text-align: center;\" width=\"100\">49-51<\/td>\n<\/tr>\n<tr>\n<td style=\"font-weight: 400;\"><strong>Lart\u00ebsia<\/strong> * (p\u00ebraf\u00ebrsisht n\u00eb mm)<\/td>\n<td style=\"text-align: center;\" width=\"100\">31-33<\/td>\n<\/tr>\n<tr>\n<td style=\"font-weight: 400;\"><strong>Vrima<\/strong> * (p\u00ebraf\u00ebrsisht n\u00eb mm)<\/td>\n<td style=\"text-align: center;\" width=\"100\">7.7<\/td>\n<\/tr>\n<tr>\n<td style=\"font-weight: 400;\"><strong>Pesha<\/strong> *(gr\u00b110%)<\/td>\n<td style=\"text-align: center;\" width=\"100\">5.6<\/td>\n<\/tr>\n<tr>\n<td style=\"font-weight: 400;\"><strong>Imuniteti<\/strong> *(gr\u00b110%)<\/td>\n<td style=\"text-align: center;\" width=\"100\">45<\/td>\n<\/tr>\n<tr>\n<td style=\"font-weight: 400;\"><strong>Thell\u00ebsia<\/strong> *(m)<\/td>\n<td style=\"text-align: center;\" width=\"100\">140<\/td>\n<\/tr>\n<\/tbody>\n<\/table>\n","protected":false},"featured_media":1554,"template":"","meta":{"_sitemap_exclude":false,"_sitemap_priority":"","_sitemap_frequency":"","footnotes":""},"product_brand":[],"product_cat":[246,229,239],"product_tag":[],"class_list":{"0":"post-2189","1":"product","2":"type-product","3":"status-publish","4":"has-post-thumbnail","6":"product_cat-tapa-per-ne-siperfaqe","7":"product_cat-tape","8":"product_cat-tape-per-rrjetat-e-gushes","10":"first","11":"instock","12":"taxable","13":"shipping-taxable","14":"purchasable","15":"product-type-simple"},"_links":{"self":[{"href":"https:\/\/kalogiros.gr\/sq\/wp-json\/wp\/v2\/product\/2189","targetHints":{"allow":["GET"]}}],"collection":[{"href":"https:\/\/kalogiros.gr\/sq\/wp-json\/wp\/v2\/product"}],"about":[{"href":"https:\/\/kalogiros.gr\/sq\/wp-json\/wp\/v2\/types\/product"}],"version-history":[{"count":1,"href":"https:\/\/kalogiros.gr\/sq\/wp-json\/wp\/v2\/product\/2189\/revisions"}],"predecessor-version":[{"id":9879,"href":"https:\/\/kalogiros.gr\/sq\/wp-json\/wp\/v2\/product\/2189\/revisions\/9879"}],"wp:featuredmedia":[{"embeddable":true,"href":"https:\/\/kalogiros.gr\/sq\/wp-json\/wp\/v2\/media\/1554"}],"wp:attachment":[{"href":"https:\/\/kalogiros.gr\/sq\/wp-json\/wp\/v2\/media?parent=2189"}],"wp:term":[{"taxonomy":"product_brand","embeddable":true,"href":"https:\/\/kalogiros.gr\/sq\/wp-json\/wp\/v2\/product_brand?post=2189"},{"taxonomy":"product_cat","embeddable":true,"href":"https:\/\/kalogiros.gr\/sq\/wp-json\/wp\/v2\/product_cat?post=2189"},{"taxonomy":"product_tag","embeddable":true,"href":"https:\/\/kalogiros.gr\/sq\/wp-json\/wp\/v2\/product_tag?post=2189"}],"curies":[{"name":"wp","href":"https:\/\/api.w.org\/{rel}","templated":true}]}}