{"id":2208,"date":"2021-05-24T13:57:22","date_gmt":"2021-05-24T13:57:22","guid":{"rendered":"https:\/\/kalogiros.gr\/shop\/uncategorized\/af-sds-70\/"},"modified":"2025-03-28T17:51:27","modified_gmt":"2025-03-28T17:51:27","slug":"af-sds-70","status":"publish","type":"product","link":"https:\/\/kalogiros.gr\/sq\/shop\/tape\/tape-pvc-per-trate\/af-sds-70\/","title":{"rendered":"Drita 70"},"content":{"rendered":"","protected":false},"excerpt":{"rendered":"<table class=\" aligncenter\" width=\"100%\">\n<tbody>\n<tr>\n<td style=\"font-weight: 400;\" width=\"80%\"><strong>Lloji<\/strong><\/td>\n<td style=\"text-align: center;\" width=\"100\">70<\/td>\n<\/tr>\n<tr>\n<td style=\"font-weight: 400;\"><strong>Diametri<\/strong> * (p\u00ebraf\u00ebrsisht n\u00eb mm)<\/td>\n<td style=\"text-align: center;\" width=\"100\">68-71<\/td>\n<\/tr>\n<tr>\n<td style=\"font-weight: 400;\"><strong>Lart\u00ebsia<\/strong> * (p\u00ebraf\u00ebrsisht n\u00eb mm)<\/td>\n<td style=\"text-align: center;\" width=\"100\">57-59<\/td>\n<\/tr>\n<tr>\n<td style=\"font-weight: 400;\"><strong>Vrima<\/strong> * (p\u00ebraf\u00ebrsisht n\u00eb mm)<\/td>\n<td style=\"text-align: center;\" width=\"100\">13<\/td>\n<\/tr>\n<tr>\n<td style=\"font-weight: 400;\"><strong>Pesha<\/strong> *(gr\u00b110%)<\/td>\n<td style=\"text-align: center;\" width=\"100\">20<\/td>\n<\/tr>\n<tr>\n<td style=\"font-weight: 400;\"><strong>Imuniteti<\/strong> *(gr\u00b110%)<\/td>\n<td style=\"text-align: center;\" width=\"100\">170<\/td>\n<\/tr>\n<tr>\n<td style=\"font-weight: 400;\"><strong>Thell\u00ebsia<\/strong> *(m)<\/td>\n<td style=\"text-align: center;\" width=\"100\">60<\/td>\n<\/tr>\n<\/tbody>\n<\/table>\n","protected":false},"featured_media":1710,"template":"","meta":{"_sitemap_exclude":false,"_sitemap_priority":"","_sitemap_frequency":"","footnotes":""},"product_brand":[],"product_cat":[229,235],"product_tag":[],"class_list":{"0":"post-2208","1":"product","2":"type-product","3":"status-publish","4":"has-post-thumbnail","6":"product_cat-tape","7":"product_cat-tape-pvc-per-trate","9":"first","10":"instock","11":"taxable","12":"shipping-taxable","13":"purchasable","14":"product-type-simple"},"_links":{"self":[{"href":"https:\/\/kalogiros.gr\/sq\/wp-json\/wp\/v2\/product\/2208","targetHints":{"allow":["GET"]}}],"collection":[{"href":"https:\/\/kalogiros.gr\/sq\/wp-json\/wp\/v2\/product"}],"about":[{"href":"https:\/\/kalogiros.gr\/sq\/wp-json\/wp\/v2\/types\/product"}],"version-history":[{"count":1,"href":"https:\/\/kalogiros.gr\/sq\/wp-json\/wp\/v2\/product\/2208\/revisions"}],"predecessor-version":[{"id":9982,"href":"https:\/\/kalogiros.gr\/sq\/wp-json\/wp\/v2\/product\/2208\/revisions\/9982"}],"wp:featuredmedia":[{"embeddable":true,"href":"https:\/\/kalogiros.gr\/sq\/wp-json\/wp\/v2\/media\/1710"}],"wp:attachment":[{"href":"https:\/\/kalogiros.gr\/sq\/wp-json\/wp\/v2\/media?parent=2208"}],"wp:term":[{"taxonomy":"product_brand","embeddable":true,"href":"https:\/\/kalogiros.gr\/sq\/wp-json\/wp\/v2\/product_brand?post=2208"},{"taxonomy":"product_cat","embeddable":true,"href":"https:\/\/kalogiros.gr\/sq\/wp-json\/wp\/v2\/product_cat?post=2208"},{"taxonomy":"product_tag","embeddable":true,"href":"https:\/\/kalogiros.gr\/sq\/wp-json\/wp\/v2\/product_tag?post=2208"}],"curies":[{"name":"wp","href":"https:\/\/api.w.org\/{rel}","templated":true}]}}