{"id":2211,"date":"2021-05-24T13:43:25","date_gmt":"2021-05-24T13:43:25","guid":{"rendered":"https:\/\/kalogiros.gr\/shop\/uncategorized\/ef-3\/"},"modified":"2025-03-28T17:54:55","modified_gmt":"2025-03-28T17:54:55","slug":"ef-3","status":"publish","type":"product","link":"https:\/\/kalogiros.gr\/sq\/shop\/tape\/tape-eva-per-trate\/ef-3\/","title":{"rendered":"EF-3"},"content":{"rendered":"","protected":false},"excerpt":{"rendered":"<p>\u2713 Float Eva jan\u00eb prodhuar nga vinyl etilen. Acetate dhe jan\u00eb shum\u00eb t\u00eb njohura p\u00ebr \u00e7ant\u00eb dhe rrjet\u00eb.<br \/>\n\u2713 Notat Eva jan\u00eb t\u00eb shk\u00eblqyera n\u00eb operacionet e peshkimit. Kushtet ekstreme t\u00eb motit nuk d\u00ebmtojn\u00eb notat EVA. Ata jan\u00eb shum\u00eb fleksib\u00ebl n\u00eb p\u00ebrdorimin e funksionimit t\u00eb bllokut t\u00eb energjis\u00eb.<br \/>\n\u2713 Rezistenca n\u00eb t\u00ebrheqje e notave eva \u00ebsht\u00eb e shk\u00eblqyer n\u00eb m\u00ebnyr\u00eb q\u00eb ato t\u00eb mos thyhen, tkurren ose deformohen n\u00eb asnj\u00eb operacion peshkimi.<\/p>\n<table class=\" aligncenter\" width=\"100%\">\n<tbody>\n<tr>\n<td style=\"font-weight: 400;\" width=\"80%\"><strong>LLOJI<\/strong><\/td>\n<td style=\"text-align: center;\" width=\"100\">EF-3<\/td>\n<\/tr>\n<tr>\n<td style=\"font-weight: 400;\"><strong>LxODxHD (MM)<\/strong> *(specifikimi \u00b110%)<\/td>\n<td style=\"text-align: center;\" width=\"100\">105 x 72 x 20<\/td>\n<\/tr>\n<tr>\n<td style=\"font-weight: 400;\"><strong>WT(G)<\/strong> *(specifikimi \u00b110%)<\/td>\n<td style=\"text-align: center;\" width=\"100\">60<\/td>\n<\/tr>\n<tr>\n<td style=\"font-weight: 400;\"><strong>BUOYANCY(G)<\/strong> *(specifikim \u00b110%)<\/td>\n<td style=\"text-align: center;\" width=\"100\">315<\/td>\n<\/tr>\n<\/tbody>\n<\/table>\n","protected":false},"featured_media":1720,"template":"","meta":{"_sitemap_exclude":false,"_sitemap_priority":"","_sitemap_frequency":"","footnotes":""},"product_brand":[],"product_cat":[229,232],"product_tag":[],"class_list":{"0":"post-2211","1":"product","2":"type-product","3":"status-publish","4":"has-post-thumbnail","6":"product_cat-tape","7":"product_cat-tape-eva-per-trate","9":"first","10":"instock","11":"taxable","12":"shipping-taxable","13":"purchasable","14":"product-type-simple"},"_links":{"self":[{"href":"https:\/\/kalogiros.gr\/sq\/wp-json\/wp\/v2\/product\/2211","targetHints":{"allow":["GET"]}}],"collection":[{"href":"https:\/\/kalogiros.gr\/sq\/wp-json\/wp\/v2\/product"}],"about":[{"href":"https:\/\/kalogiros.gr\/sq\/wp-json\/wp\/v2\/types\/product"}],"version-history":[{"count":1,"href":"https:\/\/kalogiros.gr\/sq\/wp-json\/wp\/v2\/product\/2211\/revisions"}],"predecessor-version":[{"id":10171,"href":"https:\/\/kalogiros.gr\/sq\/wp-json\/wp\/v2\/product\/2211\/revisions\/10171"}],"wp:featuredmedia":[{"embeddable":true,"href":"https:\/\/kalogiros.gr\/sq\/wp-json\/wp\/v2\/media\/1720"}],"wp:attachment":[{"href":"https:\/\/kalogiros.gr\/sq\/wp-json\/wp\/v2\/media?parent=2211"}],"wp:term":[{"taxonomy":"product_brand","embeddable":true,"href":"https:\/\/kalogiros.gr\/sq\/wp-json\/wp\/v2\/product_brand?post=2211"},{"taxonomy":"product_cat","embeddable":true,"href":"https:\/\/kalogiros.gr\/sq\/wp-json\/wp\/v2\/product_cat?post=2211"},{"taxonomy":"product_tag","embeddable":true,"href":"https:\/\/kalogiros.gr\/sq\/wp-json\/wp\/v2\/product_tag?post=2211"}],"curies":[{"name":"wp","href":"https:\/\/api.w.org\/{rel}","templated":true}]}}