{"id":2236,"date":"2021-08-02T14:22:22","date_gmt":"2021-08-02T14:22:22","guid":{"rendered":"https:\/\/kalogiros.gr\/shop\/uncategorized\/pezevol-plastik\/"},"modified":"2025-03-28T17:52:43","modified_gmt":"2025-03-28T17:52:43","slug":"pezevol-plastik","status":"publish","type":"product","link":"https:\/\/kalogiros.gr\/sq\/shop\/sports-fishing-equipment\/pezevol\/pezevol-plastik\/","title":{"rendered":"Pezovolo Kristalizuar"},"content":{"rendered":"<p>Pezovolo e kristalizuar n\u00eb nj\u00eb gam\u00eb t\u00eb gjer\u00eb madh\u00ebsish!<\/p>\n","protected":false},"excerpt":{"rendered":"<p>Pezovolo e kristalizuar n\u00eb nj\u00eb gam\u00eb t\u00eb gjer\u00eb madh\u00ebsish!<\/p>\n","protected":false},"featured_media":1582,"template":"","meta":{"_sitemap_exclude":false,"_sitemap_priority":"","_sitemap_frequency":"","footnotes":""},"product_brand":[],"product_cat":[208,196],"product_tag":[],"class_list":{"0":"post-2236","1":"product","2":"type-product","3":"status-publish","4":"has-post-thumbnail","6":"product_cat-pezevol","7":"product_cat-sports-fishing-equipment","9":"first","10":"instock","11":"taxable","12":"shipping-taxable","13":"purchasable","14":"product-type-variable"},"_links":{"self":[{"href":"https:\/\/kalogiros.gr\/sq\/wp-json\/wp\/v2\/product\/2236","targetHints":{"allow":["GET"]}}],"collection":[{"href":"https:\/\/kalogiros.gr\/sq\/wp-json\/wp\/v2\/product"}],"about":[{"href":"https:\/\/kalogiros.gr\/sq\/wp-json\/wp\/v2\/types\/product"}],"version-history":[{"count":2,"href":"https:\/\/kalogiros.gr\/sq\/wp-json\/wp\/v2\/product\/2236\/revisions"}],"predecessor-version":[{"id":10043,"href":"https:\/\/kalogiros.gr\/sq\/wp-json\/wp\/v2\/product\/2236\/revisions\/10043"}],"wp:featuredmedia":[{"embeddable":true,"href":"https:\/\/kalogiros.gr\/sq\/wp-json\/wp\/v2\/media\/1582"}],"wp:attachment":[{"href":"https:\/\/kalogiros.gr\/sq\/wp-json\/wp\/v2\/media?parent=2236"}],"wp:term":[{"taxonomy":"product_brand","embeddable":true,"href":"https:\/\/kalogiros.gr\/sq\/wp-json\/wp\/v2\/product_brand?post=2236"},{"taxonomy":"product_cat","embeddable":true,"href":"https:\/\/kalogiros.gr\/sq\/wp-json\/wp\/v2\/product_cat?post=2236"},{"taxonomy":"product_tag","embeddable":true,"href":"https:\/\/kalogiros.gr\/sq\/wp-json\/wp\/v2\/product_tag?post=2236"}],"curies":[{"name":"wp","href":"https:\/\/api.w.org\/{rel}","templated":true}]}}